{"id":3240,"date":"2020-12-25T10:13:04","date_gmt":"2020-12-25T09:13:04","guid":{"rendered":"http:\/\/bestellen.il-melone.de\/versand__lieferung\/"},"modified":"2023-10-20T15:03:19","modified_gmt":"2023-10-20T13:03:19","slug":"versand__lieferung","status":"publish","type":"page","link":"https:\/\/lhs.sandbox.techblendhq.com\/en\/shipping__delivery\/","title":{"rendered":"Shipping &amp; delivery"},"content":{"rendered":"<div data-elementor-type=\"wp-page\" data-elementor-id=\"3240\" class=\"elementor elementor-3240\" data-elementor-post-type=\"page\">\n\t\t\t\t\t\t<section class=\"elementor-section elementor-top-section elementor-element elementor-element-194bfb5 elementor-section-boxed elementor-section-height-default elementor-section-height-default\" data-id=\"194bfb5\" data-element_type=\"section\">\n\t\t\t\t\t\t<div class=\"elementor-container elementor-column-gap-default\">\n\t\t\t\t\t<div class=\"elementor-column elementor-col-100 elementor-top-column elementor-element elementor-element-c8402a2\" data-id=\"c8402a2\" data-element_type=\"column\">\n\t\t\t<div class=\"elementor-widget-wrap elementor-element-populated\">\n\t\t\t\t\t\t<div class=\"elementor-element elementor-element-181208f elementor-widget elementor-widget-heading\" data-id=\"181208f\" data-element_type=\"widget\" data-widget_type=\"heading.default\">\n\t\t\t\t<div class=\"elementor-widget-container\">\n\t\t\t\t\t<h1 class=\"elementor-heading-title elementor-size-default\">Shipping &amp; delivery<\/h1>\t\t\t\t<\/div>\n\t\t\t\t<\/div>\n\t\t\t\t<div class=\"elementor-element elementor-element-adc770f elementor-widget elementor-widget-text-editor\" data-id=\"adc770f\" data-element_type=\"widget\" data-widget_type=\"text-editor.default\">\n\t\t\t\t<div class=\"elementor-widget-container\">\n\t\t\t\t\t\t\t\t\t<p><strong>Prices, shipping costs and delivery information<\/strong><\/p>\n<p>The prices stated on the product pages include VAT and other price components.<\/p>\n<p>We only deliver within the European Union, Norway and Switzerland.<\/p>\n<p><span style=\"font-weight: bolder; font-family: nunito, sans-serif;\">Shipping costs:<\/span><span style=\"font-family: nunito, sans-serif;\">&nbsp;In addition to the indicated prices we charge<\/span><\/p>\n<p><span style=\"font-family: nunito, sans-serif;\">- for delivery within Germany&nbsp;<\/span>flat rate of 6.99 euros per order.&nbsp;<\/p>\n<p>&#8211;&nbsp;<span style=\"font-family: nunito, sans-serif;\">for delivery within the European Union&nbsp;<\/span>flat rate of 16.00 euros per order.<\/p>\n<p>The shipping costs will be clearly communicated to you in the shopping basket system and on the order page.<\/p>\n<p>The flat-rate shipping fee includes statutory VAT. As the VAT on the flat-rate shipping fee is calculated depending on the goods purchased, it may be reduced if goods are purchased at lower VAT rates (e.g. when purchasing books). This means that the delivery charge can only be finalised during the ordering process. However, it cannot be increased, but only reduced in your favour.<\/p>\n<p>The shipping costs or delivery costs are clearly communicated to you again in the shopping basket system and on the order page.<\/p>\n<div>\n<p><strong>Delivery time: <\/strong>The delivery times are announced in the order process together with the products ordered.  If no other period is specified in the respective offer, the goods will be delivered in Germany within 2 - 3 working days after conclusion of the contract.<\/p>\n<\/div>\t\t\t\t\t\t\t\t<\/div>\n\t\t\t\t<\/div>\n\t\t\t\t\t<\/div>\n\t\t<\/div>\n\t\t\t\t\t<\/div>\n\t\t<\/section>\n\t\t\t\t<\/div>","protected":false},"excerpt":{"rendered":"<p>Versand &#038; Lieferung Preise, Versandkosten und Lieferinformationen Die auf den Produktseiten genannten Preise enthalten die gesetzliche Mehrwertsteuer und sonstige Preisbestandteile. Wir liefern nur innerhalb der europ\u00e4ischen Union, Norwegen und der Schweiz. Versandkosten:&nbsp;Zus\u00e4tzlich zu den angegebenen Preisen berechnen wir: &#8211; f\u00fcr die Lieferung innerhalb Deutschlands&nbsp;pauschal 6,99 Euro pro Bestellung.&nbsp; &#8211;&nbsp;f\u00fcr die Lieferung innerhalb der europ\u00e4ischen Union&nbsp;pauschal [&hellip;]<\/p>","protected":false},"author":5,"featured_media":0,"parent":0,"menu_order":0,"comment_status":"closed","ping_status":"closed","template":"","meta":{"footnotes":""},"class_list":["post-3240","page","type-page","status-publish","hentry"],"yoast_head":"<!-- This site is optimized with the Yoast SEO plugin v26.8 - https:\/\/yoast.com\/product\/yoast-seo-wordpress\/ -->\n<title>Versand &amp; Lieferung - Lucia\u00b4s Hairshop<\/title>\n<meta name=\"robots\" content=\"noindex, nofollow\" \/>\n<meta property=\"og:locale\" content=\"en_GB\" \/>\n<meta property=\"og:type\" content=\"article\" \/>\n<meta property=\"og:title\" content=\"Versand &amp; Lieferung - Lucia\u00b4s Hairshop\" \/>\n<meta property=\"og:description\" content=\"Versand &#038; Lieferung Preise, Versandkosten und Lieferinformationen Die auf den Produktseiten genannten Preise enthalten die gesetzliche Mehrwertsteuer und sonstige Preisbestandteile. Wir liefern nur innerhalb der europ\u00e4ischen Union, Norwegen und der Schweiz. Versandkosten:&nbsp;Zus\u00e4tzlich zu den angegebenen Preisen berechnen wir: &#8211; f\u00fcr die Lieferung innerhalb Deutschlands&nbsp;pauschal 6,99 Euro pro Bestellung.&nbsp; &#8211;&nbsp;f\u00fcr die Lieferung innerhalb der europ\u00e4ischen Union&nbsp;pauschal [&hellip;]\" \/>\n<meta property=\"og:url\" content=\"https:\/\/lhs.sandbox.techblendhq.com\/en\/shipping__delivery\/\" \/>\n<meta property=\"og:site_name\" content=\"Lucia\u00b4s Hairshop\" \/>\n<meta property=\"article:modified_time\" content=\"2023-10-20T13:03:19+00:00\" \/>\n<meta name=\"twitter:card\" content=\"summary_large_image\" \/>\n<meta name=\"twitter:label1\" content=\"Estimated reading time\" \/>\n\t<meta name=\"twitter:data1\" content=\"2 minutes\" \/>\n<script type=\"application\/ld+json\" class=\"yoast-schema-graph\">{\"@context\":\"https:\/\/schema.org\",\"@graph\":[{\"@type\":\"WebPage\",\"@id\":\"https:\/\/lhs.sandbox.techblendhq.com\/versand__lieferung\/\",\"url\":\"https:\/\/lhs.sandbox.techblendhq.com\/versand__lieferung\/\",\"name\":\"Versand & Lieferung - Lucia\u00b4s Hairshop\",\"isPartOf\":{\"@id\":\"https:\/\/lhs.sandbox.techblendhq.com\/#website\"},\"datePublished\":\"2020-12-25T09:13:04+00:00\",\"dateModified\":\"2023-10-20T13:03:19+00:00\",\"inLanguage\":\"en-GB\",\"potentialAction\":[{\"@type\":\"ReadAction\",\"target\":[\"https:\/\/lhs.sandbox.techblendhq.com\/versand__lieferung\/\"]}]},{\"@type\":\"WebSite\",\"@id\":\"https:\/\/lhs.sandbox.techblendhq.com\/#website\",\"url\":\"https:\/\/lhs.sandbox.techblendhq.com\/\",\"name\":\"Lucia\u00b4s Hairshop\",\"description\":\"professional products\",\"publisher\":{\"@id\":\"https:\/\/lhs.sandbox.techblendhq.com\/#organization\"},\"potentialAction\":[{\"@type\":\"SearchAction\",\"target\":{\"@type\":\"EntryPoint\",\"urlTemplate\":\"https:\/\/lhs.sandbox.techblendhq.com\/?s={search_term_string}\"},\"query-input\":{\"@type\":\"PropertyValueSpecification\",\"valueRequired\":true,\"valueName\":\"search_term_string\"}}],\"inLanguage\":\"en-GB\"},{\"@type\":\"Organization\",\"@id\":\"https:\/\/lhs.sandbox.techblendhq.com\/#organization\",\"name\":\"Lucia\u00b4s Hairshop\",\"url\":\"https:\/\/lhs.sandbox.techblendhq.com\/\",\"logo\":{\"@type\":\"ImageObject\",\"inLanguage\":\"en-GB\",\"@id\":\"https:\/\/lhs.sandbox.techblendhq.com\/#\/schema\/logo\/image\/\",\"url\":\"https:\/\/lhs.sandbox.techblendhq.com\/wp-content\/uploads\/2022\/09\/logo-lucias-hairshop.png\",\"contentUrl\":\"https:\/\/lhs.sandbox.techblendhq.com\/wp-content\/uploads\/2022\/09\/logo-lucias-hairshop.png\",\"width\":396,\"height\":125,\"caption\":\"Lucia\u00b4s Hairshop\"},\"image\":{\"@id\":\"https:\/\/lhs.sandbox.techblendhq.com\/#\/schema\/logo\/image\/\"}}]}<\/script>\n<!-- \/ Yoast SEO plugin. -->","yoast_head_json":{"title":"Shipping &amp; Delivery - Lucia's Hairshop","robots":{"index":"noindex","follow":"nofollow"},"og_locale":"en_GB","og_type":"article","og_title":"Versand & Lieferung - Lucia\u00b4s Hairshop","og_description":"Versand &#038; Lieferung Preise, Versandkosten und Lieferinformationen Die auf den Produktseiten genannten Preise enthalten die gesetzliche Mehrwertsteuer und sonstige Preisbestandteile. Wir liefern nur innerhalb der europ\u00e4ischen Union, Norwegen und der Schweiz. Versandkosten:&nbsp;Zus\u00e4tzlich zu den angegebenen Preisen berechnen wir: &#8211; f\u00fcr die Lieferung innerhalb Deutschlands&nbsp;pauschal 6,99 Euro pro Bestellung.&nbsp; &#8211;&nbsp;f\u00fcr die Lieferung innerhalb der europ\u00e4ischen Union&nbsp;pauschal [&hellip;]","og_url":"https:\/\/lhs.sandbox.techblendhq.com\/en\/shipping__delivery\/","og_site_name":"Lucia\u00b4s Hairshop","article_modified_time":"2023-10-20T13:03:19+00:00","twitter_card":"summary_large_image","twitter_misc":{"Estimated reading time":"2 minutes"},"schema":{"@context":"https:\/\/schema.org","@graph":[{"@type":"WebPage","@id":"https:\/\/lhs.sandbox.techblendhq.com\/versand__lieferung\/","url":"https:\/\/lhs.sandbox.techblendhq.com\/versand__lieferung\/","name":"Shipping &amp; Delivery - Lucia's Hairshop","isPartOf":{"@id":"https:\/\/lhs.sandbox.techblendhq.com\/#website"},"datePublished":"2020-12-25T09:13:04+00:00","dateModified":"2023-10-20T13:03:19+00:00","inLanguage":"en-GB","potentialAction":[{"@type":"ReadAction","target":["https:\/\/lhs.sandbox.techblendhq.com\/versand__lieferung\/"]}]},{"@type":"WebSite","@id":"https:\/\/lhs.sandbox.techblendhq.com\/#website","url":"https:\/\/lhs.sandbox.techblendhq.com\/","name":"Lucia's Hairshop","description":"professional products","publisher":{"@id":"https:\/\/lhs.sandbox.techblendhq.com\/#organization"},"potentialAction":[{"@type":"SearchAction","target":{"@type":"EntryPoint","urlTemplate":"https:\/\/lhs.sandbox.techblendhq.com\/?s={search_term_string}"},"query-input":{"@type":"PropertyValueSpecification","valueRequired":true,"valueName":"search_term_string"}}],"inLanguage":"en-GB"},{"@type":"Organization","@id":"https:\/\/lhs.sandbox.techblendhq.com\/#organization","name":"Lucia's Hairshop","url":"https:\/\/lhs.sandbox.techblendhq.com\/","logo":{"@type":"ImageObject","inLanguage":"en-GB","@id":"https:\/\/lhs.sandbox.techblendhq.com\/#\/schema\/logo\/image\/","url":"https:\/\/lhs.sandbox.techblendhq.com\/wp-content\/uploads\/2022\/09\/logo-lucias-hairshop.png","contentUrl":"https:\/\/lhs.sandbox.techblendhq.com\/wp-content\/uploads\/2022\/09\/logo-lucias-hairshop.png","width":396,"height":125,"caption":"Lucia\u00b4s Hairshop"},"image":{"@id":"https:\/\/lhs.sandbox.techblendhq.com\/#\/schema\/logo\/image\/"}}]}},"_links":{"self":[{"href":"https:\/\/lhs.sandbox.techblendhq.com\/en\/wp-json\/wp\/v2\/pages\/3240","targetHints":{"allow":["GET"]}}],"collection":[{"href":"https:\/\/lhs.sandbox.techblendhq.com\/en\/wp-json\/wp\/v2\/pages"}],"about":[{"href":"https:\/\/lhs.sandbox.techblendhq.com\/en\/wp-json\/wp\/v2\/types\/page"}],"author":[{"embeddable":true,"href":"https:\/\/lhs.sandbox.techblendhq.com\/en\/wp-json\/wp\/v2\/users\/5"}],"replies":[{"embeddable":true,"href":"https:\/\/lhs.sandbox.techblendhq.com\/en\/wp-json\/wp\/v2\/comments?post=3240"}],"version-history":[{"count":6,"href":"https:\/\/lhs.sandbox.techblendhq.com\/en\/wp-json\/wp\/v2\/pages\/3240\/revisions"}],"predecessor-version":[{"id":12161,"href":"https:\/\/lhs.sandbox.techblendhq.com\/en\/wp-json\/wp\/v2\/pages\/3240\/revisions\/12161"}],"wp:attachment":[{"href":"https:\/\/lhs.sandbox.techblendhq.com\/en\/wp-json\/wp\/v2\/media?parent=3240"}],"curies":[{"name":"wp","href":"https:\/\/api.w.org\/{rel}","templated":true}]}}