{"id":10654,"date":"2023-06-15T08:57:49","date_gmt":"2023-06-15T06:57:49","guid":{"rendered":"http:\/\/wordpress.p631247.webspaceconfig.de\/?post_type=product&#038;p=10654"},"modified":"2025-02-11T17:02:15","modified_gmt":"2025-02-11T16:02:15","slug":"lola-cosmetics-meu-cacho-minha-vida-jelly-gel","status":"publish","type":"product","link":"https:\/\/lhs.sandbox.techblendhq.com\/en\/product\/lola-cosmetics-meu-cacho-minha-vida-jelly-gel\/","title":{"rendered":"Ignis Gel"},"content":{"rendered":"<p>IGNIS Gel acts directly on the scalp and promotes healthy and strong hair growth. Its formula with caffeine stimulates blood circulation and energises the hair follicles, while ginseng extract and turmeric strengthen the hair structure and counteract thinning. Pumpkin seed oil and rosemary essential oil deeply nourish the hair and help restore hair strength, while aloe vera soothes and moisturises, keeping the scalp healthy and revitalised to promote new hair growth. It also contains apple stem cells that protect the hair from damage caused by oxidative stress.<\/p>\n<p>&nbsp;<\/p>\n<p>Application:<\/p>\n<p>Gel - Apply directly to the entire scalp. Leave on for 10 minutes and rinse thoroughly.<\/p>","protected":false},"excerpt":{"rendered":"<p>IGNIS Gel wirkt direkt auf der Kopfhaut und f\u00f6rdert ein gesundes und kr\u00e4ftiges Haarwachstum. Seine Formel mit Koffein regt die Blutzirkulation an und versorgt die Haarfollikel mit Energie, w\u00e4hrend Ginsengextrakt und Kurkuma die Haarstruktur st\u00e4rken und Ausd\u00fcnnung entgegenwirken. K\u00fcrbiskern\u00f6l und \u00e4therisches Rosmarin\u00f6l n\u00e4hren das Haar tiefgreifend und tragen zur Wiederherstellung der Haarkraft bei, w\u00e4hrend Aloe [&hellip;]<\/p>","protected":false},"featured_media":12522,"comment_status":"closed","ping_status":"closed","template":"","meta":[],"product_brand":[],"product_cat":[805,904,781,636],"product_tag":[],"class_list":{"0":"post-10654","1":"product","2":"type-product","3":"status-publish","4":"has-post-thumbnail","6":"product_cat-haarwachs-haargel-haarstyling","7":"product_cat-haarwachs-haargel-lola-cosmetics","8":"product_cat-purah-therapy","9":"product_cat-haarstyling","11":"first","12":"instock","13":"taxable","14":"shipping-taxable","15":"purchasable","16":"product-type-simple"},"yoast_head":"<!-- This site is optimized with the Yoast SEO plugin v26.8 - https:\/\/yoast.com\/product\/yoast-seo-wordpress\/ -->\n<title>Ignis Gel - Lucia\u00b4s Hairshop<\/title>\n<meta name=\"description\" content=\"Ignis Gel\" \/>\n<meta name=\"robots\" content=\"index, follow, max-snippet:-1, max-image-preview:large, max-video-preview:-1\" \/>\n<link rel=\"canonical\" href=\"https:\/\/lhs.sandbox.techblendhq.com\/en\/product\/lola-cosmetics-meu-cacho-minha-vida-jelly-gel\/\" \/>\n<meta property=\"og:locale\" content=\"en_GB\" \/>\n<meta property=\"og:type\" content=\"article\" \/>\n<meta property=\"og:title\" content=\"Ignis Gel - Lucia\u00b4s Hairshop\" \/>\n<meta property=\"og:description\" content=\"Ignis Gel\" \/>\n<meta property=\"og:url\" content=\"https:\/\/lhs.sandbox.techblendhq.com\/en\/product\/lola-cosmetics-meu-cacho-minha-vida-jelly-gel\/\" \/>\n<meta property=\"og:site_name\" content=\"Lucia\u00b4s Hairshop\" \/>\n<meta property=\"article:modified_time\" content=\"2025-02-11T16:02:15+00:00\" \/>\n<meta property=\"og:image\" content=\"https:\/\/lhs.sandbox.techblendhq.com\/wp-content\/uploads\/2023\/06\/ignis_gel.webp\" \/>\n\t<meta property=\"og:image:width\" content=\"1080\" \/>\n\t<meta property=\"og:image:height\" content=\"1350\" \/>\n\t<meta property=\"og:image:type\" content=\"image\/webp\" \/>\n<meta name=\"twitter:card\" content=\"summary_large_image\" \/>\n<meta name=\"twitter:label1\" content=\"Estimated reading time\" \/>\n\t<meta name=\"twitter:data1\" content=\"1 minute\" \/>\n<script type=\"application\/ld+json\" class=\"yoast-schema-graph\">{\"@context\":\"https:\/\/schema.org\",\"@graph\":[{\"@type\":\"WebPage\",\"@id\":\"https:\/\/lhs.sandbox.techblendhq.com\/produkt\/lola-cosmetics-meu-cacho-minha-vida-jelly-gel\/\",\"url\":\"https:\/\/lhs.sandbox.techblendhq.com\/produkt\/lola-cosmetics-meu-cacho-minha-vida-jelly-gel\/\",\"name\":\"Ignis Gel - Lucia\u00b4s Hairshop\",\"isPartOf\":{\"@id\":\"https:\/\/lhs.sandbox.techblendhq.com\/#website\"},\"primaryImageOfPage\":{\"@id\":\"https:\/\/lhs.sandbox.techblendhq.com\/produkt\/lola-cosmetics-meu-cacho-minha-vida-jelly-gel\/#primaryimage\"},\"image\":{\"@id\":\"https:\/\/lhs.sandbox.techblendhq.com\/produkt\/lola-cosmetics-meu-cacho-minha-vida-jelly-gel\/#primaryimage\"},\"thumbnailUrl\":\"https:\/\/lhs.sandbox.techblendhq.com\/wp-content\/uploads\/2023\/06\/ignis_gel.webp\",\"datePublished\":\"2023-06-15T06:57:49+00:00\",\"dateModified\":\"2025-02-11T16:02:15+00:00\",\"description\":\"Ignis Gel\",\"breadcrumb\":{\"@id\":\"https:\/\/lhs.sandbox.techblendhq.com\/produkt\/lola-cosmetics-meu-cacho-minha-vida-jelly-gel\/#breadcrumb\"},\"inLanguage\":\"en-GB\",\"potentialAction\":[{\"@type\":\"ReadAction\",\"target\":[\"https:\/\/lhs.sandbox.techblendhq.com\/produkt\/lola-cosmetics-meu-cacho-minha-vida-jelly-gel\/\"]}]},{\"@type\":\"ImageObject\",\"inLanguage\":\"en-GB\",\"@id\":\"https:\/\/lhs.sandbox.techblendhq.com\/produkt\/lola-cosmetics-meu-cacho-minha-vida-jelly-gel\/#primaryimage\",\"url\":\"https:\/\/lhs.sandbox.techblendhq.com\/wp-content\/uploads\/2023\/06\/ignis_gel.webp\",\"contentUrl\":\"https:\/\/lhs.sandbox.techblendhq.com\/wp-content\/uploads\/2023\/06\/ignis_gel.webp\",\"width\":1080,\"height\":1350},{\"@type\":\"BreadcrumbList\",\"@id\":\"https:\/\/lhs.sandbox.techblendhq.com\/produkt\/lola-cosmetics-meu-cacho-minha-vida-jelly-gel\/#breadcrumb\",\"itemListElement\":[{\"@type\":\"ListItem\",\"position\":1,\"name\":\"Shop\",\"item\":\"https:\/\/lhs.sandbox.techblendhq.com\/\"},{\"@type\":\"ListItem\",\"position\":2,\"name\":\"Marken\",\"item\":\"https:\/\/lhs.sandbox.techblendhq.com\/produkt-kategorie\/marke\/\"},{\"@type\":\"ListItem\",\"position\":3,\"name\":\"Purah Therapy\",\"item\":\"https:\/\/lhs.sandbox.techblendhq.com\/produkt-kategorie\/marke\/purah-therapy\/\"},{\"@type\":\"ListItem\",\"position\":4,\"name\":\"Ignis Gel\"}]},{\"@type\":\"WebSite\",\"@id\":\"https:\/\/lhs.sandbox.techblendhq.com\/#website\",\"url\":\"https:\/\/lhs.sandbox.techblendhq.com\/\",\"name\":\"Lucia\u00b4s Hairshop\",\"description\":\"professional products\",\"publisher\":{\"@id\":\"https:\/\/lhs.sandbox.techblendhq.com\/#organization\"},\"potentialAction\":[{\"@type\":\"SearchAction\",\"target\":{\"@type\":\"EntryPoint\",\"urlTemplate\":\"https:\/\/lhs.sandbox.techblendhq.com\/?s={search_term_string}\"},\"query-input\":{\"@type\":\"PropertyValueSpecification\",\"valueRequired\":true,\"valueName\":\"search_term_string\"}}],\"inLanguage\":\"en-GB\"},{\"@type\":\"Organization\",\"@id\":\"https:\/\/lhs.sandbox.techblendhq.com\/#organization\",\"name\":\"Lucia\u00b4s Hairshop\",\"url\":\"https:\/\/lhs.sandbox.techblendhq.com\/\",\"logo\":{\"@type\":\"ImageObject\",\"inLanguage\":\"en-GB\",\"@id\":\"https:\/\/lhs.sandbox.techblendhq.com\/#\/schema\/logo\/image\/\",\"url\":\"https:\/\/lhs.sandbox.techblendhq.com\/wp-content\/uploads\/2022\/09\/logo-lucias-hairshop.png\",\"contentUrl\":\"https:\/\/lhs.sandbox.techblendhq.com\/wp-content\/uploads\/2022\/09\/logo-lucias-hairshop.png\",\"width\":396,\"height\":125,\"caption\":\"Lucia\u00b4s Hairshop\"},\"image\":{\"@id\":\"https:\/\/lhs.sandbox.techblendhq.com\/#\/schema\/logo\/image\/\"}}]}<\/script>\n<!-- \/ Yoast SEO plugin. -->","yoast_head_json":{"title":"Ignis Gel - Lucia's Hairshop","description":"Ignis Gel","robots":{"index":"index","follow":"follow","max-snippet":"max-snippet:-1","max-image-preview":"max-image-preview:large","max-video-preview":"max-video-preview:-1"},"canonical":"https:\/\/lhs.sandbox.techblendhq.com\/en\/product\/lola-cosmetics-meu-cacho-minha-vida-jelly-gel\/","og_locale":"en_GB","og_type":"article","og_title":"Ignis Gel - Lucia\u00b4s Hairshop","og_description":"Ignis Gel","og_url":"https:\/\/lhs.sandbox.techblendhq.com\/en\/product\/lola-cosmetics-meu-cacho-minha-vida-jelly-gel\/","og_site_name":"Lucia\u00b4s Hairshop","article_modified_time":"2025-02-11T16:02:15+00:00","og_image":[{"width":1080,"height":1350,"url":"https:\/\/lhs.sandbox.techblendhq.com\/wp-content\/uploads\/2023\/06\/ignis_gel.webp","type":"image\/webp"}],"twitter_card":"summary_large_image","twitter_misc":{"Estimated reading time":"1 minute"},"schema":{"@context":"https:\/\/schema.org","@graph":[{"@type":"WebPage","@id":"https:\/\/lhs.sandbox.techblendhq.com\/produkt\/lola-cosmetics-meu-cacho-minha-vida-jelly-gel\/","url":"https:\/\/lhs.sandbox.techblendhq.com\/produkt\/lola-cosmetics-meu-cacho-minha-vida-jelly-gel\/","name":"Ignis Gel - Lucia's Hairshop","isPartOf":{"@id":"https:\/\/lhs.sandbox.techblendhq.com\/#website"},"primaryImageOfPage":{"@id":"https:\/\/lhs.sandbox.techblendhq.com\/produkt\/lola-cosmetics-meu-cacho-minha-vida-jelly-gel\/#primaryimage"},"image":{"@id":"https:\/\/lhs.sandbox.techblendhq.com\/produkt\/lola-cosmetics-meu-cacho-minha-vida-jelly-gel\/#primaryimage"},"thumbnailUrl":"https:\/\/lhs.sandbox.techblendhq.com\/wp-content\/uploads\/2023\/06\/ignis_gel.webp","datePublished":"2023-06-15T06:57:49+00:00","dateModified":"2025-02-11T16:02:15+00:00","description":"Ignis Gel","breadcrumb":{"@id":"https:\/\/lhs.sandbox.techblendhq.com\/produkt\/lola-cosmetics-meu-cacho-minha-vida-jelly-gel\/#breadcrumb"},"inLanguage":"en-GB","potentialAction":[{"@type":"ReadAction","target":["https:\/\/lhs.sandbox.techblendhq.com\/produkt\/lola-cosmetics-meu-cacho-minha-vida-jelly-gel\/"]}]},{"@type":"ImageObject","inLanguage":"en-GB","@id":"https:\/\/lhs.sandbox.techblendhq.com\/produkt\/lola-cosmetics-meu-cacho-minha-vida-jelly-gel\/#primaryimage","url":"https:\/\/lhs.sandbox.techblendhq.com\/wp-content\/uploads\/2023\/06\/ignis_gel.webp","contentUrl":"https:\/\/lhs.sandbox.techblendhq.com\/wp-content\/uploads\/2023\/06\/ignis_gel.webp","width":1080,"height":1350},{"@type":"BreadcrumbList","@id":"https:\/\/lhs.sandbox.techblendhq.com\/produkt\/lola-cosmetics-meu-cacho-minha-vida-jelly-gel\/#breadcrumb","itemListElement":[{"@type":"ListItem","position":1,"name":"Shop","item":"https:\/\/lhs.sandbox.techblendhq.com\/"},{"@type":"ListItem","position":2,"name":"Marken","item":"https:\/\/lhs.sandbox.techblendhq.com\/produkt-kategorie\/marke\/"},{"@type":"ListItem","position":3,"name":"Purah Therapy","item":"https:\/\/lhs.sandbox.techblendhq.com\/produkt-kategorie\/marke\/purah-therapy\/"},{"@type":"ListItem","position":4,"name":"Ignis Gel"}]},{"@type":"WebSite","@id":"https:\/\/lhs.sandbox.techblendhq.com\/#website","url":"https:\/\/lhs.sandbox.techblendhq.com\/","name":"Lucia's Hairshop","description":"professional products","publisher":{"@id":"https:\/\/lhs.sandbox.techblendhq.com\/#organization"},"potentialAction":[{"@type":"SearchAction","target":{"@type":"EntryPoint","urlTemplate":"https:\/\/lhs.sandbox.techblendhq.com\/?s={search_term_string}"},"query-input":{"@type":"PropertyValueSpecification","valueRequired":true,"valueName":"search_term_string"}}],"inLanguage":"en-GB"},{"@type":"Organization","@id":"https:\/\/lhs.sandbox.techblendhq.com\/#organization","name":"Lucia's Hairshop","url":"https:\/\/lhs.sandbox.techblendhq.com\/","logo":{"@type":"ImageObject","inLanguage":"en-GB","@id":"https:\/\/lhs.sandbox.techblendhq.com\/#\/schema\/logo\/image\/","url":"https:\/\/lhs.sandbox.techblendhq.com\/wp-content\/uploads\/2022\/09\/logo-lucias-hairshop.png","contentUrl":"https:\/\/lhs.sandbox.techblendhq.com\/wp-content\/uploads\/2022\/09\/logo-lucias-hairshop.png","width":396,"height":125,"caption":"Lucia\u00b4s Hairshop"},"image":{"@id":"https:\/\/lhs.sandbox.techblendhq.com\/#\/schema\/logo\/image\/"}}]}},"_links":{"self":[{"href":"https:\/\/lhs.sandbox.techblendhq.com\/en\/wp-json\/wp\/v2\/product\/10654","targetHints":{"allow":["GET"]}}],"collection":[{"href":"https:\/\/lhs.sandbox.techblendhq.com\/en\/wp-json\/wp\/v2\/product"}],"about":[{"href":"https:\/\/lhs.sandbox.techblendhq.com\/en\/wp-json\/wp\/v2\/types\/product"}],"replies":[{"embeddable":true,"href":"https:\/\/lhs.sandbox.techblendhq.com\/en\/wp-json\/wp\/v2\/comments?post=10654"}],"version-history":[{"count":3,"href":"https:\/\/lhs.sandbox.techblendhq.com\/en\/wp-json\/wp\/v2\/product\/10654\/revisions"}],"predecessor-version":[{"id":12524,"href":"https:\/\/lhs.sandbox.techblendhq.com\/en\/wp-json\/wp\/v2\/product\/10654\/revisions\/12524"}],"wp:featuredmedia":[{"embeddable":true,"href":"https:\/\/lhs.sandbox.techblendhq.com\/en\/wp-json\/wp\/v2\/media\/12522"}],"wp:attachment":[{"href":"https:\/\/lhs.sandbox.techblendhq.com\/en\/wp-json\/wp\/v2\/media?parent=10654"}],"wp:term":[{"taxonomy":"product_brand","embeddable":true,"href":"https:\/\/lhs.sandbox.techblendhq.com\/en\/wp-json\/wp\/v2\/product_brand?post=10654"},{"taxonomy":"product_cat","embeddable":true,"href":"https:\/\/lhs.sandbox.techblendhq.com\/en\/wp-json\/wp\/v2\/product_cat?post=10654"},{"taxonomy":"product_tag","embeddable":true,"href":"https:\/\/lhs.sandbox.techblendhq.com\/en\/wp-json\/wp\/v2\/product_tag?post=10654"}],"curies":[{"name":"wp","href":"https:\/\/api.w.org\/{rel}","templated":true}]}}