{"id":10704,"date":"2023-06-15T08:57:45","date_gmt":"2023-06-15T06:57:45","guid":{"rendered":"http:\/\/wordpress.p631247.webspaceconfig.de\/?post_type=product&#038;p=10704"},"modified":"2025-11-18T08:49:45","modified_gmt":"2025-11-18T07:49:45","slug":"lola-cosmetics-dream-cream-maske","status":"publish","type":"product","link":"https:\/\/lhs.sandbox.techblendhq.com\/en\/product\/lola-cosmetics-dream-cream-mask\/","title":{"rendered":"Ignis mask"},"content":{"rendered":"<p>IGNIS Mask repairs and strengthens fragile, damaged and brittle hair. It has the power to restore the protective lipid layer of the cuticle, resulting in healthier, more manageable and less porous hair. The combination of castor, jojoba, macadamia and grapeseed oils intensively nourish the hair, while Filcortex VEG and 18MEA act directly on the cuticle and cortex, restoring the hair's inner structure and preventing breakage and other future damage. The result is visibly stronger, more voluminous and protected hair.<\/p>\n<p>Application:<\/p>\n<p>Mask - Apply to damp hair after thorough disinfection. Leave on for 10 minutes and rinse thoroughly.<\/p>","protected":false},"excerpt":{"rendered":"<p>Die IGNIS Maske repariert und st\u00e4rkt br\u00fcchiges, gesch\u00e4digtes und spr\u00f6des Haar. Sie hat die Kraft, die sch\u00fctzende Lipidschicht der Cuticula wiederherzustellen, was zu einem ges\u00fcnderen, besser k\u00e4mmbaren und weniger por\u00f6sen Haar f\u00fchrt. Die Kombination aus Rizinus-, Jojoba-, Macadamia- und Traubenkern\u00f6l n\u00e4hrt das Haar intensiv, w\u00e4hrend Filcortex VEG und 18MEA direkt auf die Schuppenschicht und den [&hellip;]<\/p>","protected":false},"featured_media":12525,"comment_status":"closed","ping_status":"closed","template":"","meta":[],"product_brand":[],"product_cat":[807,813,781,641],"product_tag":[],"class_list":{"0":"post-10704","1":"product","2":"type-product","3":"status-publish","4":"has-post-thumbnail","6":"product_cat-haarmaske-und-conditioner","7":"product_cat-haarmaske-und-conditioner-lola-cosmetics","8":"product_cat-purah-therapy","9":"product_cat-haarpflege","11":"first","12":"instock","13":"taxable","14":"shipping-taxable","15":"purchasable","16":"product-type-simple"},"yoast_head":"<!-- This site is optimized with the Yoast SEO plugin v26.8 - https:\/\/yoast.com\/product\/yoast-seo-wordpress\/ -->\n<title>Ignis Maske - Lucia\u00b4s Hairshop<\/title>\n<meta name=\"description\" content=\"Ignis Maske\" \/>\n<meta name=\"robots\" content=\"index, follow, max-snippet:-1, max-image-preview:large, max-video-preview:-1\" \/>\n<link rel=\"canonical\" href=\"https:\/\/lhs.sandbox.techblendhq.com\/en\/product\/lola-cosmetics-dream-cream-mask\/\" \/>\n<meta property=\"og:locale\" content=\"en_GB\" \/>\n<meta property=\"og:type\" content=\"article\" \/>\n<meta property=\"og:title\" content=\"Ignis Maske - Lucia\u00b4s Hairshop\" \/>\n<meta property=\"og:description\" content=\"Ignis Maske\" \/>\n<meta property=\"og:url\" content=\"https:\/\/lhs.sandbox.techblendhq.com\/en\/product\/lola-cosmetics-dream-cream-mask\/\" \/>\n<meta property=\"og:site_name\" content=\"Lucia\u00b4s Hairshop\" \/>\n<meta property=\"article:modified_time\" content=\"2025-11-18T07:49:45+00:00\" \/>\n<meta property=\"og:image\" content=\"https:\/\/lhs.sandbox.techblendhq.com\/wp-content\/uploads\/2023\/06\/ignis_mascara.webp\" \/>\n\t<meta property=\"og:image:width\" content=\"1080\" \/>\n\t<meta property=\"og:image:height\" content=\"1350\" \/>\n\t<meta property=\"og:image:type\" content=\"image\/webp\" \/>\n<meta name=\"twitter:card\" content=\"summary_large_image\" \/>\n<meta name=\"twitter:label1\" content=\"Estimated reading time\" \/>\n\t<meta name=\"twitter:data1\" content=\"1 minute\" \/>\n<script type=\"application\/ld+json\" class=\"yoast-schema-graph\">{\"@context\":\"https:\/\/schema.org\",\"@graph\":[{\"@type\":\"WebPage\",\"@id\":\"https:\/\/lhs.sandbox.techblendhq.com\/produkt\/lola-cosmetics-dream-cream-maske\/\",\"url\":\"https:\/\/lhs.sandbox.techblendhq.com\/produkt\/lola-cosmetics-dream-cream-maske\/\",\"name\":\"Ignis Maske - Lucia\u00b4s Hairshop\",\"isPartOf\":{\"@id\":\"https:\/\/lhs.sandbox.techblendhq.com\/#website\"},\"primaryImageOfPage\":{\"@id\":\"https:\/\/lhs.sandbox.techblendhq.com\/produkt\/lola-cosmetics-dream-cream-maske\/#primaryimage\"},\"image\":{\"@id\":\"https:\/\/lhs.sandbox.techblendhq.com\/produkt\/lola-cosmetics-dream-cream-maske\/#primaryimage\"},\"thumbnailUrl\":\"https:\/\/lhs.sandbox.techblendhq.com\/wp-content\/uploads\/2023\/06\/ignis_mascara.webp\",\"datePublished\":\"2023-06-15T06:57:45+00:00\",\"dateModified\":\"2025-11-18T07:49:45+00:00\",\"description\":\"Ignis Maske\",\"breadcrumb\":{\"@id\":\"https:\/\/lhs.sandbox.techblendhq.com\/produkt\/lola-cosmetics-dream-cream-maske\/#breadcrumb\"},\"inLanguage\":\"en-GB\",\"potentialAction\":[{\"@type\":\"ReadAction\",\"target\":[\"https:\/\/lhs.sandbox.techblendhq.com\/produkt\/lola-cosmetics-dream-cream-maske\/\"]}]},{\"@type\":\"ImageObject\",\"inLanguage\":\"en-GB\",\"@id\":\"https:\/\/lhs.sandbox.techblendhq.com\/produkt\/lola-cosmetics-dream-cream-maske\/#primaryimage\",\"url\":\"https:\/\/lhs.sandbox.techblendhq.com\/wp-content\/uploads\/2023\/06\/ignis_mascara.webp\",\"contentUrl\":\"https:\/\/lhs.sandbox.techblendhq.com\/wp-content\/uploads\/2023\/06\/ignis_mascara.webp\",\"width\":1080,\"height\":1350},{\"@type\":\"BreadcrumbList\",\"@id\":\"https:\/\/lhs.sandbox.techblendhq.com\/produkt\/lola-cosmetics-dream-cream-maske\/#breadcrumb\",\"itemListElement\":[{\"@type\":\"ListItem\",\"position\":1,\"name\":\"Shop\",\"item\":\"https:\/\/lhs.sandbox.techblendhq.com\/\"},{\"@type\":\"ListItem\",\"position\":2,\"name\":\"Marken\",\"item\":\"https:\/\/lhs.sandbox.techblendhq.com\/produkt-kategorie\/marke\/\"},{\"@type\":\"ListItem\",\"position\":3,\"name\":\"Purah Therapy\",\"item\":\"https:\/\/lhs.sandbox.techblendhq.com\/produkt-kategorie\/marke\/purah-therapy\/\"},{\"@type\":\"ListItem\",\"position\":4,\"name\":\"Ignis Maske\"}]},{\"@type\":\"WebSite\",\"@id\":\"https:\/\/lhs.sandbox.techblendhq.com\/#website\",\"url\":\"https:\/\/lhs.sandbox.techblendhq.com\/\",\"name\":\"Lucia\u00b4s Hairshop\",\"description\":\"professional products\",\"publisher\":{\"@id\":\"https:\/\/lhs.sandbox.techblendhq.com\/#organization\"},\"potentialAction\":[{\"@type\":\"SearchAction\",\"target\":{\"@type\":\"EntryPoint\",\"urlTemplate\":\"https:\/\/lhs.sandbox.techblendhq.com\/?s={search_term_string}\"},\"query-input\":{\"@type\":\"PropertyValueSpecification\",\"valueRequired\":true,\"valueName\":\"search_term_string\"}}],\"inLanguage\":\"en-GB\"},{\"@type\":\"Organization\",\"@id\":\"https:\/\/lhs.sandbox.techblendhq.com\/#organization\",\"name\":\"Lucia\u00b4s Hairshop\",\"url\":\"https:\/\/lhs.sandbox.techblendhq.com\/\",\"logo\":{\"@type\":\"ImageObject\",\"inLanguage\":\"en-GB\",\"@id\":\"https:\/\/lhs.sandbox.techblendhq.com\/#\/schema\/logo\/image\/\",\"url\":\"https:\/\/lhs.sandbox.techblendhq.com\/wp-content\/uploads\/2022\/09\/logo-lucias-hairshop.png\",\"contentUrl\":\"https:\/\/lhs.sandbox.techblendhq.com\/wp-content\/uploads\/2022\/09\/logo-lucias-hairshop.png\",\"width\":396,\"height\":125,\"caption\":\"Lucia\u00b4s Hairshop\"},\"image\":{\"@id\":\"https:\/\/lhs.sandbox.techblendhq.com\/#\/schema\/logo\/image\/\"}}]}<\/script>\n<!-- \/ Yoast SEO plugin. -->","yoast_head_json":{"title":"Ignis mask - Lucia's Hairshop","description":"Ignis mask","robots":{"index":"index","follow":"follow","max-snippet":"max-snippet:-1","max-image-preview":"max-image-preview:large","max-video-preview":"max-video-preview:-1"},"canonical":"https:\/\/lhs.sandbox.techblendhq.com\/en\/product\/lola-cosmetics-dream-cream-mask\/","og_locale":"en_GB","og_type":"article","og_title":"Ignis Maske - Lucia\u00b4s Hairshop","og_description":"Ignis Maske","og_url":"https:\/\/lhs.sandbox.techblendhq.com\/en\/product\/lola-cosmetics-dream-cream-mask\/","og_site_name":"Lucia\u00b4s Hairshop","article_modified_time":"2025-11-18T07:49:45+00:00","og_image":[{"width":1080,"height":1350,"url":"https:\/\/lhs.sandbox.techblendhq.com\/wp-content\/uploads\/2023\/06\/ignis_mascara.webp","type":"image\/webp"}],"twitter_card":"summary_large_image","twitter_misc":{"Estimated reading time":"1 minute"},"schema":{"@context":"https:\/\/schema.org","@graph":[{"@type":"WebPage","@id":"https:\/\/lhs.sandbox.techblendhq.com\/produkt\/lola-cosmetics-dream-cream-maske\/","url":"https:\/\/lhs.sandbox.techblendhq.com\/produkt\/lola-cosmetics-dream-cream-maske\/","name":"Ignis mask - Lucia's Hairshop","isPartOf":{"@id":"https:\/\/lhs.sandbox.techblendhq.com\/#website"},"primaryImageOfPage":{"@id":"https:\/\/lhs.sandbox.techblendhq.com\/produkt\/lola-cosmetics-dream-cream-maske\/#primaryimage"},"image":{"@id":"https:\/\/lhs.sandbox.techblendhq.com\/produkt\/lola-cosmetics-dream-cream-maske\/#primaryimage"},"thumbnailUrl":"https:\/\/lhs.sandbox.techblendhq.com\/wp-content\/uploads\/2023\/06\/ignis_mascara.webp","datePublished":"2023-06-15T06:57:45+00:00","dateModified":"2025-11-18T07:49:45+00:00","description":"Ignis mask","breadcrumb":{"@id":"https:\/\/lhs.sandbox.techblendhq.com\/produkt\/lola-cosmetics-dream-cream-maske\/#breadcrumb"},"inLanguage":"en-GB","potentialAction":[{"@type":"ReadAction","target":["https:\/\/lhs.sandbox.techblendhq.com\/produkt\/lola-cosmetics-dream-cream-maske\/"]}]},{"@type":"ImageObject","inLanguage":"en-GB","@id":"https:\/\/lhs.sandbox.techblendhq.com\/produkt\/lola-cosmetics-dream-cream-maske\/#primaryimage","url":"https:\/\/lhs.sandbox.techblendhq.com\/wp-content\/uploads\/2023\/06\/ignis_mascara.webp","contentUrl":"https:\/\/lhs.sandbox.techblendhq.com\/wp-content\/uploads\/2023\/06\/ignis_mascara.webp","width":1080,"height":1350},{"@type":"BreadcrumbList","@id":"https:\/\/lhs.sandbox.techblendhq.com\/produkt\/lola-cosmetics-dream-cream-maske\/#breadcrumb","itemListElement":[{"@type":"ListItem","position":1,"name":"Shop","item":"https:\/\/lhs.sandbox.techblendhq.com\/"},{"@type":"ListItem","position":2,"name":"Marken","item":"https:\/\/lhs.sandbox.techblendhq.com\/produkt-kategorie\/marke\/"},{"@type":"ListItem","position":3,"name":"Purah Therapy","item":"https:\/\/lhs.sandbox.techblendhq.com\/produkt-kategorie\/marke\/purah-therapy\/"},{"@type":"ListItem","position":4,"name":"Ignis Maske"}]},{"@type":"WebSite","@id":"https:\/\/lhs.sandbox.techblendhq.com\/#website","url":"https:\/\/lhs.sandbox.techblendhq.com\/","name":"Lucia's Hairshop","description":"professional products","publisher":{"@id":"https:\/\/lhs.sandbox.techblendhq.com\/#organization"},"potentialAction":[{"@type":"SearchAction","target":{"@type":"EntryPoint","urlTemplate":"https:\/\/lhs.sandbox.techblendhq.com\/?s={search_term_string}"},"query-input":{"@type":"PropertyValueSpecification","valueRequired":true,"valueName":"search_term_string"}}],"inLanguage":"en-GB"},{"@type":"Organization","@id":"https:\/\/lhs.sandbox.techblendhq.com\/#organization","name":"Lucia's Hairshop","url":"https:\/\/lhs.sandbox.techblendhq.com\/","logo":{"@type":"ImageObject","inLanguage":"en-GB","@id":"https:\/\/lhs.sandbox.techblendhq.com\/#\/schema\/logo\/image\/","url":"https:\/\/lhs.sandbox.techblendhq.com\/wp-content\/uploads\/2022\/09\/logo-lucias-hairshop.png","contentUrl":"https:\/\/lhs.sandbox.techblendhq.com\/wp-content\/uploads\/2022\/09\/logo-lucias-hairshop.png","width":396,"height":125,"caption":"Lucia\u00b4s Hairshop"},"image":{"@id":"https:\/\/lhs.sandbox.techblendhq.com\/#\/schema\/logo\/image\/"}}]}},"_links":{"self":[{"href":"https:\/\/lhs.sandbox.techblendhq.com\/en\/wp-json\/wp\/v2\/product\/10704","targetHints":{"allow":["GET"]}}],"collection":[{"href":"https:\/\/lhs.sandbox.techblendhq.com\/en\/wp-json\/wp\/v2\/product"}],"about":[{"href":"https:\/\/lhs.sandbox.techblendhq.com\/en\/wp-json\/wp\/v2\/types\/product"}],"replies":[{"embeddable":true,"href":"https:\/\/lhs.sandbox.techblendhq.com\/en\/wp-json\/wp\/v2\/comments?post=10704"}],"version-history":[{"count":4,"href":"https:\/\/lhs.sandbox.techblendhq.com\/en\/wp-json\/wp\/v2\/product\/10704\/revisions"}],"predecessor-version":[{"id":12527,"href":"https:\/\/lhs.sandbox.techblendhq.com\/en\/wp-json\/wp\/v2\/product\/10704\/revisions\/12527"}],"wp:featuredmedia":[{"embeddable":true,"href":"https:\/\/lhs.sandbox.techblendhq.com\/en\/wp-json\/wp\/v2\/media\/12525"}],"wp:attachment":[{"href":"https:\/\/lhs.sandbox.techblendhq.com\/en\/wp-json\/wp\/v2\/media?parent=10704"}],"wp:term":[{"taxonomy":"product_brand","embeddable":true,"href":"https:\/\/lhs.sandbox.techblendhq.com\/en\/wp-json\/wp\/v2\/product_brand?post=10704"},{"taxonomy":"product_cat","embeddable":true,"href":"https:\/\/lhs.sandbox.techblendhq.com\/en\/wp-json\/wp\/v2\/product_cat?post=10704"},{"taxonomy":"product_tag","embeddable":true,"href":"https:\/\/lhs.sandbox.techblendhq.com\/en\/wp-json\/wp\/v2\/product_tag?post=10704"}],"curies":[{"name":"wp","href":"https:\/\/api.w.org\/{rel}","templated":true}]}}