{"id":10746,"date":"2023-06-29T22:55:41","date_gmt":"2023-06-29T20:55:41","guid":{"rendered":"http:\/\/wordpress.p631247.webspaceconfig.de\/?post_type=product&#038;p=10746"},"modified":"2025-02-11T16:53:09","modified_gmt":"2025-02-11T15:53:09","slug":"lola-cosmetics-pflegendes-shampoo","status":"publish","type":"product","link":"https:\/\/lhs.sandbox.techblendhq.com\/en\/product\/lola-cosmetics-nourishing-shampoo\/","title":{"rendered":"Breezy Shampoo"},"content":{"rendered":"<p>With its refreshing and lightweight formula, BREEZY Shampoo effectively removes accumulated impurities such as pollution, product residue and excessive oiliness without damaging the hair. This shampoo contains panthenol, which gently moisturises and maintains the vitality of the hair, green tea extract, which acts as an antioxidant and protects the hair, and melaleuca and eucalyptus essential oils, which purify and restore balance, helping to keep the scalp healthy and free of toxins. It has a very refreshing feel.<\/p>\n<p>Application:<\/p>\n<p>Apply to damp scalp and hair. Massage in gently and distribute the foam through the hair. Leave on for 2 minutes. Rinse thoroughly and repeat if necessary.<\/p>","protected":false},"excerpt":{"rendered":"<p>Mit seiner erfrischenden und leichten Formel entfernt das BREEZY Shampoo effektiv angesammelte Verunreinigungen wie Verschmutzung, Produktr\u00fcckst\u00e4nde und \u00fcberm\u00e4\u00dfige Fettigkeit, ohne das Haar zu sch\u00e4digen. Dieses Shampoo enth\u00e4lt Panthenol, das sanft Feuchtigkeit spendet und die Vitalit\u00e4t des Haares erh\u00e4lt, Gr\u00fcntee-Extrakt, der als Antioxidans wirkt und das Haar sch\u00fctzt, sowie \u00e4therisches Melaleuca- und Eukalyptus\u00f6l, die reinigen und [&hellip;]<\/p>","protected":false},"featured_media":12514,"comment_status":"closed","ping_status":"closed","template":"","meta":[],"product_brand":[],"product_cat":[781,837,641,682],"product_tag":[],"class_list":{"0":"post-10746","1":"product","2":"type-product","3":"status-publish","4":"has-post-thumbnail","6":"product_cat-purah-therapy","7":"product_cat-shampoo-lola-cosmetics","8":"product_cat-haarpflege","9":"product_cat-schampoo","11":"first","12":"instock","13":"taxable","14":"shipping-taxable","15":"purchasable","16":"product-type-simple"},"yoast_head":"<!-- This site is optimized with the Yoast SEO plugin v26.8 - https:\/\/yoast.com\/product\/yoast-seo-wordpress\/ -->\n<title>Breezy Shampoo - Lucia\u00b4s Hairshop<\/title>\n<meta name=\"description\" content=\"Breezy Shampoo\" \/>\n<meta name=\"robots\" content=\"index, follow, max-snippet:-1, max-image-preview:large, max-video-preview:-1\" \/>\n<link rel=\"canonical\" href=\"https:\/\/lhs.sandbox.techblendhq.com\/en\/product\/lola-cosmetics-nourishing-shampoo\/\" \/>\n<meta property=\"og:locale\" content=\"en_GB\" \/>\n<meta property=\"og:type\" content=\"article\" \/>\n<meta property=\"og:title\" content=\"Breezy Shampoo - Lucia\u00b4s Hairshop\" \/>\n<meta property=\"og:description\" content=\"Breezy Shampoo\" \/>\n<meta property=\"og:url\" content=\"https:\/\/lhs.sandbox.techblendhq.com\/en\/product\/lola-cosmetics-nourishing-shampoo\/\" \/>\n<meta property=\"og:site_name\" content=\"Lucia\u00b4s Hairshop\" \/>\n<meta property=\"article:modified_time\" content=\"2025-02-11T15:53:09+00:00\" \/>\n<meta property=\"og:image\" content=\"https:\/\/lhs.sandbox.techblendhq.com\/wp-content\/uploads\/2023\/06\/breezy_shampoo.webp\" \/>\n\t<meta property=\"og:image:width\" content=\"1080\" \/>\n\t<meta property=\"og:image:height\" content=\"1350\" \/>\n\t<meta property=\"og:image:type\" content=\"image\/webp\" \/>\n<meta name=\"twitter:card\" content=\"summary_large_image\" \/>\n<meta name=\"twitter:label1\" content=\"Estimated reading time\" \/>\n\t<meta name=\"twitter:data1\" content=\"1 minute\" \/>\n<script type=\"application\/ld+json\" class=\"yoast-schema-graph\">{\"@context\":\"https:\/\/schema.org\",\"@graph\":[{\"@type\":\"WebPage\",\"@id\":\"https:\/\/lhs.sandbox.techblendhq.com\/produkt\/lola-cosmetics-pflegendes-shampoo\/\",\"url\":\"https:\/\/lhs.sandbox.techblendhq.com\/produkt\/lola-cosmetics-pflegendes-shampoo\/\",\"name\":\"Breezy Shampoo - Lucia\u00b4s Hairshop\",\"isPartOf\":{\"@id\":\"https:\/\/lhs.sandbox.techblendhq.com\/#website\"},\"primaryImageOfPage\":{\"@id\":\"https:\/\/lhs.sandbox.techblendhq.com\/produkt\/lola-cosmetics-pflegendes-shampoo\/#primaryimage\"},\"image\":{\"@id\":\"https:\/\/lhs.sandbox.techblendhq.com\/produkt\/lola-cosmetics-pflegendes-shampoo\/#primaryimage\"},\"thumbnailUrl\":\"https:\/\/lhs.sandbox.techblendhq.com\/wp-content\/uploads\/2023\/06\/breezy_shampoo.webp\",\"datePublished\":\"2023-06-29T20:55:41+00:00\",\"dateModified\":\"2025-02-11T15:53:09+00:00\",\"description\":\"Breezy Shampoo\",\"breadcrumb\":{\"@id\":\"https:\/\/lhs.sandbox.techblendhq.com\/produkt\/lola-cosmetics-pflegendes-shampoo\/#breadcrumb\"},\"inLanguage\":\"en-GB\",\"potentialAction\":[{\"@type\":\"ReadAction\",\"target\":[\"https:\/\/lhs.sandbox.techblendhq.com\/produkt\/lola-cosmetics-pflegendes-shampoo\/\"]}]},{\"@type\":\"ImageObject\",\"inLanguage\":\"en-GB\",\"@id\":\"https:\/\/lhs.sandbox.techblendhq.com\/produkt\/lola-cosmetics-pflegendes-shampoo\/#primaryimage\",\"url\":\"https:\/\/lhs.sandbox.techblendhq.com\/wp-content\/uploads\/2023\/06\/breezy_shampoo.webp\",\"contentUrl\":\"https:\/\/lhs.sandbox.techblendhq.com\/wp-content\/uploads\/2023\/06\/breezy_shampoo.webp\",\"width\":1080,\"height\":1350},{\"@type\":\"BreadcrumbList\",\"@id\":\"https:\/\/lhs.sandbox.techblendhq.com\/produkt\/lola-cosmetics-pflegendes-shampoo\/#breadcrumb\",\"itemListElement\":[{\"@type\":\"ListItem\",\"position\":1,\"name\":\"Shop\",\"item\":\"https:\/\/lhs.sandbox.techblendhq.com\/\"},{\"@type\":\"ListItem\",\"position\":2,\"name\":\"Marken\",\"item\":\"https:\/\/lhs.sandbox.techblendhq.com\/produkt-kategorie\/marke\/\"},{\"@type\":\"ListItem\",\"position\":3,\"name\":\"Purah Therapy\",\"item\":\"https:\/\/lhs.sandbox.techblendhq.com\/produkt-kategorie\/marke\/purah-therapy\/\"},{\"@type\":\"ListItem\",\"position\":4,\"name\":\"Breezy Shampoo\"}]},{\"@type\":\"WebSite\",\"@id\":\"https:\/\/lhs.sandbox.techblendhq.com\/#website\",\"url\":\"https:\/\/lhs.sandbox.techblendhq.com\/\",\"name\":\"Lucia\u00b4s Hairshop\",\"description\":\"professional products\",\"publisher\":{\"@id\":\"https:\/\/lhs.sandbox.techblendhq.com\/#organization\"},\"potentialAction\":[{\"@type\":\"SearchAction\",\"target\":{\"@type\":\"EntryPoint\",\"urlTemplate\":\"https:\/\/lhs.sandbox.techblendhq.com\/?s={search_term_string}\"},\"query-input\":{\"@type\":\"PropertyValueSpecification\",\"valueRequired\":true,\"valueName\":\"search_term_string\"}}],\"inLanguage\":\"en-GB\"},{\"@type\":\"Organization\",\"@id\":\"https:\/\/lhs.sandbox.techblendhq.com\/#organization\",\"name\":\"Lucia\u00b4s Hairshop\",\"url\":\"https:\/\/lhs.sandbox.techblendhq.com\/\",\"logo\":{\"@type\":\"ImageObject\",\"inLanguage\":\"en-GB\",\"@id\":\"https:\/\/lhs.sandbox.techblendhq.com\/#\/schema\/logo\/image\/\",\"url\":\"https:\/\/lhs.sandbox.techblendhq.com\/wp-content\/uploads\/2022\/09\/logo-lucias-hairshop.png\",\"contentUrl\":\"https:\/\/lhs.sandbox.techblendhq.com\/wp-content\/uploads\/2022\/09\/logo-lucias-hairshop.png\",\"width\":396,\"height\":125,\"caption\":\"Lucia\u00b4s Hairshop\"},\"image\":{\"@id\":\"https:\/\/lhs.sandbox.techblendhq.com\/#\/schema\/logo\/image\/\"}}]}<\/script>\n<!-- \/ Yoast SEO plugin. -->","yoast_head_json":{"title":"Breezy Shampoo - Lucia's Hairshop","description":"Breezy Shampoo","robots":{"index":"index","follow":"follow","max-snippet":"max-snippet:-1","max-image-preview":"max-image-preview:large","max-video-preview":"max-video-preview:-1"},"canonical":"https:\/\/lhs.sandbox.techblendhq.com\/en\/product\/lola-cosmetics-nourishing-shampoo\/","og_locale":"en_GB","og_type":"article","og_title":"Breezy Shampoo - Lucia\u00b4s Hairshop","og_description":"Breezy Shampoo","og_url":"https:\/\/lhs.sandbox.techblendhq.com\/en\/product\/lola-cosmetics-nourishing-shampoo\/","og_site_name":"Lucia\u00b4s Hairshop","article_modified_time":"2025-02-11T15:53:09+00:00","og_image":[{"width":1080,"height":1350,"url":"https:\/\/lhs.sandbox.techblendhq.com\/wp-content\/uploads\/2023\/06\/breezy_shampoo.webp","type":"image\/webp"}],"twitter_card":"summary_large_image","twitter_misc":{"Estimated reading time":"1 minute"},"schema":{"@context":"https:\/\/schema.org","@graph":[{"@type":"WebPage","@id":"https:\/\/lhs.sandbox.techblendhq.com\/produkt\/lola-cosmetics-pflegendes-shampoo\/","url":"https:\/\/lhs.sandbox.techblendhq.com\/produkt\/lola-cosmetics-pflegendes-shampoo\/","name":"Breezy Shampoo - Lucia's Hairshop","isPartOf":{"@id":"https:\/\/lhs.sandbox.techblendhq.com\/#website"},"primaryImageOfPage":{"@id":"https:\/\/lhs.sandbox.techblendhq.com\/produkt\/lola-cosmetics-pflegendes-shampoo\/#primaryimage"},"image":{"@id":"https:\/\/lhs.sandbox.techblendhq.com\/produkt\/lola-cosmetics-pflegendes-shampoo\/#primaryimage"},"thumbnailUrl":"https:\/\/lhs.sandbox.techblendhq.com\/wp-content\/uploads\/2023\/06\/breezy_shampoo.webp","datePublished":"2023-06-29T20:55:41+00:00","dateModified":"2025-02-11T15:53:09+00:00","description":"Breezy Shampoo","breadcrumb":{"@id":"https:\/\/lhs.sandbox.techblendhq.com\/produkt\/lola-cosmetics-pflegendes-shampoo\/#breadcrumb"},"inLanguage":"en-GB","potentialAction":[{"@type":"ReadAction","target":["https:\/\/lhs.sandbox.techblendhq.com\/produkt\/lola-cosmetics-pflegendes-shampoo\/"]}]},{"@type":"ImageObject","inLanguage":"en-GB","@id":"https:\/\/lhs.sandbox.techblendhq.com\/produkt\/lola-cosmetics-pflegendes-shampoo\/#primaryimage","url":"https:\/\/lhs.sandbox.techblendhq.com\/wp-content\/uploads\/2023\/06\/breezy_shampoo.webp","contentUrl":"https:\/\/lhs.sandbox.techblendhq.com\/wp-content\/uploads\/2023\/06\/breezy_shampoo.webp","width":1080,"height":1350},{"@type":"BreadcrumbList","@id":"https:\/\/lhs.sandbox.techblendhq.com\/produkt\/lola-cosmetics-pflegendes-shampoo\/#breadcrumb","itemListElement":[{"@type":"ListItem","position":1,"name":"Shop","item":"https:\/\/lhs.sandbox.techblendhq.com\/"},{"@type":"ListItem","position":2,"name":"Marken","item":"https:\/\/lhs.sandbox.techblendhq.com\/produkt-kategorie\/marke\/"},{"@type":"ListItem","position":3,"name":"Purah Therapy","item":"https:\/\/lhs.sandbox.techblendhq.com\/produkt-kategorie\/marke\/purah-therapy\/"},{"@type":"ListItem","position":4,"name":"Breezy Shampoo"}]},{"@type":"WebSite","@id":"https:\/\/lhs.sandbox.techblendhq.com\/#website","url":"https:\/\/lhs.sandbox.techblendhq.com\/","name":"Lucia's Hairshop","description":"professional products","publisher":{"@id":"https:\/\/lhs.sandbox.techblendhq.com\/#organization"},"potentialAction":[{"@type":"SearchAction","target":{"@type":"EntryPoint","urlTemplate":"https:\/\/lhs.sandbox.techblendhq.com\/?s={search_term_string}"},"query-input":{"@type":"PropertyValueSpecification","valueRequired":true,"valueName":"search_term_string"}}],"inLanguage":"en-GB"},{"@type":"Organization","@id":"https:\/\/lhs.sandbox.techblendhq.com\/#organization","name":"Lucia's Hairshop","url":"https:\/\/lhs.sandbox.techblendhq.com\/","logo":{"@type":"ImageObject","inLanguage":"en-GB","@id":"https:\/\/lhs.sandbox.techblendhq.com\/#\/schema\/logo\/image\/","url":"https:\/\/lhs.sandbox.techblendhq.com\/wp-content\/uploads\/2022\/09\/logo-lucias-hairshop.png","contentUrl":"https:\/\/lhs.sandbox.techblendhq.com\/wp-content\/uploads\/2022\/09\/logo-lucias-hairshop.png","width":396,"height":125,"caption":"Lucia\u00b4s Hairshop"},"image":{"@id":"https:\/\/lhs.sandbox.techblendhq.com\/#\/schema\/logo\/image\/"}}]}},"_links":{"self":[{"href":"https:\/\/lhs.sandbox.techblendhq.com\/en\/wp-json\/wp\/v2\/product\/10746","targetHints":{"allow":["GET"]}}],"collection":[{"href":"https:\/\/lhs.sandbox.techblendhq.com\/en\/wp-json\/wp\/v2\/product"}],"about":[{"href":"https:\/\/lhs.sandbox.techblendhq.com\/en\/wp-json\/wp\/v2\/types\/product"}],"replies":[{"embeddable":true,"href":"https:\/\/lhs.sandbox.techblendhq.com\/en\/wp-json\/wp\/v2\/comments?post=10746"}],"version-history":[{"count":3,"href":"https:\/\/lhs.sandbox.techblendhq.com\/en\/wp-json\/wp\/v2\/product\/10746\/revisions"}],"predecessor-version":[{"id":12515,"href":"https:\/\/lhs.sandbox.techblendhq.com\/en\/wp-json\/wp\/v2\/product\/10746\/revisions\/12515"}],"wp:featuredmedia":[{"embeddable":true,"href":"https:\/\/lhs.sandbox.techblendhq.com\/en\/wp-json\/wp\/v2\/media\/12514"}],"wp:attachment":[{"href":"https:\/\/lhs.sandbox.techblendhq.com\/en\/wp-json\/wp\/v2\/media?parent=10746"}],"wp:term":[{"taxonomy":"product_brand","embeddable":true,"href":"https:\/\/lhs.sandbox.techblendhq.com\/en\/wp-json\/wp\/v2\/product_brand?post=10746"},{"taxonomy":"product_cat","embeddable":true,"href":"https:\/\/lhs.sandbox.techblendhq.com\/en\/wp-json\/wp\/v2\/product_cat?post=10746"},{"taxonomy":"product_tag","embeddable":true,"href":"https:\/\/lhs.sandbox.techblendhq.com\/en\/wp-json\/wp\/v2\/product_tag?post=10746"}],"curies":[{"name":"wp","href":"https:\/\/api.w.org\/{rel}","templated":true}]}}