{"id":12214,"date":"2023-12-01T23:11:15","date_gmt":"2023-12-01T22:11:15","guid":{"rendered":"http:\/\/wordpress.p631247.webspaceconfig.de\/?post_type=product&#038;p=12214"},"modified":"2025-02-06T17:30:42","modified_gmt":"2025-02-06T16:30:42","slug":"ls-botox-trauben-haarbotox","status":"publish","type":"product","link":"https:\/\/lhs.sandbox.techblendhq.com\/en\/product\/ls-botox-grape-hair-botox\/","title":{"rendered":"LS Keratin Botox Selant Step 2"},"content":{"rendered":"<p>The Grape Hair Botox has been developed to seal the strands and make them shiny and silky.<br \/>\nmake. Grape seed oil strengthens the hair structure, reduces frizz and nourishes it intensively, adding shine and lustre.<br \/>\nnaturally silky hair and is also a highly moisturising ingredient that is easily absorbed by the hair.<br \/>\nis absorbed. pH value = 1.5 - 2.0<\/p>\n<p>APPLICATION: After washing the hair with a cuticle-opening shampoo, by gently rubbing it into the hair.<br \/>\nmassage, apply the product to different strands and distribute it evenly with the help of a<br \/>\ncomb. Leave on for 25 to 30 minutes. Rinse hair to remove 70% to 80% of product.<br \/>\nto remove. Massage well and squeeze out excess water up to the tips. Continue<br \/>\nContinue with blow-drying. Divide the hair again and straighten it in thin sections 3 times in order to achieve the desired look.<br \/>\nroots. Use a temperature of 180\u00b0C to 220\u00b0C. Finish the process by<br \/>\ncomb the entire hair. Store the product in a cool, dry place. In case of eye contact<br \/>\nRinse thoroughly with water. For professional use only. Store between 20\u00b0C and<br \/>\n25\u00b0C. Keep out of the reach of children. For external use only.<\/p>\n<p>INGREDIENTS: Aqua (Water), Glyoxylic acid, Cetearyl Alcohol, Cocos Nucifera Oil, Behentrimonium<br \/>\nMethosulphate, Glyceryl Stearate, PEG-100 Stearate, Vitis Vinifera (Grape) Seed Oil, Butyrospermum Parkii<br \/>\nButter, Parfum (Fragrance), Xylitylglucoside, Amodimethicone, Phenoxyethanol, Anhydroxylitol, Panthenol,<br \/>\nMaltitol, PEG-90M, Xylitol, Polyquaternium-7, Pentaerythrityl Tetra-di-t-butyl Hydroxyhydrocinnamate,<br \/>\nDisodium EDTA, Hexyl Cinnamal, Glyceryl Laurate, Tourmaline, Benzyl Salicylate, Amyl Cinnamal, Citronellol,<br \/>\nSodium Benzoate, Ethylhexylglycerin, Hydrolyzed Keratin, Pelvetia Canaliculata Extract, Butylene Glycol, Acid<br \/>\nViolet 43.<\/p>\n<p>&nbsp;<\/p>","protected":false},"excerpt":{"rendered":"<p>Der Trauben-Haar-Botox wurde entwickelt, um die Str\u00e4hnen zu versiegeln und sie gl\u00e4nzend und seidig zu machen. Traubenkern\u00f6l st\u00e4rkt die Haarstruktur, reduziert Frizz und pflegt es intensiv, verleiht Glanz und nat\u00fcrlich seidiges Haar und ist zudem ein hochfeuchtigkeitsspendender Inhaltsstoff, der leicht vom Haar aufgenommen wird. pH-Wert = 1,5 &#8211; 2,0 ANWENDUNG: Nach dem Waschen der Haare [&hellip;]<\/p>","protected":false},"featured_media":12499,"comment_status":"open","ping_status":"closed","template":"","meta":[],"product_brand":[],"product_cat":[910,935,785,641],"product_tag":[],"class_list":{"0":"post-12214","1":"product","2":"type-product","3":"status-publish","4":"has-post-thumbnail","6":"product_cat-keratin-behandlung-haarpflege","7":"product_cat-keratin-behandlung-hairshop-brasil","8":"product_cat-ls-professional","9":"product_cat-haarpflege","11":"first","12":"instock","13":"taxable","14":"shipping-taxable","15":"product-type-simple"},"yoast_head":"<!-- This site is optimized with the Yoast SEO plugin v26.8 - https:\/\/yoast.com\/product\/yoast-seo-wordpress\/ -->\n<title>LS Keratin Botox Selant Step 2 - Lucia\u00b4s Hairshop<\/title>\n<meta name=\"description\" content=\"LS Keratin Botox Selant Step 2\" \/>\n<meta name=\"robots\" content=\"index, follow, max-snippet:-1, max-image-preview:large, max-video-preview:-1\" \/>\n<link rel=\"canonical\" href=\"https:\/\/lhs.sandbox.techblendhq.com\/en\/product\/ls-botox-grape-hair-botox\/\" \/>\n<meta property=\"og:locale\" content=\"en_GB\" \/>\n<meta property=\"og:type\" content=\"article\" \/>\n<meta property=\"og:title\" content=\"LS Keratin Botox Selant Step 2 - Lucia\u00b4s Hairshop\" \/>\n<meta property=\"og:description\" content=\"LS Keratin Botox Selant Step 2\" \/>\n<meta property=\"og:url\" content=\"https:\/\/lhs.sandbox.techblendhq.com\/en\/product\/ls-botox-grape-hair-botox\/\" \/>\n<meta property=\"og:site_name\" content=\"Lucia\u00b4s Hairshop\" \/>\n<meta property=\"article:modified_time\" content=\"2025-02-06T16:30:42+00:00\" \/>\n<meta property=\"og:image\" content=\"https:\/\/lhs.sandbox.techblendhq.com\/wp-content\/uploads\/2023\/12\/DSC_8659-scaled.jpg\" \/>\n\t<meta property=\"og:image:width\" content=\"1707\" \/>\n\t<meta property=\"og:image:height\" content=\"2560\" \/>\n\t<meta property=\"og:image:type\" content=\"image\/jpeg\" \/>\n<meta name=\"twitter:card\" content=\"summary_large_image\" \/>\n<meta name=\"twitter:label1\" content=\"Estimated reading time\" \/>\n\t<meta name=\"twitter:data1\" content=\"1 minute\" \/>\n<script type=\"application\/ld+json\" class=\"yoast-schema-graph\">{\"@context\":\"https:\/\/schema.org\",\"@graph\":[{\"@type\":\"WebPage\",\"@id\":\"https:\/\/lhs.sandbox.techblendhq.com\/produkt\/ls-botox-trauben-haarbotox\/\",\"url\":\"https:\/\/lhs.sandbox.techblendhq.com\/produkt\/ls-botox-trauben-haarbotox\/\",\"name\":\"LS Keratin Botox Selant Step 2 - Lucia\u00b4s Hairshop\",\"isPartOf\":{\"@id\":\"https:\/\/lhs.sandbox.techblendhq.com\/#website\"},\"primaryImageOfPage\":{\"@id\":\"https:\/\/lhs.sandbox.techblendhq.com\/produkt\/ls-botox-trauben-haarbotox\/#primaryimage\"},\"image\":{\"@id\":\"https:\/\/lhs.sandbox.techblendhq.com\/produkt\/ls-botox-trauben-haarbotox\/#primaryimage\"},\"thumbnailUrl\":\"https:\/\/lhs.sandbox.techblendhq.com\/wp-content\/uploads\/2023\/12\/DSC_8659-scaled.jpg\",\"datePublished\":\"2023-12-01T22:11:15+00:00\",\"dateModified\":\"2025-02-06T16:30:42+00:00\",\"description\":\"LS Keratin Botox Selant Step 2\",\"breadcrumb\":{\"@id\":\"https:\/\/lhs.sandbox.techblendhq.com\/produkt\/ls-botox-trauben-haarbotox\/#breadcrumb\"},\"inLanguage\":\"en-GB\",\"potentialAction\":[{\"@type\":\"ReadAction\",\"target\":[\"https:\/\/lhs.sandbox.techblendhq.com\/produkt\/ls-botox-trauben-haarbotox\/\"]}]},{\"@type\":\"ImageObject\",\"inLanguage\":\"en-GB\",\"@id\":\"https:\/\/lhs.sandbox.techblendhq.com\/produkt\/ls-botox-trauben-haarbotox\/#primaryimage\",\"url\":\"https:\/\/lhs.sandbox.techblendhq.com\/wp-content\/uploads\/2023\/12\/DSC_8659-scaled.jpg\",\"contentUrl\":\"https:\/\/lhs.sandbox.techblendhq.com\/wp-content\/uploads\/2023\/12\/DSC_8659-scaled.jpg\",\"width\":1707,\"height\":2560},{\"@type\":\"BreadcrumbList\",\"@id\":\"https:\/\/lhs.sandbox.techblendhq.com\/produkt\/ls-botox-trauben-haarbotox\/#breadcrumb\",\"itemListElement\":[{\"@type\":\"ListItem\",\"position\":1,\"name\":\"Shop\",\"item\":\"https:\/\/lhs.sandbox.techblendhq.com\/\"},{\"@type\":\"ListItem\",\"position\":2,\"name\":\"Marken\",\"item\":\"https:\/\/lhs.sandbox.techblendhq.com\/produkt-kategorie\/marke\/\"},{\"@type\":\"ListItem\",\"position\":3,\"name\":\"LS Professional Keratin\",\"item\":\"https:\/\/lhs.sandbox.techblendhq.com\/produkt-kategorie\/marke\/ls-professional\/\"},{\"@type\":\"ListItem\",\"position\":4,\"name\":\"LS Keratin Botox Selant Step 2\"}]},{\"@type\":\"WebSite\",\"@id\":\"https:\/\/lhs.sandbox.techblendhq.com\/#website\",\"url\":\"https:\/\/lhs.sandbox.techblendhq.com\/\",\"name\":\"Lucia\u00b4s Hairshop\",\"description\":\"professional products\",\"publisher\":{\"@id\":\"https:\/\/lhs.sandbox.techblendhq.com\/#organization\"},\"potentialAction\":[{\"@type\":\"SearchAction\",\"target\":{\"@type\":\"EntryPoint\",\"urlTemplate\":\"https:\/\/lhs.sandbox.techblendhq.com\/?s={search_term_string}\"},\"query-input\":{\"@type\":\"PropertyValueSpecification\",\"valueRequired\":true,\"valueName\":\"search_term_string\"}}],\"inLanguage\":\"en-GB\"},{\"@type\":\"Organization\",\"@id\":\"https:\/\/lhs.sandbox.techblendhq.com\/#organization\",\"name\":\"Lucia\u00b4s Hairshop\",\"url\":\"https:\/\/lhs.sandbox.techblendhq.com\/\",\"logo\":{\"@type\":\"ImageObject\",\"inLanguage\":\"en-GB\",\"@id\":\"https:\/\/lhs.sandbox.techblendhq.com\/#\/schema\/logo\/image\/\",\"url\":\"https:\/\/lhs.sandbox.techblendhq.com\/wp-content\/uploads\/2022\/09\/logo-lucias-hairshop.png\",\"contentUrl\":\"https:\/\/lhs.sandbox.techblendhq.com\/wp-content\/uploads\/2022\/09\/logo-lucias-hairshop.png\",\"width\":396,\"height\":125,\"caption\":\"Lucia\u00b4s Hairshop\"},\"image\":{\"@id\":\"https:\/\/lhs.sandbox.techblendhq.com\/#\/schema\/logo\/image\/\"}}]}<\/script>\n<!-- \/ Yoast SEO plugin. -->","yoast_head_json":{"title":"LS Keratin Botox Selant Step 2 - Lucia's Hairshop","description":"LS Keratin Botox Selant Step 2","robots":{"index":"index","follow":"follow","max-snippet":"max-snippet:-1","max-image-preview":"max-image-preview:large","max-video-preview":"max-video-preview:-1"},"canonical":"https:\/\/lhs.sandbox.techblendhq.com\/en\/product\/ls-botox-grape-hair-botox\/","og_locale":"en_GB","og_type":"article","og_title":"LS Keratin Botox Selant Step 2 - Lucia\u00b4s Hairshop","og_description":"LS Keratin Botox Selant Step 2","og_url":"https:\/\/lhs.sandbox.techblendhq.com\/en\/product\/ls-botox-grape-hair-botox\/","og_site_name":"Lucia\u00b4s Hairshop","article_modified_time":"2025-02-06T16:30:42+00:00","og_image":[{"width":1707,"height":2560,"url":"https:\/\/lhs.sandbox.techblendhq.com\/wp-content\/uploads\/2023\/12\/DSC_8659-scaled.jpg","type":"image\/jpeg"}],"twitter_card":"summary_large_image","twitter_misc":{"Estimated reading time":"1 minute"},"schema":{"@context":"https:\/\/schema.org","@graph":[{"@type":"WebPage","@id":"https:\/\/lhs.sandbox.techblendhq.com\/produkt\/ls-botox-trauben-haarbotox\/","url":"https:\/\/lhs.sandbox.techblendhq.com\/produkt\/ls-botox-trauben-haarbotox\/","name":"LS Keratin Botox Selant Step 2 - Lucia's Hairshop","isPartOf":{"@id":"https:\/\/lhs.sandbox.techblendhq.com\/#website"},"primaryImageOfPage":{"@id":"https:\/\/lhs.sandbox.techblendhq.com\/produkt\/ls-botox-trauben-haarbotox\/#primaryimage"},"image":{"@id":"https:\/\/lhs.sandbox.techblendhq.com\/produkt\/ls-botox-trauben-haarbotox\/#primaryimage"},"thumbnailUrl":"https:\/\/lhs.sandbox.techblendhq.com\/wp-content\/uploads\/2023\/12\/DSC_8659-scaled.jpg","datePublished":"2023-12-01T22:11:15+00:00","dateModified":"2025-02-06T16:30:42+00:00","description":"LS Keratin Botox Selant Step 2","breadcrumb":{"@id":"https:\/\/lhs.sandbox.techblendhq.com\/produkt\/ls-botox-trauben-haarbotox\/#breadcrumb"},"inLanguage":"en-GB","potentialAction":[{"@type":"ReadAction","target":["https:\/\/lhs.sandbox.techblendhq.com\/produkt\/ls-botox-trauben-haarbotox\/"]}]},{"@type":"ImageObject","inLanguage":"en-GB","@id":"https:\/\/lhs.sandbox.techblendhq.com\/produkt\/ls-botox-trauben-haarbotox\/#primaryimage","url":"https:\/\/lhs.sandbox.techblendhq.com\/wp-content\/uploads\/2023\/12\/DSC_8659-scaled.jpg","contentUrl":"https:\/\/lhs.sandbox.techblendhq.com\/wp-content\/uploads\/2023\/12\/DSC_8659-scaled.jpg","width":1707,"height":2560},{"@type":"BreadcrumbList","@id":"https:\/\/lhs.sandbox.techblendhq.com\/produkt\/ls-botox-trauben-haarbotox\/#breadcrumb","itemListElement":[{"@type":"ListItem","position":1,"name":"Shop","item":"https:\/\/lhs.sandbox.techblendhq.com\/"},{"@type":"ListItem","position":2,"name":"Marken","item":"https:\/\/lhs.sandbox.techblendhq.com\/produkt-kategorie\/marke\/"},{"@type":"ListItem","position":3,"name":"LS Professional Keratin","item":"https:\/\/lhs.sandbox.techblendhq.com\/produkt-kategorie\/marke\/ls-professional\/"},{"@type":"ListItem","position":4,"name":"LS Keratin Botox Selant Step 2"}]},{"@type":"WebSite","@id":"https:\/\/lhs.sandbox.techblendhq.com\/#website","url":"https:\/\/lhs.sandbox.techblendhq.com\/","name":"Lucia's Hairshop","description":"professional products","publisher":{"@id":"https:\/\/lhs.sandbox.techblendhq.com\/#organization"},"potentialAction":[{"@type":"SearchAction","target":{"@type":"EntryPoint","urlTemplate":"https:\/\/lhs.sandbox.techblendhq.com\/?s={search_term_string}"},"query-input":{"@type":"PropertyValueSpecification","valueRequired":true,"valueName":"search_term_string"}}],"inLanguage":"en-GB"},{"@type":"Organization","@id":"https:\/\/lhs.sandbox.techblendhq.com\/#organization","name":"Lucia's Hairshop","url":"https:\/\/lhs.sandbox.techblendhq.com\/","logo":{"@type":"ImageObject","inLanguage":"en-GB","@id":"https:\/\/lhs.sandbox.techblendhq.com\/#\/schema\/logo\/image\/","url":"https:\/\/lhs.sandbox.techblendhq.com\/wp-content\/uploads\/2022\/09\/logo-lucias-hairshop.png","contentUrl":"https:\/\/lhs.sandbox.techblendhq.com\/wp-content\/uploads\/2022\/09\/logo-lucias-hairshop.png","width":396,"height":125,"caption":"Lucia\u00b4s Hairshop"},"image":{"@id":"https:\/\/lhs.sandbox.techblendhq.com\/#\/schema\/logo\/image\/"}}]}},"_links":{"self":[{"href":"https:\/\/lhs.sandbox.techblendhq.com\/en\/wp-json\/wp\/v2\/product\/12214","targetHints":{"allow":["GET"]}}],"collection":[{"href":"https:\/\/lhs.sandbox.techblendhq.com\/en\/wp-json\/wp\/v2\/product"}],"about":[{"href":"https:\/\/lhs.sandbox.techblendhq.com\/en\/wp-json\/wp\/v2\/types\/product"}],"replies":[{"embeddable":true,"href":"https:\/\/lhs.sandbox.techblendhq.com\/en\/wp-json\/wp\/v2\/comments?post=12214"}],"version-history":[{"count":3,"href":"https:\/\/lhs.sandbox.techblendhq.com\/en\/wp-json\/wp\/v2\/product\/12214\/revisions"}],"predecessor-version":[{"id":12461,"href":"https:\/\/lhs.sandbox.techblendhq.com\/en\/wp-json\/wp\/v2\/product\/12214\/revisions\/12461"}],"wp:featuredmedia":[{"embeddable":true,"href":"https:\/\/lhs.sandbox.techblendhq.com\/en\/wp-json\/wp\/v2\/media\/12499"}],"wp:attachment":[{"href":"https:\/\/lhs.sandbox.techblendhq.com\/en\/wp-json\/wp\/v2\/media?parent=12214"}],"wp:term":[{"taxonomy":"product_brand","embeddable":true,"href":"https:\/\/lhs.sandbox.techblendhq.com\/en\/wp-json\/wp\/v2\/product_brand?post=12214"},{"taxonomy":"product_cat","embeddable":true,"href":"https:\/\/lhs.sandbox.techblendhq.com\/en\/wp-json\/wp\/v2\/product_cat?post=12214"},{"taxonomy":"product_tag","embeddable":true,"href":"https:\/\/lhs.sandbox.techblendhq.com\/en\/wp-json\/wp\/v2\/product_tag?post=12214"}],"curies":[{"name":"wp","href":"https:\/\/api.w.org\/{rel}","templated":true}]}}