{"id":10642,"date":"2023-06-15T08:57:50","date_gmt":"2023-06-15T06:57:50","guid":{"rendered":"http:\/\/wordpress.p631247.webspaceconfig.de\/?post_type=product&#038;p=10642"},"modified":"2025-11-18T08:49:45","modified_gmt":"2025-11-18T07:49:45","slug":"lola-cosmetics-eu-sei-que-voce-fez-na-quimica-passada-haarmaske","status":"publish","type":"product","link":"https:\/\/lhs.sandbox.techblendhq.com\/pt\/produto\/lola-cosmetics-eu-sei-que-voce-fez-na-quimica-passada-hair-mask\/","title":{"rendered":"M\u00e1scara Oasis"},"content":{"rendered":"<p>A m\u00e1scara OASIS tem um efeito equilibrador no couro cabeludo e revitaliza o cabelo em profundidade, proporcionando hidrata\u00e7\u00e3o intensiva e prote\u00e7\u00e3o contra influ\u00eancias externas. Rica em \u00f3leos essenciais de melaleuca e c\u00e2nfora e em \u00f3leo vegetal de jojoba, essa m\u00e1scara penetra no couro cabeludo e nos cabelos, proporcionando cabelos mais fortes, brilhantes e saud\u00e1veis.<\/p>\n<p>Aplicativo:<\/p>\n<p>Ap\u00f3s a desinfec\u00e7\u00e3o completa, aplique diretamente nos cabelos \u00famidos e no couro cabeludo. Deixe agir por 10 minutos e enx\u00e1gue bem.<\/p>\n<p>&nbsp;<\/p>\n<p>&nbsp;<\/p>","protected":false},"excerpt":{"rendered":"<p>Die OASIS-Maske wirkt ausgleichend auf die Kopfhaut und revitalisiert das Haar in der Tiefe, indem sie intensive Feuchtigkeit spendet und Schutz vor \u00e4u\u00dferen Einfl\u00fcssen bietet. Reich an \u00e4therischem Melaleuca- und Kampfer\u00f6l sowie pflanzlichem Jojoba\u00f6l dringt diese Maske in Kopfhaut und Haar ein und sorgt f\u00fcr kr\u00e4ftigeres, gl\u00e4nzenderes und ges\u00fcnderes Haar. Anwendung: Nach gr\u00fcndlicher Desinfektion direkt [&hellip;]<\/p>","protected":false},"featured_media":12508,"comment_status":"closed","ping_status":"closed","template":"","meta":[],"product_brand":[],"product_cat":[807,813,781,641],"product_tag":[],"class_list":{"0":"post-10642","1":"product","2":"type-product","3":"status-publish","4":"has-post-thumbnail","6":"product_cat-haarmaske-und-conditioner","7":"product_cat-haarmaske-und-conditioner-lola-cosmetics","8":"product_cat-purah-therapy","9":"product_cat-haarpflege","11":"first","12":"instock","13":"taxable","14":"shipping-taxable","15":"purchasable","16":"product-type-simple"},"yoast_head":"<!-- This site is optimized with the Yoast SEO plugin v26.8 - https:\/\/yoast.com\/product\/yoast-seo-wordpress\/ -->\n<title>Oasis Maske - Lucia\u00b4s Hairshop<\/title>\n<meta name=\"description\" content=\"Oasis Maske\" \/>\n<meta name=\"robots\" content=\"index, follow, max-snippet:-1, max-image-preview:large, max-video-preview:-1\" \/>\n<link rel=\"canonical\" href=\"https:\/\/lhs.sandbox.techblendhq.com\/pt\/produto\/lola-cosmetics-eu-sei-que-voce-fez-na-quimica-passada-hair-mask\/\" \/>\n<meta property=\"og:locale\" content=\"pt_BR\" \/>\n<meta property=\"og:type\" content=\"article\" \/>\n<meta property=\"og:title\" content=\"Oasis Maske - Lucia\u00b4s Hairshop\" \/>\n<meta property=\"og:description\" content=\"Oasis Maske\" \/>\n<meta property=\"og:url\" content=\"https:\/\/lhs.sandbox.techblendhq.com\/pt\/produto\/lola-cosmetics-eu-sei-que-voce-fez-na-quimica-passada-hair-mask\/\" \/>\n<meta property=\"og:site_name\" content=\"Lucia\u00b4s Hairshop\" \/>\n<meta property=\"article:modified_time\" content=\"2025-11-18T07:49:45+00:00\" \/>\n<meta property=\"og:image\" content=\"https:\/\/lhs.sandbox.techblendhq.com\/wp-content\/uploads\/2023\/06\/oasis_mascara.webp\" \/>\n\t<meta property=\"og:image:width\" content=\"1080\" \/>\n\t<meta property=\"og:image:height\" content=\"1350\" \/>\n\t<meta property=\"og:image:type\" content=\"image\/webp\" \/>\n<meta name=\"twitter:card\" content=\"summary_large_image\" \/>\n<script type=\"application\/ld+json\" class=\"yoast-schema-graph\">{\"@context\":\"https:\/\/schema.org\",\"@graph\":[{\"@type\":\"WebPage\",\"@id\":\"https:\/\/lhs.sandbox.techblendhq.com\/produkt\/lola-cosmetics-eu-sei-que-voce-fez-na-quimica-passada-haarmaske\/\",\"url\":\"https:\/\/lhs.sandbox.techblendhq.com\/produkt\/lola-cosmetics-eu-sei-que-voce-fez-na-quimica-passada-haarmaske\/\",\"name\":\"Oasis Maske - Lucia\u00b4s Hairshop\",\"isPartOf\":{\"@id\":\"https:\/\/lhs.sandbox.techblendhq.com\/#website\"},\"primaryImageOfPage\":{\"@id\":\"https:\/\/lhs.sandbox.techblendhq.com\/produkt\/lola-cosmetics-eu-sei-que-voce-fez-na-quimica-passada-haarmaske\/#primaryimage\"},\"image\":{\"@id\":\"https:\/\/lhs.sandbox.techblendhq.com\/produkt\/lola-cosmetics-eu-sei-que-voce-fez-na-quimica-passada-haarmaske\/#primaryimage\"},\"thumbnailUrl\":\"https:\/\/lhs.sandbox.techblendhq.com\/wp-content\/uploads\/2023\/06\/oasis_mascara.webp\",\"datePublished\":\"2023-06-15T06:57:50+00:00\",\"dateModified\":\"2025-11-18T07:49:45+00:00\",\"description\":\"Oasis Maske\",\"breadcrumb\":{\"@id\":\"https:\/\/lhs.sandbox.techblendhq.com\/produkt\/lola-cosmetics-eu-sei-que-voce-fez-na-quimica-passada-haarmaske\/#breadcrumb\"},\"inLanguage\":\"pt-BR\",\"potentialAction\":[{\"@type\":\"ReadAction\",\"target\":[\"https:\/\/lhs.sandbox.techblendhq.com\/produkt\/lola-cosmetics-eu-sei-que-voce-fez-na-quimica-passada-haarmaske\/\"]}]},{\"@type\":\"ImageObject\",\"inLanguage\":\"pt-BR\",\"@id\":\"https:\/\/lhs.sandbox.techblendhq.com\/produkt\/lola-cosmetics-eu-sei-que-voce-fez-na-quimica-passada-haarmaske\/#primaryimage\",\"url\":\"https:\/\/lhs.sandbox.techblendhq.com\/wp-content\/uploads\/2023\/06\/oasis_mascara.webp\",\"contentUrl\":\"https:\/\/lhs.sandbox.techblendhq.com\/wp-content\/uploads\/2023\/06\/oasis_mascara.webp\",\"width\":1080,\"height\":1350},{\"@type\":\"BreadcrumbList\",\"@id\":\"https:\/\/lhs.sandbox.techblendhq.com\/produkt\/lola-cosmetics-eu-sei-que-voce-fez-na-quimica-passada-haarmaske\/#breadcrumb\",\"itemListElement\":[{\"@type\":\"ListItem\",\"position\":1,\"name\":\"Shop\",\"item\":\"https:\/\/lhs.sandbox.techblendhq.com\/\"},{\"@type\":\"ListItem\",\"position\":2,\"name\":\"Marken\",\"item\":\"https:\/\/lhs.sandbox.techblendhq.com\/produkt-kategorie\/marke\/\"},{\"@type\":\"ListItem\",\"position\":3,\"name\":\"Purah Therapy\",\"item\":\"https:\/\/lhs.sandbox.techblendhq.com\/produkt-kategorie\/marke\/purah-therapy\/\"},{\"@type\":\"ListItem\",\"position\":4,\"name\":\"Oasis Maske\"}]},{\"@type\":\"WebSite\",\"@id\":\"https:\/\/lhs.sandbox.techblendhq.com\/#website\",\"url\":\"https:\/\/lhs.sandbox.techblendhq.com\/\",\"name\":\"Lucia\u00b4s Hairshop\",\"description\":\"professional products\",\"publisher\":{\"@id\":\"https:\/\/lhs.sandbox.techblendhq.com\/#organization\"},\"potentialAction\":[{\"@type\":\"SearchAction\",\"target\":{\"@type\":\"EntryPoint\",\"urlTemplate\":\"https:\/\/lhs.sandbox.techblendhq.com\/?s={search_term_string}\"},\"query-input\":{\"@type\":\"PropertyValueSpecification\",\"valueRequired\":true,\"valueName\":\"search_term_string\"}}],\"inLanguage\":\"pt-BR\"},{\"@type\":\"Organization\",\"@id\":\"https:\/\/lhs.sandbox.techblendhq.com\/#organization\",\"name\":\"Lucia\u00b4s Hairshop\",\"url\":\"https:\/\/lhs.sandbox.techblendhq.com\/\",\"logo\":{\"@type\":\"ImageObject\",\"inLanguage\":\"pt-BR\",\"@id\":\"https:\/\/lhs.sandbox.techblendhq.com\/#\/schema\/logo\/image\/\",\"url\":\"https:\/\/lhs.sandbox.techblendhq.com\/wp-content\/uploads\/2022\/09\/logo-lucias-hairshop.png\",\"contentUrl\":\"https:\/\/lhs.sandbox.techblendhq.com\/wp-content\/uploads\/2022\/09\/logo-lucias-hairshop.png\",\"width\":396,\"height\":125,\"caption\":\"Lucia\u00b4s Hairshop\"},\"image\":{\"@id\":\"https:\/\/lhs.sandbox.techblendhq.com\/#\/schema\/logo\/image\/\"}}]}<\/script>\n<!-- \/ Yoast SEO plugin. -->","yoast_head_json":{"title":"M\u00e1scara Oasis - Lucia's Hairshop","description":"M\u00e1scara Oasis","robots":{"index":"index","follow":"follow","max-snippet":"max-snippet:-1","max-image-preview":"max-image-preview:large","max-video-preview":"max-video-preview:-1"},"canonical":"https:\/\/lhs.sandbox.techblendhq.com\/pt\/produto\/lola-cosmetics-eu-sei-que-voce-fez-na-quimica-passada-hair-mask\/","og_locale":"pt_BR","og_type":"article","og_title":"Oasis Maske - Lucia\u00b4s Hairshop","og_description":"Oasis Maske","og_url":"https:\/\/lhs.sandbox.techblendhq.com\/pt\/produto\/lola-cosmetics-eu-sei-que-voce-fez-na-quimica-passada-hair-mask\/","og_site_name":"Lucia\u00b4s Hairshop","article_modified_time":"2025-11-18T07:49:45+00:00","og_image":[{"width":1080,"height":1350,"url":"https:\/\/lhs.sandbox.techblendhq.com\/wp-content\/uploads\/2023\/06\/oasis_mascara.webp","type":"image\/webp"}],"twitter_card":"summary_large_image","schema":{"@context":"https:\/\/schema.org","@graph":[{"@type":"WebPage","@id":"https:\/\/lhs.sandbox.techblendhq.com\/produkt\/lola-cosmetics-eu-sei-que-voce-fez-na-quimica-passada-haarmaske\/","url":"https:\/\/lhs.sandbox.techblendhq.com\/produkt\/lola-cosmetics-eu-sei-que-voce-fez-na-quimica-passada-haarmaske\/","name":"M\u00e1scara Oasis - Lucia's Hairshop","isPartOf":{"@id":"https:\/\/lhs.sandbox.techblendhq.com\/#website"},"primaryImageOfPage":{"@id":"https:\/\/lhs.sandbox.techblendhq.com\/produkt\/lola-cosmetics-eu-sei-que-voce-fez-na-quimica-passada-haarmaske\/#primaryimage"},"image":{"@id":"https:\/\/lhs.sandbox.techblendhq.com\/produkt\/lola-cosmetics-eu-sei-que-voce-fez-na-quimica-passada-haarmaske\/#primaryimage"},"thumbnailUrl":"https:\/\/lhs.sandbox.techblendhq.com\/wp-content\/uploads\/2023\/06\/oasis_mascara.webp","datePublished":"2023-06-15T06:57:50+00:00","dateModified":"2025-11-18T07:49:45+00:00","description":"M\u00e1scara Oasis","breadcrumb":{"@id":"https:\/\/lhs.sandbox.techblendhq.com\/produkt\/lola-cosmetics-eu-sei-que-voce-fez-na-quimica-passada-haarmaske\/#breadcrumb"},"inLanguage":"pt-BR","potentialAction":[{"@type":"ReadAction","target":["https:\/\/lhs.sandbox.techblendhq.com\/produkt\/lola-cosmetics-eu-sei-que-voce-fez-na-quimica-passada-haarmaske\/"]}]},{"@type":"ImageObject","inLanguage":"pt-BR","@id":"https:\/\/lhs.sandbox.techblendhq.com\/produkt\/lola-cosmetics-eu-sei-que-voce-fez-na-quimica-passada-haarmaske\/#primaryimage","url":"https:\/\/lhs.sandbox.techblendhq.com\/wp-content\/uploads\/2023\/06\/oasis_mascara.webp","contentUrl":"https:\/\/lhs.sandbox.techblendhq.com\/wp-content\/uploads\/2023\/06\/oasis_mascara.webp","width":1080,"height":1350},{"@type":"BreadcrumbList","@id":"https:\/\/lhs.sandbox.techblendhq.com\/produkt\/lola-cosmetics-eu-sei-que-voce-fez-na-quimica-passada-haarmaske\/#breadcrumb","itemListElement":[{"@type":"ListItem","position":1,"name":"Shop","item":"https:\/\/lhs.sandbox.techblendhq.com\/"},{"@type":"ListItem","position":2,"name":"Marken","item":"https:\/\/lhs.sandbox.techblendhq.com\/produkt-kategorie\/marke\/"},{"@type":"ListItem","position":3,"name":"Purah Therapy","item":"https:\/\/lhs.sandbox.techblendhq.com\/produkt-kategorie\/marke\/purah-therapy\/"},{"@type":"ListItem","position":4,"name":"Oasis Maske"}]},{"@type":"WebSite","@id":"https:\/\/lhs.sandbox.techblendhq.com\/#website","url":"https:\/\/lhs.sandbox.techblendhq.com\/","name":"cabeleireiro da L\u00facia","description":"produtos profissionais","publisher":{"@id":"https:\/\/lhs.sandbox.techblendhq.com\/#organization"},"potentialAction":[{"@type":"SearchAction","target":{"@type":"EntryPoint","urlTemplate":"https:\/\/lhs.sandbox.techblendhq.com\/?s={search_term_string}"},"query-input":{"@type":"PropertyValueSpecification","valueRequired":true,"valueName":"search_term_string"}}],"inLanguage":"pt-BR"},{"@type":"Organization","@id":"https:\/\/lhs.sandbox.techblendhq.com\/#organization","name":"cabeleireiro da L\u00facia","url":"https:\/\/lhs.sandbox.techblendhq.com\/","logo":{"@type":"ImageObject","inLanguage":"pt-BR","@id":"https:\/\/lhs.sandbox.techblendhq.com\/#\/schema\/logo\/image\/","url":"https:\/\/lhs.sandbox.techblendhq.com\/wp-content\/uploads\/2022\/09\/logo-lucias-hairshop.png","contentUrl":"https:\/\/lhs.sandbox.techblendhq.com\/wp-content\/uploads\/2022\/09\/logo-lucias-hairshop.png","width":396,"height":125,"caption":"Lucia\u00b4s Hairshop"},"image":{"@id":"https:\/\/lhs.sandbox.techblendhq.com\/#\/schema\/logo\/image\/"}}]}},"_links":{"self":[{"href":"https:\/\/lhs.sandbox.techblendhq.com\/pt\/wp-json\/wp\/v2\/product\/10642","targetHints":{"allow":["GET"]}}],"collection":[{"href":"https:\/\/lhs.sandbox.techblendhq.com\/pt\/wp-json\/wp\/v2\/product"}],"about":[{"href":"https:\/\/lhs.sandbox.techblendhq.com\/pt\/wp-json\/wp\/v2\/types\/product"}],"replies":[{"embeddable":true,"href":"https:\/\/lhs.sandbox.techblendhq.com\/pt\/wp-json\/wp\/v2\/comments?post=10642"}],"version-history":[{"count":3,"href":"https:\/\/lhs.sandbox.techblendhq.com\/pt\/wp-json\/wp\/v2\/product\/10642\/revisions"}],"predecessor-version":[{"id":12509,"href":"https:\/\/lhs.sandbox.techblendhq.com\/pt\/wp-json\/wp\/v2\/product\/10642\/revisions\/12509"}],"wp:featuredmedia":[{"embeddable":true,"href":"https:\/\/lhs.sandbox.techblendhq.com\/pt\/wp-json\/wp\/v2\/media\/12508"}],"wp:attachment":[{"href":"https:\/\/lhs.sandbox.techblendhq.com\/pt\/wp-json\/wp\/v2\/media?parent=10642"}],"wp:term":[{"taxonomy":"product_brand","embeddable":true,"href":"https:\/\/lhs.sandbox.techblendhq.com\/pt\/wp-json\/wp\/v2\/product_brand?post=10642"},{"taxonomy":"product_cat","embeddable":true,"href":"https:\/\/lhs.sandbox.techblendhq.com\/pt\/wp-json\/wp\/v2\/product_cat?post=10642"},{"taxonomy":"product_tag","embeddable":true,"href":"https:\/\/lhs.sandbox.techblendhq.com\/pt\/wp-json\/wp\/v2\/product_tag?post=10642"}],"curies":[{"name":"wp","href":"https:\/\/api.w.org\/{rel}","templated":true}]}}