{"id":10658,"date":"2023-06-15T08:57:49","date_gmt":"2023-06-15T06:57:49","guid":{"rendered":"http:\/\/wordpress.p631247.webspaceconfig.de\/?post_type=product&#038;p=10658"},"modified":"2025-02-11T16:56:18","modified_gmt":"2025-02-11T15:56:18","slug":"lola-cosmetics-drama-queen-pimenta-rosa-maske","status":"publish","type":"product","link":"https:\/\/lhs.sandbox.techblendhq.com\/pt\/produto\/mascara-lola-cosmetics-drama-queen-pimenta-rosa\/","title":{"rendered":"M\u00e1scara de argila Breezy"},"content":{"rendered":"<p>A m\u00e1scara de argila BREEZY consiste em uma poderosa combina\u00e7\u00e3o de argila verde, branca e rosa que absorve o excesso de oleosidade, desintoxica o couro cabeludo e limpa intensamente os cabelos. A m\u00e1scara \u00e9 enriquecida com extrato de hamam\u00e9lis, que acalma e tonifica o couro cabeludo, deixando-o com uma sensa\u00e7\u00e3o de frescor. Uma mistura de amino\u00e1cidos nutre e fortalece a estrutura do cabelo e lhe d\u00e1 brilho e for\u00e7a.<\/p>\n<p>*A m\u00e1scara de argila n\u00e3o \u00e9 adequada para pessoas com psor\u00edase ou eczema.<\/p>\n<p>Aplicativo:<\/p>\n<p>Aplique a m\u00e1scara de argila diretamente no couro cabeludo com um pincel, evitando os comprimentos dos cabelos para n\u00e3o ressec\u00e1-los. Massageie suavemente a m\u00e1scara com movimentos circulares para esfoliar o couro cabeludo. Deixe a m\u00e1scara agir por 10 a 15 minutos. Enx\u00e1gue bem e certifique-se de que todo o produto tenha sido removido. Prossiga com a desinfec\u00e7\u00e3o e o tratamento adequado.<\/p>","protected":false},"excerpt":{"rendered":"<p>Die BREEZY Clay Mask besteht aus einer leistungsstarken Kombination aus gr\u00fcner, wei\u00dfer und rosa Tonerde, die \u00fcbersch\u00fcssiges \u00d6l absorbiert, die Kopfhaut entgiftet und das Haar intensiv reinigt. Die Maske ist mit Hamamelis-Extrakt angereichert, der die Kopfhaut beruhigt und tonisiert und f\u00fcr ein frisches Gef\u00fchl sorgt. Eine Mischung aus Aminos\u00e4uren n\u00e4hrt und st\u00e4rkt die Haarstruktur und [&hellip;]<\/p>","protected":false},"featured_media":12517,"comment_status":"closed","ping_status":"closed","template":"","meta":[],"product_brand":[],"product_cat":[807,813,781,641],"product_tag":[],"class_list":{"0":"post-10658","1":"product","2":"type-product","3":"status-publish","4":"has-post-thumbnail","6":"product_cat-haarmaske-und-conditioner","7":"product_cat-haarmaske-und-conditioner-lola-cosmetics","8":"product_cat-purah-therapy","9":"product_cat-haarpflege","11":"first","12":"instock","13":"taxable","14":"shipping-taxable","15":"purchasable","16":"product-type-simple"},"yoast_head":"<!-- This site is optimized with the Yoast SEO plugin v26.8 - https:\/\/yoast.com\/product\/yoast-seo-wordpress\/ -->\n<title>Breezy Clay MASKE - Lucia\u00b4s Hairshop<\/title>\n<meta name=\"description\" content=\"Breezy Clay MASKE\" \/>\n<meta name=\"robots\" content=\"index, follow, max-snippet:-1, max-image-preview:large, max-video-preview:-1\" \/>\n<link rel=\"canonical\" href=\"https:\/\/lhs.sandbox.techblendhq.com\/pt\/produto\/mascara-lola-cosmetics-drama-queen-pimenta-rosa\/\" \/>\n<meta property=\"og:locale\" content=\"pt_BR\" \/>\n<meta property=\"og:type\" content=\"article\" \/>\n<meta property=\"og:title\" content=\"Breezy Clay MASKE - Lucia\u00b4s Hairshop\" \/>\n<meta property=\"og:description\" content=\"Breezy Clay MASKE\" \/>\n<meta property=\"og:url\" content=\"https:\/\/lhs.sandbox.techblendhq.com\/pt\/produto\/mascara-lola-cosmetics-drama-queen-pimenta-rosa\/\" \/>\n<meta property=\"og:site_name\" content=\"Lucia\u00b4s Hairshop\" \/>\n<meta property=\"article:modified_time\" content=\"2025-02-11T15:56:18+00:00\" \/>\n<meta property=\"og:image\" content=\"https:\/\/lhs.sandbox.techblendhq.com\/wp-content\/uploads\/2023\/06\/breezy_mascara.webp\" \/>\n\t<meta property=\"og:image:width\" content=\"1080\" \/>\n\t<meta property=\"og:image:height\" content=\"1350\" \/>\n\t<meta property=\"og:image:type\" content=\"image\/webp\" \/>\n<meta name=\"twitter:card\" content=\"summary_large_image\" \/>\n<meta name=\"twitter:label1\" content=\"Est. tempo de leitura\" \/>\n\t<meta name=\"twitter:data1\" content=\"1 minuto\" \/>\n<script type=\"application\/ld+json\" class=\"yoast-schema-graph\">{\"@context\":\"https:\/\/schema.org\",\"@graph\":[{\"@type\":\"WebPage\",\"@id\":\"https:\/\/lhs.sandbox.techblendhq.com\/produkt\/lola-cosmetics-drama-queen-pimenta-rosa-maske\/\",\"url\":\"https:\/\/lhs.sandbox.techblendhq.com\/produkt\/lola-cosmetics-drama-queen-pimenta-rosa-maske\/\",\"name\":\"Breezy Clay MASKE - Lucia\u00b4s Hairshop\",\"isPartOf\":{\"@id\":\"https:\/\/lhs.sandbox.techblendhq.com\/#website\"},\"primaryImageOfPage\":{\"@id\":\"https:\/\/lhs.sandbox.techblendhq.com\/produkt\/lola-cosmetics-drama-queen-pimenta-rosa-maske\/#primaryimage\"},\"image\":{\"@id\":\"https:\/\/lhs.sandbox.techblendhq.com\/produkt\/lola-cosmetics-drama-queen-pimenta-rosa-maske\/#primaryimage\"},\"thumbnailUrl\":\"https:\/\/lhs.sandbox.techblendhq.com\/wp-content\/uploads\/2023\/06\/breezy_mascara.webp\",\"datePublished\":\"2023-06-15T06:57:49+00:00\",\"dateModified\":\"2025-02-11T15:56:18+00:00\",\"description\":\"Breezy Clay MASKE\",\"breadcrumb\":{\"@id\":\"https:\/\/lhs.sandbox.techblendhq.com\/produkt\/lola-cosmetics-drama-queen-pimenta-rosa-maske\/#breadcrumb\"},\"inLanguage\":\"pt-BR\",\"potentialAction\":[{\"@type\":\"ReadAction\",\"target\":[\"https:\/\/lhs.sandbox.techblendhq.com\/produkt\/lola-cosmetics-drama-queen-pimenta-rosa-maske\/\"]}]},{\"@type\":\"ImageObject\",\"inLanguage\":\"pt-BR\",\"@id\":\"https:\/\/lhs.sandbox.techblendhq.com\/produkt\/lola-cosmetics-drama-queen-pimenta-rosa-maske\/#primaryimage\",\"url\":\"https:\/\/lhs.sandbox.techblendhq.com\/wp-content\/uploads\/2023\/06\/breezy_mascara.webp\",\"contentUrl\":\"https:\/\/lhs.sandbox.techblendhq.com\/wp-content\/uploads\/2023\/06\/breezy_mascara.webp\",\"width\":1080,\"height\":1350},{\"@type\":\"BreadcrumbList\",\"@id\":\"https:\/\/lhs.sandbox.techblendhq.com\/produkt\/lola-cosmetics-drama-queen-pimenta-rosa-maske\/#breadcrumb\",\"itemListElement\":[{\"@type\":\"ListItem\",\"position\":1,\"name\":\"Shop\",\"item\":\"https:\/\/lhs.sandbox.techblendhq.com\/\"},{\"@type\":\"ListItem\",\"position\":2,\"name\":\"Marken\",\"item\":\"https:\/\/lhs.sandbox.techblendhq.com\/produkt-kategorie\/marke\/\"},{\"@type\":\"ListItem\",\"position\":3,\"name\":\"Purah Therapy\",\"item\":\"https:\/\/lhs.sandbox.techblendhq.com\/produkt-kategorie\/marke\/purah-therapy\/\"},{\"@type\":\"ListItem\",\"position\":4,\"name\":\"Breezy Clay MASKE\"}]},{\"@type\":\"WebSite\",\"@id\":\"https:\/\/lhs.sandbox.techblendhq.com\/#website\",\"url\":\"https:\/\/lhs.sandbox.techblendhq.com\/\",\"name\":\"Lucia\u00b4s Hairshop\",\"description\":\"professional products\",\"publisher\":{\"@id\":\"https:\/\/lhs.sandbox.techblendhq.com\/#organization\"},\"potentialAction\":[{\"@type\":\"SearchAction\",\"target\":{\"@type\":\"EntryPoint\",\"urlTemplate\":\"https:\/\/lhs.sandbox.techblendhq.com\/?s={search_term_string}\"},\"query-input\":{\"@type\":\"PropertyValueSpecification\",\"valueRequired\":true,\"valueName\":\"search_term_string\"}}],\"inLanguage\":\"pt-BR\"},{\"@type\":\"Organization\",\"@id\":\"https:\/\/lhs.sandbox.techblendhq.com\/#organization\",\"name\":\"Lucia\u00b4s Hairshop\",\"url\":\"https:\/\/lhs.sandbox.techblendhq.com\/\",\"logo\":{\"@type\":\"ImageObject\",\"inLanguage\":\"pt-BR\",\"@id\":\"https:\/\/lhs.sandbox.techblendhq.com\/#\/schema\/logo\/image\/\",\"url\":\"https:\/\/lhs.sandbox.techblendhq.com\/wp-content\/uploads\/2022\/09\/logo-lucias-hairshop.png\",\"contentUrl\":\"https:\/\/lhs.sandbox.techblendhq.com\/wp-content\/uploads\/2022\/09\/logo-lucias-hairshop.png\",\"width\":396,\"height\":125,\"caption\":\"Lucia\u00b4s Hairshop\"},\"image\":{\"@id\":\"https:\/\/lhs.sandbox.techblendhq.com\/#\/schema\/logo\/image\/\"}}]}<\/script>\n<!-- \/ Yoast SEO plugin. -->","yoast_head_json":{"title":"Breezy Clay MASK - Lucia's Hairshop","description":"M\u00e1scara de argila Breezy","robots":{"index":"index","follow":"follow","max-snippet":"max-snippet:-1","max-image-preview":"max-image-preview:large","max-video-preview":"max-video-preview:-1"},"canonical":"https:\/\/lhs.sandbox.techblendhq.com\/pt\/produto\/mascara-lola-cosmetics-drama-queen-pimenta-rosa\/","og_locale":"pt_BR","og_type":"article","og_title":"Breezy Clay MASKE - Lucia\u00b4s Hairshop","og_description":"Breezy Clay MASKE","og_url":"https:\/\/lhs.sandbox.techblendhq.com\/pt\/produto\/mascara-lola-cosmetics-drama-queen-pimenta-rosa\/","og_site_name":"Lucia\u00b4s Hairshop","article_modified_time":"2025-02-11T15:56:18+00:00","og_image":[{"width":1080,"height":1350,"url":"https:\/\/lhs.sandbox.techblendhq.com\/wp-content\/uploads\/2023\/06\/breezy_mascara.webp","type":"image\/webp"}],"twitter_card":"summary_large_image","twitter_misc":{"Est. tempo de leitura":"1 minuto"},"schema":{"@context":"https:\/\/schema.org","@graph":[{"@type":"WebPage","@id":"https:\/\/lhs.sandbox.techblendhq.com\/produkt\/lola-cosmetics-drama-queen-pimenta-rosa-maske\/","url":"https:\/\/lhs.sandbox.techblendhq.com\/produkt\/lola-cosmetics-drama-queen-pimenta-rosa-maske\/","name":"Breezy Clay MASK - Lucia's Hairshop","isPartOf":{"@id":"https:\/\/lhs.sandbox.techblendhq.com\/#website"},"primaryImageOfPage":{"@id":"https:\/\/lhs.sandbox.techblendhq.com\/produkt\/lola-cosmetics-drama-queen-pimenta-rosa-maske\/#primaryimage"},"image":{"@id":"https:\/\/lhs.sandbox.techblendhq.com\/produkt\/lola-cosmetics-drama-queen-pimenta-rosa-maske\/#primaryimage"},"thumbnailUrl":"https:\/\/lhs.sandbox.techblendhq.com\/wp-content\/uploads\/2023\/06\/breezy_mascara.webp","datePublished":"2023-06-15T06:57:49+00:00","dateModified":"2025-02-11T15:56:18+00:00","description":"M\u00e1scara de argila Breezy","breadcrumb":{"@id":"https:\/\/lhs.sandbox.techblendhq.com\/produkt\/lola-cosmetics-drama-queen-pimenta-rosa-maske\/#breadcrumb"},"inLanguage":"pt-BR","potentialAction":[{"@type":"ReadAction","target":["https:\/\/lhs.sandbox.techblendhq.com\/produkt\/lola-cosmetics-drama-queen-pimenta-rosa-maske\/"]}]},{"@type":"ImageObject","inLanguage":"pt-BR","@id":"https:\/\/lhs.sandbox.techblendhq.com\/produkt\/lola-cosmetics-drama-queen-pimenta-rosa-maske\/#primaryimage","url":"https:\/\/lhs.sandbox.techblendhq.com\/wp-content\/uploads\/2023\/06\/breezy_mascara.webp","contentUrl":"https:\/\/lhs.sandbox.techblendhq.com\/wp-content\/uploads\/2023\/06\/breezy_mascara.webp","width":1080,"height":1350},{"@type":"BreadcrumbList","@id":"https:\/\/lhs.sandbox.techblendhq.com\/produkt\/lola-cosmetics-drama-queen-pimenta-rosa-maske\/#breadcrumb","itemListElement":[{"@type":"ListItem","position":1,"name":"Shop","item":"https:\/\/lhs.sandbox.techblendhq.com\/"},{"@type":"ListItem","position":2,"name":"Marken","item":"https:\/\/lhs.sandbox.techblendhq.com\/produkt-kategorie\/marke\/"},{"@type":"ListItem","position":3,"name":"Purah Therapy","item":"https:\/\/lhs.sandbox.techblendhq.com\/produkt-kategorie\/marke\/purah-therapy\/"},{"@type":"ListItem","position":4,"name":"Breezy Clay MASKE"}]},{"@type":"WebSite","@id":"https:\/\/lhs.sandbox.techblendhq.com\/#website","url":"https:\/\/lhs.sandbox.techblendhq.com\/","name":"cabeleireiro da L\u00facia","description":"produtos profissionais","publisher":{"@id":"https:\/\/lhs.sandbox.techblendhq.com\/#organization"},"potentialAction":[{"@type":"SearchAction","target":{"@type":"EntryPoint","urlTemplate":"https:\/\/lhs.sandbox.techblendhq.com\/?s={search_term_string}"},"query-input":{"@type":"PropertyValueSpecification","valueRequired":true,"valueName":"search_term_string"}}],"inLanguage":"pt-BR"},{"@type":"Organization","@id":"https:\/\/lhs.sandbox.techblendhq.com\/#organization","name":"cabeleireiro da L\u00facia","url":"https:\/\/lhs.sandbox.techblendhq.com\/","logo":{"@type":"ImageObject","inLanguage":"pt-BR","@id":"https:\/\/lhs.sandbox.techblendhq.com\/#\/schema\/logo\/image\/","url":"https:\/\/lhs.sandbox.techblendhq.com\/wp-content\/uploads\/2022\/09\/logo-lucias-hairshop.png","contentUrl":"https:\/\/lhs.sandbox.techblendhq.com\/wp-content\/uploads\/2022\/09\/logo-lucias-hairshop.png","width":396,"height":125,"caption":"Lucia\u00b4s Hairshop"},"image":{"@id":"https:\/\/lhs.sandbox.techblendhq.com\/#\/schema\/logo\/image\/"}}]}},"_links":{"self":[{"href":"https:\/\/lhs.sandbox.techblendhq.com\/pt\/wp-json\/wp\/v2\/product\/10658","targetHints":{"allow":["GET"]}}],"collection":[{"href":"https:\/\/lhs.sandbox.techblendhq.com\/pt\/wp-json\/wp\/v2\/product"}],"about":[{"href":"https:\/\/lhs.sandbox.techblendhq.com\/pt\/wp-json\/wp\/v2\/types\/product"}],"replies":[{"embeddable":true,"href":"https:\/\/lhs.sandbox.techblendhq.com\/pt\/wp-json\/wp\/v2\/comments?post=10658"}],"version-history":[{"count":3,"href":"https:\/\/lhs.sandbox.techblendhq.com\/pt\/wp-json\/wp\/v2\/product\/10658\/revisions"}],"predecessor-version":[{"id":12518,"href":"https:\/\/lhs.sandbox.techblendhq.com\/pt\/wp-json\/wp\/v2\/product\/10658\/revisions\/12518"}],"wp:featuredmedia":[{"embeddable":true,"href":"https:\/\/lhs.sandbox.techblendhq.com\/pt\/wp-json\/wp\/v2\/media\/12517"}],"wp:attachment":[{"href":"https:\/\/lhs.sandbox.techblendhq.com\/pt\/wp-json\/wp\/v2\/media?parent=10658"}],"wp:term":[{"taxonomy":"product_brand","embeddable":true,"href":"https:\/\/lhs.sandbox.techblendhq.com\/pt\/wp-json\/wp\/v2\/product_brand?post=10658"},{"taxonomy":"product_cat","embeddable":true,"href":"https:\/\/lhs.sandbox.techblendhq.com\/pt\/wp-json\/wp\/v2\/product_cat?post=10658"},{"taxonomy":"product_tag","embeddable":true,"href":"https:\/\/lhs.sandbox.techblendhq.com\/pt\/wp-json\/wp\/v2\/product_tag?post=10658"}],"curies":[{"name":"wp","href":"https:\/\/api.w.org\/{rel}","templated":true}]}}