{"id":10900,"date":"2023-07-25T17:48:32","date_gmt":"2023-07-25T15:48:32","guid":{"rendered":"http:\/\/wordpress.p631247.webspaceconfig.de\/?post_type=product&#038;p=10900"},"modified":"2023-10-06T12:59:38","modified_gmt":"2023-10-06T10:59:38","slug":"purah-beauty-lumino-serum","status":"publish","type":"product","link":"https:\/\/lhs.sandbox.techblendhq.com\/pt\/produto\/purah-beauty-lumino-serum\/","title":{"rendered":"Purah Beauty Lumino Serum"},"content":{"rendered":"<div class=\"product\">\n<div class=\"formbody\">\n<div class=\"descriptionbox\">\n<div class=\"description\">\n<div class=\"product\">\n<div class=\"formbody\">\n<div class=\"descriptionbox\">\n<div class=\"description\">\n<p class=\"p1\">O Purah Beauty Deep Care Serum tem uma f\u00f3rmula rica em silicones puros que formam uma barreira protetora contra influ\u00eancias externas e tornam o cabelo mais brilhante, macio e sedoso. Ele tamb\u00e9m protege contra os efeitos nocivos dos raios solares.<br \/>\nAplique uma pequena quantidade de produto do centro para as pontas do cabelo \u00famido ou seco. N\u00e3o enx\u00e1gue. Externo<\/p>\n<p class=\"p1\">Aplica\u00e7\u00e3o. Mantenha-o fora do alcance de crian\u00e7as e longe do calor excessivo.<\/p>\n<\/div>\n<\/div>\n<\/div>\n<\/div>\n<\/div>\n<\/div>\n<\/div>\n<\/div>","protected":false},"excerpt":{"rendered":"<p>Das Purah Beauty Deep Care Serum hat eine Formel, die reich an reinen Silikonen ist, die eine Schutzbarriere gegen \u00e4u\u00dfere Einfl\u00fcsse bilden und das Haar gl\u00e4nzender, geschmeidiger und seidiger machen. Au\u00dferdem sch\u00fctzt es vor der sch\u00e4dlichen Wirkung der Sonnenstrahlen. Eine kleine Menge des Produkts von der Mitte bis zu den Spitzen des feuchten oder trockenen [&hellip;]<\/p>","protected":false},"featured_media":10901,"comment_status":"closed","ping_status":"closed","template":"","meta":[],"product_brand":[],"product_cat":[806,905,612,697,641,647],"product_tag":[],"class_list":{"0":"post-10900","1":"product","2":"type-product","3":"status-publish","4":"has-post-thumbnail","6":"product_cat-haaroel","7":"product_cat-haaroel-purah","8":"product_cat-purah","9":"product_cat-leave-in-purah","10":"product_cat-haarpflege","11":"product_cat-leave-in","13":"first","14":"instock","15":"taxable","16":"shipping-taxable","17":"purchasable","18":"product-type-simple"},"yoast_head":"<!-- This site is optimized with the Yoast SEO plugin v26.8 - https:\/\/yoast.com\/product\/yoast-seo-wordpress\/ -->\n<title>Purah Beauty Lumino Serum - Lucia\u00b4s Hairshop<\/title>\n<meta name=\"description\" content=\"Purah Beauty Lumino Serum\" \/>\n<meta name=\"robots\" content=\"index, follow, max-snippet:-1, max-image-preview:large, max-video-preview:-1\" \/>\n<link rel=\"canonical\" href=\"https:\/\/lhs.sandbox.techblendhq.com\/pt\/produto\/purah-beauty-lumino-serum\/\" \/>\n<meta property=\"og:locale\" content=\"pt_BR\" \/>\n<meta property=\"og:type\" content=\"article\" \/>\n<meta property=\"og:title\" content=\"Purah Beauty Lumino Serum - Lucia\u00b4s Hairshop\" \/>\n<meta property=\"og:description\" content=\"Purah Beauty Lumino Serum\" \/>\n<meta property=\"og:url\" content=\"https:\/\/lhs.sandbox.techblendhq.com\/pt\/produto\/purah-beauty-lumino-serum\/\" \/>\n<meta property=\"og:site_name\" content=\"Lucia\u00b4s Hairshop\" \/>\n<meta property=\"article:modified_time\" content=\"2023-10-06T10:59:38+00:00\" \/>\n<meta property=\"og:image\" content=\"https:\/\/lhs.sandbox.techblendhq.com\/wp-content\/uploads\/2023\/07\/Serum-Lumino-.png\" \/>\n\t<meta property=\"og:image:width\" content=\"1080\" \/>\n\t<meta property=\"og:image:height\" content=\"1350\" \/>\n\t<meta property=\"og:image:type\" content=\"image\/png\" \/>\n<meta name=\"twitter:card\" content=\"summary_large_image\" \/>\n<script type=\"application\/ld+json\" class=\"yoast-schema-graph\">{\"@context\":\"https:\/\/schema.org\",\"@graph\":[{\"@type\":\"WebPage\",\"@id\":\"https:\/\/lhs.sandbox.techblendhq.com\/produkt\/purah-beauty-lumino-serum\/\",\"url\":\"https:\/\/lhs.sandbox.techblendhq.com\/produkt\/purah-beauty-lumino-serum\/\",\"name\":\"Purah Beauty Lumino Serum - Lucia\u00b4s Hairshop\",\"isPartOf\":{\"@id\":\"https:\/\/lhs.sandbox.techblendhq.com\/#website\"},\"primaryImageOfPage\":{\"@id\":\"https:\/\/lhs.sandbox.techblendhq.com\/produkt\/purah-beauty-lumino-serum\/#primaryimage\"},\"image\":{\"@id\":\"https:\/\/lhs.sandbox.techblendhq.com\/produkt\/purah-beauty-lumino-serum\/#primaryimage\"},\"thumbnailUrl\":\"https:\/\/lhs.sandbox.techblendhq.com\/wp-content\/uploads\/2023\/07\/Serum-Lumino-.png\",\"datePublished\":\"2023-07-25T15:48:32+00:00\",\"dateModified\":\"2023-10-06T10:59:38+00:00\",\"description\":\"Purah Beauty Lumino Serum\",\"breadcrumb\":{\"@id\":\"https:\/\/lhs.sandbox.techblendhq.com\/produkt\/purah-beauty-lumino-serum\/#breadcrumb\"},\"inLanguage\":\"pt-BR\",\"potentialAction\":[{\"@type\":\"ReadAction\",\"target\":[\"https:\/\/lhs.sandbox.techblendhq.com\/produkt\/purah-beauty-lumino-serum\/\"]}]},{\"@type\":\"ImageObject\",\"inLanguage\":\"pt-BR\",\"@id\":\"https:\/\/lhs.sandbox.techblendhq.com\/produkt\/purah-beauty-lumino-serum\/#primaryimage\",\"url\":\"https:\/\/lhs.sandbox.techblendhq.com\/wp-content\/uploads\/2023\/07\/Serum-Lumino-.png\",\"contentUrl\":\"https:\/\/lhs.sandbox.techblendhq.com\/wp-content\/uploads\/2023\/07\/Serum-Lumino-.png\",\"width\":1080,\"height\":1350},{\"@type\":\"BreadcrumbList\",\"@id\":\"https:\/\/lhs.sandbox.techblendhq.com\/produkt\/purah-beauty-lumino-serum\/#breadcrumb\",\"itemListElement\":[{\"@type\":\"ListItem\",\"position\":1,\"name\":\"Shop\",\"item\":\"https:\/\/lhs.sandbox.techblendhq.com\/\"},{\"@type\":\"ListItem\",\"position\":2,\"name\":\"Marken\",\"item\":\"https:\/\/lhs.sandbox.techblendhq.com\/produkt-kategorie\/marke\/\"},{\"@type\":\"ListItem\",\"position\":3,\"name\":\"Purah\",\"item\":\"https:\/\/lhs.sandbox.techblendhq.com\/produkt-kategorie\/marke\/purah\/\"},{\"@type\":\"ListItem\",\"position\":4,\"name\":\"Purah Beauty Lumino Serum\"}]},{\"@type\":\"WebSite\",\"@id\":\"https:\/\/lhs.sandbox.techblendhq.com\/#website\",\"url\":\"https:\/\/lhs.sandbox.techblendhq.com\/\",\"name\":\"Lucia\u00b4s Hairshop\",\"description\":\"professional products\",\"publisher\":{\"@id\":\"https:\/\/lhs.sandbox.techblendhq.com\/#organization\"},\"potentialAction\":[{\"@type\":\"SearchAction\",\"target\":{\"@type\":\"EntryPoint\",\"urlTemplate\":\"https:\/\/lhs.sandbox.techblendhq.com\/?s={search_term_string}\"},\"query-input\":{\"@type\":\"PropertyValueSpecification\",\"valueRequired\":true,\"valueName\":\"search_term_string\"}}],\"inLanguage\":\"pt-BR\"},{\"@type\":\"Organization\",\"@id\":\"https:\/\/lhs.sandbox.techblendhq.com\/#organization\",\"name\":\"Lucia\u00b4s Hairshop\",\"url\":\"https:\/\/lhs.sandbox.techblendhq.com\/\",\"logo\":{\"@type\":\"ImageObject\",\"inLanguage\":\"pt-BR\",\"@id\":\"https:\/\/lhs.sandbox.techblendhq.com\/#\/schema\/logo\/image\/\",\"url\":\"https:\/\/lhs.sandbox.techblendhq.com\/wp-content\/uploads\/2022\/09\/logo-lucias-hairshop.png\",\"contentUrl\":\"https:\/\/lhs.sandbox.techblendhq.com\/wp-content\/uploads\/2022\/09\/logo-lucias-hairshop.png\",\"width\":396,\"height\":125,\"caption\":\"Lucia\u00b4s Hairshop\"},\"image\":{\"@id\":\"https:\/\/lhs.sandbox.techblendhq.com\/#\/schema\/logo\/image\/\"}}]}<\/script>\n<!-- \/ Yoast SEO plugin. -->","yoast_head_json":{"title":"Purah Beauty Lumino Serum - Lucia's Hairshop","description":"Purah Beauty Lumino Serum","robots":{"index":"index","follow":"follow","max-snippet":"max-snippet:-1","max-image-preview":"max-image-preview:large","max-video-preview":"max-video-preview:-1"},"canonical":"https:\/\/lhs.sandbox.techblendhq.com\/pt\/produto\/purah-beauty-lumino-serum\/","og_locale":"pt_BR","og_type":"article","og_title":"Purah Beauty Lumino Serum - Lucia\u00b4s Hairshop","og_description":"Purah Beauty Lumino Serum","og_url":"https:\/\/lhs.sandbox.techblendhq.com\/pt\/produto\/purah-beauty-lumino-serum\/","og_site_name":"Lucia\u00b4s Hairshop","article_modified_time":"2023-10-06T10:59:38+00:00","og_image":[{"width":1080,"height":1350,"url":"https:\/\/lhs.sandbox.techblendhq.com\/wp-content\/uploads\/2023\/07\/Serum-Lumino-.png","type":"image\/png"}],"twitter_card":"summary_large_image","schema":{"@context":"https:\/\/schema.org","@graph":[{"@type":"WebPage","@id":"https:\/\/lhs.sandbox.techblendhq.com\/produkt\/purah-beauty-lumino-serum\/","url":"https:\/\/lhs.sandbox.techblendhq.com\/produkt\/purah-beauty-lumino-serum\/","name":"Purah Beauty Lumino Serum - Lucia's Hairshop","isPartOf":{"@id":"https:\/\/lhs.sandbox.techblendhq.com\/#website"},"primaryImageOfPage":{"@id":"https:\/\/lhs.sandbox.techblendhq.com\/produkt\/purah-beauty-lumino-serum\/#primaryimage"},"image":{"@id":"https:\/\/lhs.sandbox.techblendhq.com\/produkt\/purah-beauty-lumino-serum\/#primaryimage"},"thumbnailUrl":"https:\/\/lhs.sandbox.techblendhq.com\/wp-content\/uploads\/2023\/07\/Serum-Lumino-.png","datePublished":"2023-07-25T15:48:32+00:00","dateModified":"2023-10-06T10:59:38+00:00","description":"Purah Beauty Lumino Serum","breadcrumb":{"@id":"https:\/\/lhs.sandbox.techblendhq.com\/produkt\/purah-beauty-lumino-serum\/#breadcrumb"},"inLanguage":"pt-BR","potentialAction":[{"@type":"ReadAction","target":["https:\/\/lhs.sandbox.techblendhq.com\/produkt\/purah-beauty-lumino-serum\/"]}]},{"@type":"ImageObject","inLanguage":"pt-BR","@id":"https:\/\/lhs.sandbox.techblendhq.com\/produkt\/purah-beauty-lumino-serum\/#primaryimage","url":"https:\/\/lhs.sandbox.techblendhq.com\/wp-content\/uploads\/2023\/07\/Serum-Lumino-.png","contentUrl":"https:\/\/lhs.sandbox.techblendhq.com\/wp-content\/uploads\/2023\/07\/Serum-Lumino-.png","width":1080,"height":1350},{"@type":"BreadcrumbList","@id":"https:\/\/lhs.sandbox.techblendhq.com\/produkt\/purah-beauty-lumino-serum\/#breadcrumb","itemListElement":[{"@type":"ListItem","position":1,"name":"Shop","item":"https:\/\/lhs.sandbox.techblendhq.com\/"},{"@type":"ListItem","position":2,"name":"Marken","item":"https:\/\/lhs.sandbox.techblendhq.com\/produkt-kategorie\/marke\/"},{"@type":"ListItem","position":3,"name":"Purah","item":"https:\/\/lhs.sandbox.techblendhq.com\/produkt-kategorie\/marke\/purah\/"},{"@type":"ListItem","position":4,"name":"Purah Beauty Lumino Serum"}]},{"@type":"WebSite","@id":"https:\/\/lhs.sandbox.techblendhq.com\/#website","url":"https:\/\/lhs.sandbox.techblendhq.com\/","name":"cabeleireiro da L\u00facia","description":"produtos profissionais","publisher":{"@id":"https:\/\/lhs.sandbox.techblendhq.com\/#organization"},"potentialAction":[{"@type":"SearchAction","target":{"@type":"EntryPoint","urlTemplate":"https:\/\/lhs.sandbox.techblendhq.com\/?s={search_term_string}"},"query-input":{"@type":"PropertyValueSpecification","valueRequired":true,"valueName":"search_term_string"}}],"inLanguage":"pt-BR"},{"@type":"Organization","@id":"https:\/\/lhs.sandbox.techblendhq.com\/#organization","name":"cabeleireiro da L\u00facia","url":"https:\/\/lhs.sandbox.techblendhq.com\/","logo":{"@type":"ImageObject","inLanguage":"pt-BR","@id":"https:\/\/lhs.sandbox.techblendhq.com\/#\/schema\/logo\/image\/","url":"https:\/\/lhs.sandbox.techblendhq.com\/wp-content\/uploads\/2022\/09\/logo-lucias-hairshop.png","contentUrl":"https:\/\/lhs.sandbox.techblendhq.com\/wp-content\/uploads\/2022\/09\/logo-lucias-hairshop.png","width":396,"height":125,"caption":"Lucia\u00b4s Hairshop"},"image":{"@id":"https:\/\/lhs.sandbox.techblendhq.com\/#\/schema\/logo\/image\/"}}]}},"_links":{"self":[{"href":"https:\/\/lhs.sandbox.techblendhq.com\/pt\/wp-json\/wp\/v2\/product\/10900","targetHints":{"allow":["GET"]}}],"collection":[{"href":"https:\/\/lhs.sandbox.techblendhq.com\/pt\/wp-json\/wp\/v2\/product"}],"about":[{"href":"https:\/\/lhs.sandbox.techblendhq.com\/pt\/wp-json\/wp\/v2\/types\/product"}],"replies":[{"embeddable":true,"href":"https:\/\/lhs.sandbox.techblendhq.com\/pt\/wp-json\/wp\/v2\/comments?post=10900"}],"version-history":[{"count":1,"href":"https:\/\/lhs.sandbox.techblendhq.com\/pt\/wp-json\/wp\/v2\/product\/10900\/revisions"}],"predecessor-version":[{"id":10902,"href":"https:\/\/lhs.sandbox.techblendhq.com\/pt\/wp-json\/wp\/v2\/product\/10900\/revisions\/10902"}],"wp:featuredmedia":[{"embeddable":true,"href":"https:\/\/lhs.sandbox.techblendhq.com\/pt\/wp-json\/wp\/v2\/media\/10901"}],"wp:attachment":[{"href":"https:\/\/lhs.sandbox.techblendhq.com\/pt\/wp-json\/wp\/v2\/media?parent=10900"}],"wp:term":[{"taxonomy":"product_brand","embeddable":true,"href":"https:\/\/lhs.sandbox.techblendhq.com\/pt\/wp-json\/wp\/v2\/product_brand?post=10900"},{"taxonomy":"product_cat","embeddable":true,"href":"https:\/\/lhs.sandbox.techblendhq.com\/pt\/wp-json\/wp\/v2\/product_cat?post=10900"},{"taxonomy":"product_tag","embeddable":true,"href":"https:\/\/lhs.sandbox.techblendhq.com\/pt\/wp-json\/wp\/v2\/product_tag?post=10900"}],"curies":[{"name":"wp","href":"https:\/\/api.w.org\/{rel}","templated":true}]}}