{"id":10913,"date":"2023-07-25T18:04:49","date_gmt":"2023-07-25T16:04:49","guid":{"rendered":"http:\/\/wordpress.p631247.webspaceconfig.de\/?post_type=product&#038;p=10913"},"modified":"2025-07-25T10:39:58","modified_gmt":"2025-07-25T08:39:58","slug":"purah-beauty-restore-maske","status":"publish","type":"product","link":"https:\/\/lhs.sandbox.techblendhq.com\/pt\/produto\/mascara-purah-beauty-restore\/","title":{"rendered":"M\u00e1scara Purah Beauty Restore"},"content":{"rendered":"<div class=\"product\">\n<div class=\"formbody\">\n<div class=\"descriptionbox\">\n<div class=\"description\">\n<p class=\"p1\">A Restore Mask \u00e9 adequada para cabelos secos e desidratados que foram quimicamente tratados e precisam ser reconstru\u00eddos. Ela nutre, reabastece e reconstr\u00f3i a fibra capilar e melhora a elasticidade e a densidade do cabelo.<\/p>\n<\/div>\n<\/div>\n<\/div>\n<\/div>\n<p>&nbsp;<\/p>\n<p>&nbsp;<\/p>\n<p>&nbsp;<\/p>","protected":false},"excerpt":{"rendered":"<p>A Restore Mask \u00e9 adequada para cabelos secos e desidratados que foram quimicamente tratados e precisam ser reconstru\u00eddos. Ela nutre, reabastece e reconstr\u00f3i a fibra capilar e melhora a elasticidade e a densidade do cabelo. &nbsp; &nbsp; &nbsp;<\/p>","protected":false},"featured_media":10916,"comment_status":"open","ping_status":"closed","template":"","meta":[],"product_brand":[],"product_cat":[852,807,909,612,641,683],"product_tag":[],"class_list":{"0":"post-10913","1":"product","2":"type-product","3":"status-publish","4":"has-post-thumbnail","6":"product_cat-conditioner-purah","7":"product_cat-haarmaske-und-conditioner","8":"product_cat-haarmaske-und-conditioner-purah","9":"product_cat-purah","10":"product_cat-haarpflege","11":"product_cat-conditioner","13":"first","14":"instock","15":"taxable","16":"shipping-taxable","17":"purchasable","18":"product-type-simple"},"yoast_head":"<!-- This site is optimized with the Yoast SEO plugin v26.8 - https:\/\/yoast.com\/product\/yoast-seo-wordpress\/ -->\n<title>Purah Beauty Restore Maske - Lucia\u00b4s Hairshop<\/title>\n<meta name=\"description\" content=\"Purah Beauty Restore Maske\" \/>\n<meta name=\"robots\" content=\"index, follow, max-snippet:-1, max-image-preview:large, max-video-preview:-1\" \/>\n<link rel=\"canonical\" href=\"https:\/\/lhs.sandbox.techblendhq.com\/pt\/produto\/mascara-purah-beauty-restore\/\" \/>\n<meta property=\"og:locale\" content=\"pt_BR\" \/>\n<meta property=\"og:type\" content=\"article\" \/>\n<meta property=\"og:title\" content=\"Purah Beauty Restore Maske - Lucia\u00b4s Hairshop\" \/>\n<meta property=\"og:description\" content=\"Purah Beauty Restore Maske\" \/>\n<meta property=\"og:url\" content=\"https:\/\/lhs.sandbox.techblendhq.com\/pt\/produto\/mascara-purah-beauty-restore\/\" \/>\n<meta property=\"og:site_name\" content=\"Lucia\u00b4s Hairshop\" \/>\n<meta property=\"article:modified_time\" content=\"2025-07-25T08:39:58+00:00\" \/>\n<meta property=\"og:image\" content=\"https:\/\/lhs.sandbox.techblendhq.com\/wp-content\/uploads\/2023\/07\/Mascara-Restore.png\" \/>\n\t<meta property=\"og:image:width\" content=\"1080\" \/>\n\t<meta property=\"og:image:height\" content=\"1350\" \/>\n\t<meta property=\"og:image:type\" content=\"image\/png\" \/>\n<meta name=\"twitter:card\" content=\"summary_large_image\" \/>\n<script type=\"application\/ld+json\" class=\"yoast-schema-graph\">{\"@context\":\"https:\/\/schema.org\",\"@graph\":[{\"@type\":\"WebPage\",\"@id\":\"https:\/\/lhs.sandbox.techblendhq.com\/produkt\/purah-beauty-restore-maske\/\",\"url\":\"https:\/\/lhs.sandbox.techblendhq.com\/produkt\/purah-beauty-restore-maske\/\",\"name\":\"Purah Beauty Restore Maske - Lucia\u00b4s Hairshop\",\"isPartOf\":{\"@id\":\"https:\/\/lhs.sandbox.techblendhq.com\/#website\"},\"primaryImageOfPage\":{\"@id\":\"https:\/\/lhs.sandbox.techblendhq.com\/produkt\/purah-beauty-restore-maske\/#primaryimage\"},\"image\":{\"@id\":\"https:\/\/lhs.sandbox.techblendhq.com\/produkt\/purah-beauty-restore-maske\/#primaryimage\"},\"thumbnailUrl\":\"https:\/\/lhs.sandbox.techblendhq.com\/wp-content\/uploads\/2023\/07\/Mascara-Restore.png\",\"datePublished\":\"2023-07-25T16:04:49+00:00\",\"dateModified\":\"2025-07-25T08:39:58+00:00\",\"description\":\"Purah Beauty Restore Maske\",\"breadcrumb\":{\"@id\":\"https:\/\/lhs.sandbox.techblendhq.com\/produkt\/purah-beauty-restore-maske\/#breadcrumb\"},\"inLanguage\":\"pt-BR\",\"potentialAction\":[{\"@type\":\"ReadAction\",\"target\":[\"https:\/\/lhs.sandbox.techblendhq.com\/produkt\/purah-beauty-restore-maske\/\"]}]},{\"@type\":\"ImageObject\",\"inLanguage\":\"pt-BR\",\"@id\":\"https:\/\/lhs.sandbox.techblendhq.com\/produkt\/purah-beauty-restore-maske\/#primaryimage\",\"url\":\"https:\/\/lhs.sandbox.techblendhq.com\/wp-content\/uploads\/2023\/07\/Mascara-Restore.png\",\"contentUrl\":\"https:\/\/lhs.sandbox.techblendhq.com\/wp-content\/uploads\/2023\/07\/Mascara-Restore.png\",\"width\":1080,\"height\":1350},{\"@type\":\"BreadcrumbList\",\"@id\":\"https:\/\/lhs.sandbox.techblendhq.com\/produkt\/purah-beauty-restore-maske\/#breadcrumb\",\"itemListElement\":[{\"@type\":\"ListItem\",\"position\":1,\"name\":\"Shop\",\"item\":\"https:\/\/lhs.sandbox.techblendhq.com\/\"},{\"@type\":\"ListItem\",\"position\":2,\"name\":\"Marken\",\"item\":\"https:\/\/lhs.sandbox.techblendhq.com\/produkt-kategorie\/marke\/\"},{\"@type\":\"ListItem\",\"position\":3,\"name\":\"Purah\",\"item\":\"https:\/\/lhs.sandbox.techblendhq.com\/produkt-kategorie\/marke\/purah\/\"},{\"@type\":\"ListItem\",\"position\":4,\"name\":\"Purah Beauty Restore Maske\"}]},{\"@type\":\"WebSite\",\"@id\":\"https:\/\/lhs.sandbox.techblendhq.com\/#website\",\"url\":\"https:\/\/lhs.sandbox.techblendhq.com\/\",\"name\":\"Lucia\u00b4s Hairshop\",\"description\":\"professional products\",\"publisher\":{\"@id\":\"https:\/\/lhs.sandbox.techblendhq.com\/#organization\"},\"potentialAction\":[{\"@type\":\"SearchAction\",\"target\":{\"@type\":\"EntryPoint\",\"urlTemplate\":\"https:\/\/lhs.sandbox.techblendhq.com\/?s={search_term_string}\"},\"query-input\":{\"@type\":\"PropertyValueSpecification\",\"valueRequired\":true,\"valueName\":\"search_term_string\"}}],\"inLanguage\":\"pt-BR\"},{\"@type\":\"Organization\",\"@id\":\"https:\/\/lhs.sandbox.techblendhq.com\/#organization\",\"name\":\"Lucia\u00b4s Hairshop\",\"url\":\"https:\/\/lhs.sandbox.techblendhq.com\/\",\"logo\":{\"@type\":\"ImageObject\",\"inLanguage\":\"pt-BR\",\"@id\":\"https:\/\/lhs.sandbox.techblendhq.com\/#\/schema\/logo\/image\/\",\"url\":\"https:\/\/lhs.sandbox.techblendhq.com\/wp-content\/uploads\/2022\/09\/logo-lucias-hairshop.png\",\"contentUrl\":\"https:\/\/lhs.sandbox.techblendhq.com\/wp-content\/uploads\/2022\/09\/logo-lucias-hairshop.png\",\"width\":396,\"height\":125,\"caption\":\"Lucia\u00b4s Hairshop\"},\"image\":{\"@id\":\"https:\/\/lhs.sandbox.techblendhq.com\/#\/schema\/logo\/image\/\"}}]}<\/script>\n<!-- \/ Yoast SEO plugin. -->","yoast_head_json":{"title":"M\u00e1scara Purah Beauty Restore - Lucia's Hairshop","description":"M\u00e1scara Purah Beauty Restore","robots":{"index":"index","follow":"follow","max-snippet":"max-snippet:-1","max-image-preview":"max-image-preview:large","max-video-preview":"max-video-preview:-1"},"canonical":"https:\/\/lhs.sandbox.techblendhq.com\/pt\/produto\/mascara-purah-beauty-restore\/","og_locale":"pt_BR","og_type":"article","og_title":"Purah Beauty Restore Maske - Lucia\u00b4s Hairshop","og_description":"Purah Beauty Restore Maske","og_url":"https:\/\/lhs.sandbox.techblendhq.com\/pt\/produto\/mascara-purah-beauty-restore\/","og_site_name":"Lucia\u00b4s Hairshop","article_modified_time":"2025-07-25T08:39:58+00:00","og_image":[{"width":1080,"height":1350,"url":"https:\/\/lhs.sandbox.techblendhq.com\/wp-content\/uploads\/2023\/07\/Mascara-Restore.png","type":"image\/png"}],"twitter_card":"summary_large_image","schema":{"@context":"https:\/\/schema.org","@graph":[{"@type":"WebPage","@id":"https:\/\/lhs.sandbox.techblendhq.com\/produkt\/purah-beauty-restore-maske\/","url":"https:\/\/lhs.sandbox.techblendhq.com\/produkt\/purah-beauty-restore-maske\/","name":"M\u00e1scara Purah Beauty Restore - Lucia's Hairshop","isPartOf":{"@id":"https:\/\/lhs.sandbox.techblendhq.com\/#website"},"primaryImageOfPage":{"@id":"https:\/\/lhs.sandbox.techblendhq.com\/produkt\/purah-beauty-restore-maske\/#primaryimage"},"image":{"@id":"https:\/\/lhs.sandbox.techblendhq.com\/produkt\/purah-beauty-restore-maske\/#primaryimage"},"thumbnailUrl":"https:\/\/lhs.sandbox.techblendhq.com\/wp-content\/uploads\/2023\/07\/Mascara-Restore.png","datePublished":"2023-07-25T16:04:49+00:00","dateModified":"2025-07-25T08:39:58+00:00","description":"M\u00e1scara Purah Beauty Restore","breadcrumb":{"@id":"https:\/\/lhs.sandbox.techblendhq.com\/produkt\/purah-beauty-restore-maske\/#breadcrumb"},"inLanguage":"pt-BR","potentialAction":[{"@type":"ReadAction","target":["https:\/\/lhs.sandbox.techblendhq.com\/produkt\/purah-beauty-restore-maske\/"]}]},{"@type":"ImageObject","inLanguage":"pt-BR","@id":"https:\/\/lhs.sandbox.techblendhq.com\/produkt\/purah-beauty-restore-maske\/#primaryimage","url":"https:\/\/lhs.sandbox.techblendhq.com\/wp-content\/uploads\/2023\/07\/Mascara-Restore.png","contentUrl":"https:\/\/lhs.sandbox.techblendhq.com\/wp-content\/uploads\/2023\/07\/Mascara-Restore.png","width":1080,"height":1350},{"@type":"BreadcrumbList","@id":"https:\/\/lhs.sandbox.techblendhq.com\/produkt\/purah-beauty-restore-maske\/#breadcrumb","itemListElement":[{"@type":"ListItem","position":1,"name":"Shop","item":"https:\/\/lhs.sandbox.techblendhq.com\/"},{"@type":"ListItem","position":2,"name":"Marken","item":"https:\/\/lhs.sandbox.techblendhq.com\/produkt-kategorie\/marke\/"},{"@type":"ListItem","position":3,"name":"Purah","item":"https:\/\/lhs.sandbox.techblendhq.com\/produkt-kategorie\/marke\/purah\/"},{"@type":"ListItem","position":4,"name":"Purah Beauty Restore Maske"}]},{"@type":"WebSite","@id":"https:\/\/lhs.sandbox.techblendhq.com\/#website","url":"https:\/\/lhs.sandbox.techblendhq.com\/","name":"cabeleireiro da L\u00facia","description":"produtos profissionais","publisher":{"@id":"https:\/\/lhs.sandbox.techblendhq.com\/#organization"},"potentialAction":[{"@type":"SearchAction","target":{"@type":"EntryPoint","urlTemplate":"https:\/\/lhs.sandbox.techblendhq.com\/?s={search_term_string}"},"query-input":{"@type":"PropertyValueSpecification","valueRequired":true,"valueName":"search_term_string"}}],"inLanguage":"pt-BR"},{"@type":"Organization","@id":"https:\/\/lhs.sandbox.techblendhq.com\/#organization","name":"cabeleireiro da L\u00facia","url":"https:\/\/lhs.sandbox.techblendhq.com\/","logo":{"@type":"ImageObject","inLanguage":"pt-BR","@id":"https:\/\/lhs.sandbox.techblendhq.com\/#\/schema\/logo\/image\/","url":"https:\/\/lhs.sandbox.techblendhq.com\/wp-content\/uploads\/2022\/09\/logo-lucias-hairshop.png","contentUrl":"https:\/\/lhs.sandbox.techblendhq.com\/wp-content\/uploads\/2022\/09\/logo-lucias-hairshop.png","width":396,"height":125,"caption":"Lucia\u00b4s Hairshop"},"image":{"@id":"https:\/\/lhs.sandbox.techblendhq.com\/#\/schema\/logo\/image\/"}}]}},"_links":{"self":[{"href":"https:\/\/lhs.sandbox.techblendhq.com\/pt\/wp-json\/wp\/v2\/product\/10913","targetHints":{"allow":["GET"]}}],"collection":[{"href":"https:\/\/lhs.sandbox.techblendhq.com\/pt\/wp-json\/wp\/v2\/product"}],"about":[{"href":"https:\/\/lhs.sandbox.techblendhq.com\/pt\/wp-json\/wp\/v2\/types\/product"}],"replies":[{"embeddable":true,"href":"https:\/\/lhs.sandbox.techblendhq.com\/pt\/wp-json\/wp\/v2\/comments?post=10913"}],"version-history":[{"count":1,"href":"https:\/\/lhs.sandbox.techblendhq.com\/pt\/wp-json\/wp\/v2\/product\/10913\/revisions"}],"predecessor-version":[{"id":10917,"href":"https:\/\/lhs.sandbox.techblendhq.com\/pt\/wp-json\/wp\/v2\/product\/10913\/revisions\/10917"}],"wp:featuredmedia":[{"embeddable":true,"href":"https:\/\/lhs.sandbox.techblendhq.com\/pt\/wp-json\/wp\/v2\/media\/10916"}],"wp:attachment":[{"href":"https:\/\/lhs.sandbox.techblendhq.com\/pt\/wp-json\/wp\/v2\/media?parent=10913"}],"wp:term":[{"taxonomy":"product_brand","embeddable":true,"href":"https:\/\/lhs.sandbox.techblendhq.com\/pt\/wp-json\/wp\/v2\/product_brand?post=10913"},{"taxonomy":"product_cat","embeddable":true,"href":"https:\/\/lhs.sandbox.techblendhq.com\/pt\/wp-json\/wp\/v2\/product_cat?post=10913"},{"taxonomy":"product_tag","embeddable":true,"href":"https:\/\/lhs.sandbox.techblendhq.com\/pt\/wp-json\/wp\/v2\/product_tag?post=10913"}],"curies":[{"name":"wp","href":"https:\/\/api.w.org\/{rel}","templated":true}]}}