{"id":10921,"date":"2023-07-25T18:16:50","date_gmt":"2023-07-25T16:16:50","guid":{"rendered":"http:\/\/wordpress.p631247.webspaceconfig.de\/?post_type=product&#038;p=10921"},"modified":"2023-10-05T18:58:05","modified_gmt":"2023-10-05T16:58:05","slug":"purah-beauty-max-volume-shampoo","status":"publish","type":"product","link":"https:\/\/lhs.sandbox.techblendhq.com\/pt\/produto\/xampu-purah-beauty-max-volume\/","title":{"rendered":"Xampu Purah Beauty Max Volume"},"content":{"rendered":"<p>O Fruit Culture Extract da fruta Malus Domestica prolonga a vida da raiz do cabelo, retarda o envelhecimento das fibras capilares e, portanto, retarda o aparecimento dos primeiros cabelos brancos. Ao estimular a<span class=\"Apple-converted-space\">\u00a0 <\/span>A microcircula\u00e7\u00e3o, a raiz do cabelo \u00e9 mais bem suprida e a troca de nutrientes entre a raiz e a fibra capilar \u00e9 apoiada.<\/p>\n<p>&nbsp;<\/p>\n<p>&nbsp;<\/p>\n<p>&nbsp;<\/p>","protected":false},"excerpt":{"rendered":"<p>Der Fruit Culture Extract aus der Frucht Malus Domestica verl\u00e4ngert die Lebensdauer der Haarwurzel, verlangsamt die Alterung der Haarfasern und verz\u00f6gert somit das Auftreten erster grauer Haare. Durch Stimulation der\u00a0 Mikrozirkulation wird die Haarwurzel besser versorgt und der N\u00e4hrstoffaustausch zwischen Wurzel und Haarfaser unterst\u00fctzt. &nbsp; &nbsp; &nbsp;<\/p>","protected":false},"featured_media":10924,"comment_status":"open","ping_status":"closed","template":"","meta":[],"product_brand":[],"product_cat":[612,696,641,682],"product_tag":[],"class_list":{"0":"post-10921","1":"product","2":"type-product","3":"status-publish","4":"has-post-thumbnail","6":"product_cat-purah","7":"product_cat-shampoo-purah","8":"product_cat-haarpflege","9":"product_cat-schampoo","11":"first","12":"instock","13":"taxable","14":"shipping-taxable","15":"purchasable","16":"product-type-variable"},"yoast_head":"<!-- This site is optimized with the Yoast SEO plugin v26.8 - https:\/\/yoast.com\/product\/yoast-seo-wordpress\/ -->\n<title>Purah Beauty Max Volume Shampoo - Lucia\u00b4s Hairshop<\/title>\n<meta name=\"description\" content=\"Purah Beauty Max Volume Shampoo\" \/>\n<meta name=\"robots\" content=\"index, follow, max-snippet:-1, max-image-preview:large, max-video-preview:-1\" \/>\n<link rel=\"canonical\" href=\"https:\/\/lhs.sandbox.techblendhq.com\/pt\/produto\/xampu-purah-beauty-max-volume\/\" \/>\n<meta property=\"og:locale\" content=\"pt_BR\" \/>\n<meta property=\"og:type\" content=\"article\" \/>\n<meta property=\"og:title\" content=\"Purah Beauty Max Volume Shampoo - Lucia\u00b4s Hairshop\" \/>\n<meta property=\"og:description\" content=\"Purah Beauty Max Volume Shampoo\" \/>\n<meta property=\"og:url\" content=\"https:\/\/lhs.sandbox.techblendhq.com\/pt\/produto\/xampu-purah-beauty-max-volume\/\" \/>\n<meta property=\"og:site_name\" content=\"Lucia\u00b4s Hairshop\" \/>\n<meta property=\"article:modified_time\" content=\"2023-10-05T16:58:05+00:00\" \/>\n<meta property=\"og:image\" content=\"https:\/\/lhs.sandbox.techblendhq.com\/wp-content\/uploads\/2023\/07\/Shampoo-max-volume.png\" \/>\n\t<meta property=\"og:image:width\" content=\"1080\" \/>\n\t<meta property=\"og:image:height\" content=\"1350\" \/>\n\t<meta property=\"og:image:type\" content=\"image\/png\" \/>\n<meta name=\"twitter:card\" content=\"summary_large_image\" \/>\n<script type=\"application\/ld+json\" class=\"yoast-schema-graph\">{\"@context\":\"https:\/\/schema.org\",\"@graph\":[{\"@type\":\"WebPage\",\"@id\":\"https:\/\/lhs.sandbox.techblendhq.com\/produkt\/purah-beauty-max-volume-shampoo\/\",\"url\":\"https:\/\/lhs.sandbox.techblendhq.com\/produkt\/purah-beauty-max-volume-shampoo\/\",\"name\":\"Purah Beauty Max Volume Shampoo - Lucia\u00b4s Hairshop\",\"isPartOf\":{\"@id\":\"https:\/\/lhs.sandbox.techblendhq.com\/#website\"},\"primaryImageOfPage\":{\"@id\":\"https:\/\/lhs.sandbox.techblendhq.com\/produkt\/purah-beauty-max-volume-shampoo\/#primaryimage\"},\"image\":{\"@id\":\"https:\/\/lhs.sandbox.techblendhq.com\/produkt\/purah-beauty-max-volume-shampoo\/#primaryimage\"},\"thumbnailUrl\":\"https:\/\/lhs.sandbox.techblendhq.com\/wp-content\/uploads\/2023\/07\/Shampoo-max-volume.png\",\"datePublished\":\"2023-07-25T16:16:50+00:00\",\"dateModified\":\"2023-10-05T16:58:05+00:00\",\"description\":\"Purah Beauty Max Volume Shampoo\",\"breadcrumb\":{\"@id\":\"https:\/\/lhs.sandbox.techblendhq.com\/produkt\/purah-beauty-max-volume-shampoo\/#breadcrumb\"},\"inLanguage\":\"pt-BR\",\"potentialAction\":[{\"@type\":\"ReadAction\",\"target\":[\"https:\/\/lhs.sandbox.techblendhq.com\/produkt\/purah-beauty-max-volume-shampoo\/\"]}]},{\"@type\":\"ImageObject\",\"inLanguage\":\"pt-BR\",\"@id\":\"https:\/\/lhs.sandbox.techblendhq.com\/produkt\/purah-beauty-max-volume-shampoo\/#primaryimage\",\"url\":\"https:\/\/lhs.sandbox.techblendhq.com\/wp-content\/uploads\/2023\/07\/Shampoo-max-volume.png\",\"contentUrl\":\"https:\/\/lhs.sandbox.techblendhq.com\/wp-content\/uploads\/2023\/07\/Shampoo-max-volume.png\",\"width\":1080,\"height\":1350},{\"@type\":\"BreadcrumbList\",\"@id\":\"https:\/\/lhs.sandbox.techblendhq.com\/produkt\/purah-beauty-max-volume-shampoo\/#breadcrumb\",\"itemListElement\":[{\"@type\":\"ListItem\",\"position\":1,\"name\":\"Shop\",\"item\":\"https:\/\/lhs.sandbox.techblendhq.com\/\"},{\"@type\":\"ListItem\",\"position\":2,\"name\":\"Marken\",\"item\":\"https:\/\/lhs.sandbox.techblendhq.com\/produkt-kategorie\/marke\/\"},{\"@type\":\"ListItem\",\"position\":3,\"name\":\"Purah\",\"item\":\"https:\/\/lhs.sandbox.techblendhq.com\/produkt-kategorie\/marke\/purah\/\"},{\"@type\":\"ListItem\",\"position\":4,\"name\":\"Purah Beauty Max Volume Shampoo\"}]},{\"@type\":\"WebSite\",\"@id\":\"https:\/\/lhs.sandbox.techblendhq.com\/#website\",\"url\":\"https:\/\/lhs.sandbox.techblendhq.com\/\",\"name\":\"Lucia\u00b4s Hairshop\",\"description\":\"professional products\",\"publisher\":{\"@id\":\"https:\/\/lhs.sandbox.techblendhq.com\/#organization\"},\"potentialAction\":[{\"@type\":\"SearchAction\",\"target\":{\"@type\":\"EntryPoint\",\"urlTemplate\":\"https:\/\/lhs.sandbox.techblendhq.com\/?s={search_term_string}\"},\"query-input\":{\"@type\":\"PropertyValueSpecification\",\"valueRequired\":true,\"valueName\":\"search_term_string\"}}],\"inLanguage\":\"pt-BR\"},{\"@type\":\"Organization\",\"@id\":\"https:\/\/lhs.sandbox.techblendhq.com\/#organization\",\"name\":\"Lucia\u00b4s Hairshop\",\"url\":\"https:\/\/lhs.sandbox.techblendhq.com\/\",\"logo\":{\"@type\":\"ImageObject\",\"inLanguage\":\"pt-BR\",\"@id\":\"https:\/\/lhs.sandbox.techblendhq.com\/#\/schema\/logo\/image\/\",\"url\":\"https:\/\/lhs.sandbox.techblendhq.com\/wp-content\/uploads\/2022\/09\/logo-lucias-hairshop.png\",\"contentUrl\":\"https:\/\/lhs.sandbox.techblendhq.com\/wp-content\/uploads\/2022\/09\/logo-lucias-hairshop.png\",\"width\":396,\"height\":125,\"caption\":\"Lucia\u00b4s Hairshop\"},\"image\":{\"@id\":\"https:\/\/lhs.sandbox.techblendhq.com\/#\/schema\/logo\/image\/\"}}]}<\/script>\n<!-- \/ Yoast SEO plugin. -->","yoast_head_json":{"title":"Shampoo Purah Beauty Max Volume - Lucia's Hairshop","description":"Xampu Purah Beauty Max Volume","robots":{"index":"index","follow":"follow","max-snippet":"max-snippet:-1","max-image-preview":"max-image-preview:large","max-video-preview":"max-video-preview:-1"},"canonical":"https:\/\/lhs.sandbox.techblendhq.com\/pt\/produto\/xampu-purah-beauty-max-volume\/","og_locale":"pt_BR","og_type":"article","og_title":"Purah Beauty Max Volume Shampoo - Lucia\u00b4s Hairshop","og_description":"Purah Beauty Max Volume Shampoo","og_url":"https:\/\/lhs.sandbox.techblendhq.com\/pt\/produto\/xampu-purah-beauty-max-volume\/","og_site_name":"Lucia\u00b4s Hairshop","article_modified_time":"2023-10-05T16:58:05+00:00","og_image":[{"width":1080,"height":1350,"url":"https:\/\/lhs.sandbox.techblendhq.com\/wp-content\/uploads\/2023\/07\/Shampoo-max-volume.png","type":"image\/png"}],"twitter_card":"summary_large_image","schema":{"@context":"https:\/\/schema.org","@graph":[{"@type":"WebPage","@id":"https:\/\/lhs.sandbox.techblendhq.com\/produkt\/purah-beauty-max-volume-shampoo\/","url":"https:\/\/lhs.sandbox.techblendhq.com\/produkt\/purah-beauty-max-volume-shampoo\/","name":"Shampoo Purah Beauty Max Volume - Lucia's Hairshop","isPartOf":{"@id":"https:\/\/lhs.sandbox.techblendhq.com\/#website"},"primaryImageOfPage":{"@id":"https:\/\/lhs.sandbox.techblendhq.com\/produkt\/purah-beauty-max-volume-shampoo\/#primaryimage"},"image":{"@id":"https:\/\/lhs.sandbox.techblendhq.com\/produkt\/purah-beauty-max-volume-shampoo\/#primaryimage"},"thumbnailUrl":"https:\/\/lhs.sandbox.techblendhq.com\/wp-content\/uploads\/2023\/07\/Shampoo-max-volume.png","datePublished":"2023-07-25T16:16:50+00:00","dateModified":"2023-10-05T16:58:05+00:00","description":"Xampu Purah Beauty Max Volume","breadcrumb":{"@id":"https:\/\/lhs.sandbox.techblendhq.com\/produkt\/purah-beauty-max-volume-shampoo\/#breadcrumb"},"inLanguage":"pt-BR","potentialAction":[{"@type":"ReadAction","target":["https:\/\/lhs.sandbox.techblendhq.com\/produkt\/purah-beauty-max-volume-shampoo\/"]}]},{"@type":"ImageObject","inLanguage":"pt-BR","@id":"https:\/\/lhs.sandbox.techblendhq.com\/produkt\/purah-beauty-max-volume-shampoo\/#primaryimage","url":"https:\/\/lhs.sandbox.techblendhq.com\/wp-content\/uploads\/2023\/07\/Shampoo-max-volume.png","contentUrl":"https:\/\/lhs.sandbox.techblendhq.com\/wp-content\/uploads\/2023\/07\/Shampoo-max-volume.png","width":1080,"height":1350},{"@type":"BreadcrumbList","@id":"https:\/\/lhs.sandbox.techblendhq.com\/produkt\/purah-beauty-max-volume-shampoo\/#breadcrumb","itemListElement":[{"@type":"ListItem","position":1,"name":"Shop","item":"https:\/\/lhs.sandbox.techblendhq.com\/"},{"@type":"ListItem","position":2,"name":"Marken","item":"https:\/\/lhs.sandbox.techblendhq.com\/produkt-kategorie\/marke\/"},{"@type":"ListItem","position":3,"name":"Purah","item":"https:\/\/lhs.sandbox.techblendhq.com\/produkt-kategorie\/marke\/purah\/"},{"@type":"ListItem","position":4,"name":"Purah Beauty Max Volume Shampoo"}]},{"@type":"WebSite","@id":"https:\/\/lhs.sandbox.techblendhq.com\/#website","url":"https:\/\/lhs.sandbox.techblendhq.com\/","name":"cabeleireiro da L\u00facia","description":"produtos profissionais","publisher":{"@id":"https:\/\/lhs.sandbox.techblendhq.com\/#organization"},"potentialAction":[{"@type":"SearchAction","target":{"@type":"EntryPoint","urlTemplate":"https:\/\/lhs.sandbox.techblendhq.com\/?s={search_term_string}"},"query-input":{"@type":"PropertyValueSpecification","valueRequired":true,"valueName":"search_term_string"}}],"inLanguage":"pt-BR"},{"@type":"Organization","@id":"https:\/\/lhs.sandbox.techblendhq.com\/#organization","name":"cabeleireiro da L\u00facia","url":"https:\/\/lhs.sandbox.techblendhq.com\/","logo":{"@type":"ImageObject","inLanguage":"pt-BR","@id":"https:\/\/lhs.sandbox.techblendhq.com\/#\/schema\/logo\/image\/","url":"https:\/\/lhs.sandbox.techblendhq.com\/wp-content\/uploads\/2022\/09\/logo-lucias-hairshop.png","contentUrl":"https:\/\/lhs.sandbox.techblendhq.com\/wp-content\/uploads\/2022\/09\/logo-lucias-hairshop.png","width":396,"height":125,"caption":"Lucia\u00b4s Hairshop"},"image":{"@id":"https:\/\/lhs.sandbox.techblendhq.com\/#\/schema\/logo\/image\/"}}]}},"_links":{"self":[{"href":"https:\/\/lhs.sandbox.techblendhq.com\/pt\/wp-json\/wp\/v2\/product\/10921","targetHints":{"allow":["GET"]}}],"collection":[{"href":"https:\/\/lhs.sandbox.techblendhq.com\/pt\/wp-json\/wp\/v2\/product"}],"about":[{"href":"https:\/\/lhs.sandbox.techblendhq.com\/pt\/wp-json\/wp\/v2\/types\/product"}],"replies":[{"embeddable":true,"href":"https:\/\/lhs.sandbox.techblendhq.com\/pt\/wp-json\/wp\/v2\/comments?post=10921"}],"version-history":[{"count":1,"href":"https:\/\/lhs.sandbox.techblendhq.com\/pt\/wp-json\/wp\/v2\/product\/10921\/revisions"}],"predecessor-version":[{"id":10925,"href":"https:\/\/lhs.sandbox.techblendhq.com\/pt\/wp-json\/wp\/v2\/product\/10921\/revisions\/10925"}],"wp:featuredmedia":[{"embeddable":true,"href":"https:\/\/lhs.sandbox.techblendhq.com\/pt\/wp-json\/wp\/v2\/media\/10924"}],"wp:attachment":[{"href":"https:\/\/lhs.sandbox.techblendhq.com\/pt\/wp-json\/wp\/v2\/media?parent=10921"}],"wp:term":[{"taxonomy":"product_brand","embeddable":true,"href":"https:\/\/lhs.sandbox.techblendhq.com\/pt\/wp-json\/wp\/v2\/product_brand?post=10921"},{"taxonomy":"product_cat","embeddable":true,"href":"https:\/\/lhs.sandbox.techblendhq.com\/pt\/wp-json\/wp\/v2\/product_cat?post=10921"},{"taxonomy":"product_tag","embeddable":true,"href":"https:\/\/lhs.sandbox.techblendhq.com\/pt\/wp-json\/wp\/v2\/product_tag?post=10921"}],"curies":[{"name":"wp","href":"https:\/\/api.w.org\/{rel}","templated":true}]}}