{"id":12189,"date":"2023-12-01T22:37:10","date_gmt":"2023-12-01T21:37:10","guid":{"rendered":"http:\/\/wordpress.p631247.webspaceconfig.de\/?post_type=product&#038;p=12189"},"modified":"2025-10-20T16:14:45","modified_gmt":"2025-10-20T14:14:45","slug":"lucias-hairshop-shampoo","status":"publish","type":"product","link":"https:\/\/lhs.sandbox.techblendhq.com\/pt\/produto\/xampu-lucias-hairshop\/","title":{"rendered":"Xampu LS P\u00f3s-Queratina"},"content":{"rendered":"<p>O Shampoo LS P\u00f3s-Queratina \u00e9 recomendado para cabelos fr\u00e1geis e quebradi\u00e7os. \u00c9 a solu\u00e7\u00e3o para<br \/>\ncabelos alisados e quimicamente tratados, que proporciona uma limpeza eficaz e completa para cabelos que tenham sido<br \/>\nfoi alterado pelo processo de alisamento, deixando o cabelo liso e brilhante e os fios<br \/>\nreto e solto por um longo per\u00edodo de tempo.<br \/>\nAPLICA\u00c7\u00c3O: aplique nos cabelos \u00famidos. Massageie para criar uma espuma. Enx\u00e1gue. Remova a<br \/>\nRepita o processo, se necess\u00e1rio. Mantenha-o fora do alcance de crian\u00e7as e longe do calor excessivo<br \/>\nArmazene em um local fresco. Somente para uso externo.<\/p>\n<p>INGREDIENTES: Aqua (\u00e1gua), laureth sulfato de s\u00f3dio, laureth sulfosuccinato diss\u00f3dico, propilenoglicol,<br \/>\nCocamidopropil Beta\u00edna, Glicerina, Cocamida MIPA, Laureth-4, \u00c1cido de Soja, Dimeticona, Polyquaternium-7,<br \/>\nCiclopentasiloxano, cloreto de s\u00f3dio, \u00e1cido c\u00e1prico, distearato de glicol, \u00e1cido capr\u00edlico, dimeticonol, cumarina,<br \/>\nCloreto de guar hidroxipropiltrim\u00f4nio, \u00e1cido c\u00edtrico, pantenol, EDTA diss\u00f3dico, fenoxietanol, gliceril<br \/>\nLaurato, Linalol, Copol\u00edmero de estireno\/acrilatos, PCA de s\u00f3dio, Parfum, Lactato de s\u00f3dio, Arginina, Asp\u00e1rtico<br \/>\n\u00c1cido, PCA, glicina, alanina, serina, valina, prolina, treonina, isoleucina, histidina, fenilalanina, glicina<br \/>\n\u00d3leo de soja, \u00f3leo de semente de Macadamia Integrifolia, Hexyl Cinnamal.<\/p>","protected":false},"excerpt":{"rendered":"<p>O Shampoo LS P\u00f3s-Queratina \u00e9 recomendado para cabelos fr\u00e1geis e quebradi\u00e7os. \u00c9 a solu\u00e7\u00e3o para cabelos alisados e quimicamente tratados, proporcionando uma limpeza eficaz e profunda dos cabelos alterados pelo processo de alisamento, deixando os cabelos macios e brilhantes e os fios lisos e soltos por mais tempo. APLICA\u00c7\u00c3O: Aplicar em [...]<\/p>","protected":false},"featured_media":12329,"comment_status":"closed","ping_status":"closed","template":"","meta":[],"product_brand":[],"product_cat":[910,935,785,934,641,682],"product_tag":[],"class_list":{"0":"post-12189","1":"product","2":"type-product","3":"status-publish","4":"has-post-thumbnail","6":"product_cat-keratin-behandlung-haarpflege","7":"product_cat-keratin-behandlung-hairshop-brasil","8":"product_cat-ls-professional","9":"product_cat-shampoo-hairshop-brasil","10":"product_cat-haarpflege","11":"product_cat-schampoo","13":"first","14":"instock","15":"taxable","16":"shipping-taxable","17":"purchasable","18":"product-type-simple"},"yoast_head":"<!-- This site is optimized with the Yoast SEO plugin v26.8 - https:\/\/yoast.com\/product\/yoast-seo-wordpress\/ -->\n<title>LS Post-Keratin Shampoo - Lucia\u00b4s Hairshop<\/title>\n<meta name=\"description\" content=\"LS Post-Keratin Shampoo\" \/>\n<meta name=\"robots\" content=\"index, follow, max-snippet:-1, max-image-preview:large, max-video-preview:-1\" \/>\n<link rel=\"canonical\" href=\"https:\/\/lhs.sandbox.techblendhq.com\/pt\/produto\/xampu-lucias-hairshop\/\" \/>\n<meta property=\"og:locale\" content=\"pt_BR\" \/>\n<meta property=\"og:type\" content=\"article\" \/>\n<meta property=\"og:title\" content=\"LS Post-Keratin Shampoo - Lucia\u00b4s Hairshop\" \/>\n<meta property=\"og:description\" content=\"LS Post-Keratin Shampoo\" \/>\n<meta property=\"og:url\" content=\"https:\/\/lhs.sandbox.techblendhq.com\/pt\/produto\/xampu-lucias-hairshop\/\" \/>\n<meta property=\"og:site_name\" content=\"Lucia\u00b4s Hairshop\" \/>\n<meta property=\"article:modified_time\" content=\"2025-10-20T14:14:45+00:00\" \/>\n<meta property=\"og:image\" content=\"https:\/\/lhs.sandbox.techblendhq.com\/wp-content\/uploads\/2023\/12\/SHAMPOO-MANUTENCAO.png.webp\" \/>\n\t<meta property=\"og:image:width\" content=\"622\" \/>\n\t<meta property=\"og:image:height\" content=\"950\" \/>\n\t<meta property=\"og:image:type\" content=\"image\/webp\" \/>\n<meta name=\"twitter:card\" content=\"summary_large_image\" \/>\n<meta name=\"twitter:label1\" content=\"Est. tempo de leitura\" \/>\n\t<meta name=\"twitter:data1\" content=\"1 minuto\" \/>\n<script type=\"application\/ld+json\" class=\"yoast-schema-graph\">{\"@context\":\"https:\/\/schema.org\",\"@graph\":[{\"@type\":\"WebPage\",\"@id\":\"https:\/\/lhs.sandbox.techblendhq.com\/produkt\/lucias-hairshop-shampoo\/\",\"url\":\"https:\/\/lhs.sandbox.techblendhq.com\/produkt\/lucias-hairshop-shampoo\/\",\"name\":\"LS Post-Keratin Shampoo - Lucia\u00b4s Hairshop\",\"isPartOf\":{\"@id\":\"https:\/\/lhs.sandbox.techblendhq.com\/#website\"},\"primaryImageOfPage\":{\"@id\":\"https:\/\/lhs.sandbox.techblendhq.com\/produkt\/lucias-hairshop-shampoo\/#primaryimage\"},\"image\":{\"@id\":\"https:\/\/lhs.sandbox.techblendhq.com\/produkt\/lucias-hairshop-shampoo\/#primaryimage\"},\"thumbnailUrl\":\"https:\/\/lhs.sandbox.techblendhq.com\/wp-content\/uploads\/2023\/12\/SHAMPOO-MANUTENCAO.png.webp\",\"datePublished\":\"2023-12-01T21:37:10+00:00\",\"dateModified\":\"2025-10-20T14:14:45+00:00\",\"description\":\"LS Post-Keratin Shampoo\",\"breadcrumb\":{\"@id\":\"https:\/\/lhs.sandbox.techblendhq.com\/produkt\/lucias-hairshop-shampoo\/#breadcrumb\"},\"inLanguage\":\"pt-BR\",\"potentialAction\":[{\"@type\":\"ReadAction\",\"target\":[\"https:\/\/lhs.sandbox.techblendhq.com\/produkt\/lucias-hairshop-shampoo\/\"]}]},{\"@type\":\"ImageObject\",\"inLanguage\":\"pt-BR\",\"@id\":\"https:\/\/lhs.sandbox.techblendhq.com\/produkt\/lucias-hairshop-shampoo\/#primaryimage\",\"url\":\"https:\/\/lhs.sandbox.techblendhq.com\/wp-content\/uploads\/2023\/12\/SHAMPOO-MANUTENCAO.png.webp\",\"contentUrl\":\"https:\/\/lhs.sandbox.techblendhq.com\/wp-content\/uploads\/2023\/12\/SHAMPOO-MANUTENCAO.png.webp\",\"width\":622,\"height\":950},{\"@type\":\"BreadcrumbList\",\"@id\":\"https:\/\/lhs.sandbox.techblendhq.com\/produkt\/lucias-hairshop-shampoo\/#breadcrumb\",\"itemListElement\":[{\"@type\":\"ListItem\",\"position\":1,\"name\":\"Shop\",\"item\":\"https:\/\/lhs.sandbox.techblendhq.com\/\"},{\"@type\":\"ListItem\",\"position\":2,\"name\":\"Marken\",\"item\":\"https:\/\/lhs.sandbox.techblendhq.com\/produkt-kategorie\/marke\/\"},{\"@type\":\"ListItem\",\"position\":3,\"name\":\"LS Professional Keratin\",\"item\":\"https:\/\/lhs.sandbox.techblendhq.com\/produkt-kategorie\/marke\/ls-professional\/\"},{\"@type\":\"ListItem\",\"position\":4,\"name\":\"LS Post-Keratin Shampoo\"}]},{\"@type\":\"WebSite\",\"@id\":\"https:\/\/lhs.sandbox.techblendhq.com\/#website\",\"url\":\"https:\/\/lhs.sandbox.techblendhq.com\/\",\"name\":\"Lucia\u00b4s Hairshop\",\"description\":\"professional products\",\"publisher\":{\"@id\":\"https:\/\/lhs.sandbox.techblendhq.com\/#organization\"},\"potentialAction\":[{\"@type\":\"SearchAction\",\"target\":{\"@type\":\"EntryPoint\",\"urlTemplate\":\"https:\/\/lhs.sandbox.techblendhq.com\/?s={search_term_string}\"},\"query-input\":{\"@type\":\"PropertyValueSpecification\",\"valueRequired\":true,\"valueName\":\"search_term_string\"}}],\"inLanguage\":\"pt-BR\"},{\"@type\":\"Organization\",\"@id\":\"https:\/\/lhs.sandbox.techblendhq.com\/#organization\",\"name\":\"Lucia\u00b4s Hairshop\",\"url\":\"https:\/\/lhs.sandbox.techblendhq.com\/\",\"logo\":{\"@type\":\"ImageObject\",\"inLanguage\":\"pt-BR\",\"@id\":\"https:\/\/lhs.sandbox.techblendhq.com\/#\/schema\/logo\/image\/\",\"url\":\"https:\/\/lhs.sandbox.techblendhq.com\/wp-content\/uploads\/2022\/09\/logo-lucias-hairshop.png\",\"contentUrl\":\"https:\/\/lhs.sandbox.techblendhq.com\/wp-content\/uploads\/2022\/09\/logo-lucias-hairshop.png\",\"width\":396,\"height\":125,\"caption\":\"Lucia\u00b4s Hairshop\"},\"image\":{\"@id\":\"https:\/\/lhs.sandbox.techblendhq.com\/#\/schema\/logo\/image\/\"}}]}<\/script>\n<!-- \/ Yoast SEO plugin. -->","yoast_head_json":{"title":"LS Post-Keratin Shampoo - Lucia's Hairshop","description":"Xampu LS P\u00f3s-Queratina","robots":{"index":"index","follow":"follow","max-snippet":"max-snippet:-1","max-image-preview":"max-image-preview:large","max-video-preview":"max-video-preview:-1"},"canonical":"https:\/\/lhs.sandbox.techblendhq.com\/pt\/produto\/xampu-lucias-hairshop\/","og_locale":"pt_BR","og_type":"article","og_title":"LS Post-Keratin Shampoo - Lucia\u00b4s Hairshop","og_description":"LS Post-Keratin Shampoo","og_url":"https:\/\/lhs.sandbox.techblendhq.com\/pt\/produto\/xampu-lucias-hairshop\/","og_site_name":"Lucia\u00b4s Hairshop","article_modified_time":"2025-10-20T14:14:45+00:00","og_image":[{"width":622,"height":950,"url":"https:\/\/lhs.sandbox.techblendhq.com\/wp-content\/uploads\/2023\/12\/SHAMPOO-MANUTENCAO.png.webp","type":"image\/webp"}],"twitter_card":"summary_large_image","twitter_misc":{"Est. tempo de leitura":"1 minuto"},"schema":{"@context":"https:\/\/schema.org","@graph":[{"@type":"WebPage","@id":"https:\/\/lhs.sandbox.techblendhq.com\/produkt\/lucias-hairshop-shampoo\/","url":"https:\/\/lhs.sandbox.techblendhq.com\/produkt\/lucias-hairshop-shampoo\/","name":"LS Post-Keratin Shampoo - Lucia's Hairshop","isPartOf":{"@id":"https:\/\/lhs.sandbox.techblendhq.com\/#website"},"primaryImageOfPage":{"@id":"https:\/\/lhs.sandbox.techblendhq.com\/produkt\/lucias-hairshop-shampoo\/#primaryimage"},"image":{"@id":"https:\/\/lhs.sandbox.techblendhq.com\/produkt\/lucias-hairshop-shampoo\/#primaryimage"},"thumbnailUrl":"https:\/\/lhs.sandbox.techblendhq.com\/wp-content\/uploads\/2023\/12\/SHAMPOO-MANUTENCAO.png.webp","datePublished":"2023-12-01T21:37:10+00:00","dateModified":"2025-10-20T14:14:45+00:00","description":"Xampu LS P\u00f3s-Queratina","breadcrumb":{"@id":"https:\/\/lhs.sandbox.techblendhq.com\/produkt\/lucias-hairshop-shampoo\/#breadcrumb"},"inLanguage":"pt-BR","potentialAction":[{"@type":"ReadAction","target":["https:\/\/lhs.sandbox.techblendhq.com\/produkt\/lucias-hairshop-shampoo\/"]}]},{"@type":"ImageObject","inLanguage":"pt-BR","@id":"https:\/\/lhs.sandbox.techblendhq.com\/produkt\/lucias-hairshop-shampoo\/#primaryimage","url":"https:\/\/lhs.sandbox.techblendhq.com\/wp-content\/uploads\/2023\/12\/SHAMPOO-MANUTENCAO.png.webp","contentUrl":"https:\/\/lhs.sandbox.techblendhq.com\/wp-content\/uploads\/2023\/12\/SHAMPOO-MANUTENCAO.png.webp","width":622,"height":950},{"@type":"BreadcrumbList","@id":"https:\/\/lhs.sandbox.techblendhq.com\/produkt\/lucias-hairshop-shampoo\/#breadcrumb","itemListElement":[{"@type":"ListItem","position":1,"name":"Shop","item":"https:\/\/lhs.sandbox.techblendhq.com\/"},{"@type":"ListItem","position":2,"name":"Marken","item":"https:\/\/lhs.sandbox.techblendhq.com\/produkt-kategorie\/marke\/"},{"@type":"ListItem","position":3,"name":"LS Professional Keratin","item":"https:\/\/lhs.sandbox.techblendhq.com\/produkt-kategorie\/marke\/ls-professional\/"},{"@type":"ListItem","position":4,"name":"LS Post-Keratin Shampoo"}]},{"@type":"WebSite","@id":"https:\/\/lhs.sandbox.techblendhq.com\/#website","url":"https:\/\/lhs.sandbox.techblendhq.com\/","name":"cabeleireiro da L\u00facia","description":"produtos profissionais","publisher":{"@id":"https:\/\/lhs.sandbox.techblendhq.com\/#organization"},"potentialAction":[{"@type":"SearchAction","target":{"@type":"EntryPoint","urlTemplate":"https:\/\/lhs.sandbox.techblendhq.com\/?s={search_term_string}"},"query-input":{"@type":"PropertyValueSpecification","valueRequired":true,"valueName":"search_term_string"}}],"inLanguage":"pt-BR"},{"@type":"Organization","@id":"https:\/\/lhs.sandbox.techblendhq.com\/#organization","name":"cabeleireiro da L\u00facia","url":"https:\/\/lhs.sandbox.techblendhq.com\/","logo":{"@type":"ImageObject","inLanguage":"pt-BR","@id":"https:\/\/lhs.sandbox.techblendhq.com\/#\/schema\/logo\/image\/","url":"https:\/\/lhs.sandbox.techblendhq.com\/wp-content\/uploads\/2022\/09\/logo-lucias-hairshop.png","contentUrl":"https:\/\/lhs.sandbox.techblendhq.com\/wp-content\/uploads\/2022\/09\/logo-lucias-hairshop.png","width":396,"height":125,"caption":"Lucia\u00b4s Hairshop"},"image":{"@id":"https:\/\/lhs.sandbox.techblendhq.com\/#\/schema\/logo\/image\/"}}]}},"_links":{"self":[{"href":"https:\/\/lhs.sandbox.techblendhq.com\/pt\/wp-json\/wp\/v2\/product\/12189","targetHints":{"allow":["GET"]}}],"collection":[{"href":"https:\/\/lhs.sandbox.techblendhq.com\/pt\/wp-json\/wp\/v2\/product"}],"about":[{"href":"https:\/\/lhs.sandbox.techblendhq.com\/pt\/wp-json\/wp\/v2\/types\/product"}],"replies":[{"embeddable":true,"href":"https:\/\/lhs.sandbox.techblendhq.com\/pt\/wp-json\/wp\/v2\/comments?post=12189"}],"version-history":[{"count":5,"href":"https:\/\/lhs.sandbox.techblendhq.com\/pt\/wp-json\/wp\/v2\/product\/12189\/revisions"}],"predecessor-version":[{"id":12226,"href":"https:\/\/lhs.sandbox.techblendhq.com\/pt\/wp-json\/wp\/v2\/product\/12189\/revisions\/12226"}],"wp:featuredmedia":[{"embeddable":true,"href":"https:\/\/lhs.sandbox.techblendhq.com\/pt\/wp-json\/wp\/v2\/media\/12329"}],"wp:attachment":[{"href":"https:\/\/lhs.sandbox.techblendhq.com\/pt\/wp-json\/wp\/v2\/media?parent=12189"}],"wp:term":[{"taxonomy":"product_brand","embeddable":true,"href":"https:\/\/lhs.sandbox.techblendhq.com\/pt\/wp-json\/wp\/v2\/product_brand?post=12189"},{"taxonomy":"product_cat","embeddable":true,"href":"https:\/\/lhs.sandbox.techblendhq.com\/pt\/wp-json\/wp\/v2\/product_cat?post=12189"},{"taxonomy":"product_tag","embeddable":true,"href":"https:\/\/lhs.sandbox.techblendhq.com\/pt\/wp-json\/wp\/v2\/product_tag?post=12189"}],"curies":[{"name":"wp","href":"https:\/\/api.w.org\/{rel}","templated":true}]}}