{"id":12198,"date":"2023-12-01T22:54:43","date_gmt":"2023-12-01T21:54:43","guid":{"rendered":"http:\/\/wordpress.p631247.webspaceconfig.de\/?post_type=product&#038;p=12198"},"modified":"2025-02-06T17:29:49","modified_gmt":"2025-02-06T16:29:49","slug":"ls-haarkutikula-oeffnungsshampoo","status":"publish","type":"product","link":"https:\/\/lhs.sandbox.techblendhq.com\/pt\/produto\/xampu-para-abrir-a-cuticula-do-cabelo\/","title":{"rendered":"LS Keratin Passo 1 Shampoo para abertura da cut\u00edcula do cabelo"},"content":{"rendered":"<p>LS Shampoo para abertura de cut\u00edculas, uma etapa preparat\u00f3ria para o processo de alisamento. Ele limpa o cabelo<br \/>\nremove completamente as impurezas com ingredientes que protegem o cabelo, como a prote\u00edna de soja e a<br \/>\n\u00d3leo de macad\u00e2mia para garantir um processo de alisamento bem-sucedido. pH = 8,5<\/p>\n<p>APLICA\u00c7\u00c3O: Umede\u00e7a o cabelo com \u00e1gua morna. Aplique o xampu preparat\u00f3rio uniformemente nos cabelos.<br \/>\ne massageie bem para limp\u00e1-lo adequadamente. Deixe agir por 1 minuto e enx\u00e1gue bem.<br \/>\nEnx\u00e1gue. Repita o xampu uma segunda vez. O cabelo deve ser completamente limpo para remover o<br \/>\npara obter os melhores resultados de alisamento. Deixe agir por 2 a 3 minutos. Enx\u00e1gue bem. Lave o cabelo com xampu<br \/>\nSeque com um secador de cabelo de at\u00e9 75%. Armazene o produto em um local fresco e seco. Com<br \/>\nEnx\u00e1gue bem os olhos com \u00e1gua. Para uso profissional. Armazenar entre<br \/>\n20\u00b0C e 25\u00b0C. Manter fora do alcance de crian\u00e7as. Somente para uso externo.<\/p>\n<p>INGREDIENTES: Aqua (\u00e1gua), laureth sulfato de s\u00f3dio, lauroil sarcosinato de s\u00f3dio, laurilglucos\u00eddeos de s\u00f3dio<br \/>\nHidroxipropilsulfonato, Cocamida DEA, Cocamidopropil Beta\u00edna, Cocoamphoacetato de S\u00f3dio, Parfum<br \/>\n(Fragr\u00e2ncia), Extrato de Semente de Coffea Arabica, Polyquaternium -10, Fenoxietanol, Distearato de Glicol, Glicerina,<br \/>\nQueratina Hidrolisada, Cloreto de Guar Hidroxipropiltrim\u00f4nio, PEG-150 Distearato, EDTA Diss\u00f3dico, Laureth-4,<\/p>","protected":false},"excerpt":{"rendered":"<p>LS Cuticula-\u00d6ffnungsshampoo, ein vorbereitender Schritt f\u00fcr den Gl\u00e4ttungsprozess. Es reinigt das Haar gr\u00fcndlich und entfernt Verunreinigungen mit Inhaltsstoffen, die das Haar sch\u00fctzen, wie Sojaprotein und Macadamia\u00f6l, um einen erfolgreichen Gl\u00e4ttungsprozess zu gew\u00e4hrleisten. pH = 8,5 ANWENDUNG: Das Haar mit warmem Wasser befeuchten. Das vorbereitende Shampoo gleichm\u00e4\u00dfig im Haar verteilen und gr\u00fcndlich einmassieren, um es ordnungsgem\u00e4\u00df [&hellip;]<\/p>","protected":false},"featured_media":12502,"comment_status":"open","ping_status":"closed","template":"","meta":[],"product_brand":[],"product_cat":[910,935,785,641],"product_tag":[],"class_list":{"0":"post-12198","1":"product","2":"type-product","3":"status-publish","4":"has-post-thumbnail","6":"product_cat-keratin-behandlung-haarpflege","7":"product_cat-keratin-behandlung-hairshop-brasil","8":"product_cat-ls-professional","9":"product_cat-haarpflege","11":"first","12":"instock","13":"taxable","14":"shipping-taxable","15":"product-type-simple"},"yoast_head":"<!-- This site is optimized with the Yoast SEO plugin v26.8 - https:\/\/yoast.com\/product\/yoast-seo-wordpress\/ -->\n<title>LS Keratin Step 1 Haarkutikula \u00d6ffnungsshampoo - Lucia\u00b4s Hairshop<\/title>\n<meta name=\"description\" content=\"LS Keratin Step 1 Haarkutikula \u00d6ffnungsshampoo\" \/>\n<meta name=\"robots\" content=\"index, follow, max-snippet:-1, max-image-preview:large, max-video-preview:-1\" \/>\n<link rel=\"canonical\" href=\"https:\/\/lhs.sandbox.techblendhq.com\/pt\/produto\/xampu-para-abrir-a-cuticula-do-cabelo\/\" \/>\n<meta property=\"og:locale\" content=\"pt_BR\" \/>\n<meta property=\"og:type\" content=\"article\" \/>\n<meta property=\"og:title\" content=\"LS Keratin Step 1 Haarkutikula \u00d6ffnungsshampoo - Lucia\u00b4s Hairshop\" \/>\n<meta property=\"og:description\" content=\"LS Keratin Step 1 Haarkutikula \u00d6ffnungsshampoo\" \/>\n<meta property=\"og:url\" content=\"https:\/\/lhs.sandbox.techblendhq.com\/pt\/produto\/xampu-para-abrir-a-cuticula-do-cabelo\/\" \/>\n<meta property=\"og:site_name\" content=\"Lucia\u00b4s Hairshop\" \/>\n<meta property=\"article:modified_time\" content=\"2025-02-06T16:29:49+00:00\" \/>\n<meta property=\"og:image\" content=\"https:\/\/lhs.sandbox.techblendhq.com\/wp-content\/uploads\/2023\/12\/DSC_8632-scaled.jpg\" \/>\n\t<meta property=\"og:image:width\" content=\"1707\" \/>\n\t<meta property=\"og:image:height\" content=\"2560\" \/>\n\t<meta property=\"og:image:type\" content=\"image\/jpeg\" \/>\n<meta name=\"twitter:card\" content=\"summary_large_image\" \/>\n<meta name=\"twitter:label1\" content=\"Est. tempo de leitura\" \/>\n\t<meta name=\"twitter:data1\" content=\"1 minuto\" \/>\n<script type=\"application\/ld+json\" class=\"yoast-schema-graph\">{\"@context\":\"https:\/\/schema.org\",\"@graph\":[{\"@type\":\"WebPage\",\"@id\":\"https:\/\/lhs.sandbox.techblendhq.com\/produkt\/ls-haarkutikula-oeffnungsshampoo\/\",\"url\":\"https:\/\/lhs.sandbox.techblendhq.com\/produkt\/ls-haarkutikula-oeffnungsshampoo\/\",\"name\":\"LS Keratin Step 1 Haarkutikula \u00d6ffnungsshampoo - Lucia\u00b4s Hairshop\",\"isPartOf\":{\"@id\":\"https:\/\/lhs.sandbox.techblendhq.com\/#website\"},\"primaryImageOfPage\":{\"@id\":\"https:\/\/lhs.sandbox.techblendhq.com\/produkt\/ls-haarkutikula-oeffnungsshampoo\/#primaryimage\"},\"image\":{\"@id\":\"https:\/\/lhs.sandbox.techblendhq.com\/produkt\/ls-haarkutikula-oeffnungsshampoo\/#primaryimage\"},\"thumbnailUrl\":\"https:\/\/lhs.sandbox.techblendhq.com\/wp-content\/uploads\/2023\/12\/DSC_8632-scaled.jpg\",\"datePublished\":\"2023-12-01T21:54:43+00:00\",\"dateModified\":\"2025-02-06T16:29:49+00:00\",\"description\":\"LS Keratin Step 1 Haarkutikula \u00d6ffnungsshampoo\",\"breadcrumb\":{\"@id\":\"https:\/\/lhs.sandbox.techblendhq.com\/produkt\/ls-haarkutikula-oeffnungsshampoo\/#breadcrumb\"},\"inLanguage\":\"pt-BR\",\"potentialAction\":[{\"@type\":\"ReadAction\",\"target\":[\"https:\/\/lhs.sandbox.techblendhq.com\/produkt\/ls-haarkutikula-oeffnungsshampoo\/\"]}]},{\"@type\":\"ImageObject\",\"inLanguage\":\"pt-BR\",\"@id\":\"https:\/\/lhs.sandbox.techblendhq.com\/produkt\/ls-haarkutikula-oeffnungsshampoo\/#primaryimage\",\"url\":\"https:\/\/lhs.sandbox.techblendhq.com\/wp-content\/uploads\/2023\/12\/DSC_8632-scaled.jpg\",\"contentUrl\":\"https:\/\/lhs.sandbox.techblendhq.com\/wp-content\/uploads\/2023\/12\/DSC_8632-scaled.jpg\",\"width\":1707,\"height\":2560},{\"@type\":\"BreadcrumbList\",\"@id\":\"https:\/\/lhs.sandbox.techblendhq.com\/produkt\/ls-haarkutikula-oeffnungsshampoo\/#breadcrumb\",\"itemListElement\":[{\"@type\":\"ListItem\",\"position\":1,\"name\":\"Shop\",\"item\":\"https:\/\/lhs.sandbox.techblendhq.com\/\"},{\"@type\":\"ListItem\",\"position\":2,\"name\":\"Marken\",\"item\":\"https:\/\/lhs.sandbox.techblendhq.com\/produkt-kategorie\/marke\/\"},{\"@type\":\"ListItem\",\"position\":3,\"name\":\"LS Professional Keratin\",\"item\":\"https:\/\/lhs.sandbox.techblendhq.com\/produkt-kategorie\/marke\/ls-professional\/\"},{\"@type\":\"ListItem\",\"position\":4,\"name\":\"LS Keratin Step 1 Haarkutikula \u00d6ffnungsshampoo\"}]},{\"@type\":\"WebSite\",\"@id\":\"https:\/\/lhs.sandbox.techblendhq.com\/#website\",\"url\":\"https:\/\/lhs.sandbox.techblendhq.com\/\",\"name\":\"Lucia\u00b4s Hairshop\",\"description\":\"professional products\",\"publisher\":{\"@id\":\"https:\/\/lhs.sandbox.techblendhq.com\/#organization\"},\"potentialAction\":[{\"@type\":\"SearchAction\",\"target\":{\"@type\":\"EntryPoint\",\"urlTemplate\":\"https:\/\/lhs.sandbox.techblendhq.com\/?s={search_term_string}\"},\"query-input\":{\"@type\":\"PropertyValueSpecification\",\"valueRequired\":true,\"valueName\":\"search_term_string\"}}],\"inLanguage\":\"pt-BR\"},{\"@type\":\"Organization\",\"@id\":\"https:\/\/lhs.sandbox.techblendhq.com\/#organization\",\"name\":\"Lucia\u00b4s Hairshop\",\"url\":\"https:\/\/lhs.sandbox.techblendhq.com\/\",\"logo\":{\"@type\":\"ImageObject\",\"inLanguage\":\"pt-BR\",\"@id\":\"https:\/\/lhs.sandbox.techblendhq.com\/#\/schema\/logo\/image\/\",\"url\":\"https:\/\/lhs.sandbox.techblendhq.com\/wp-content\/uploads\/2022\/09\/logo-lucias-hairshop.png\",\"contentUrl\":\"https:\/\/lhs.sandbox.techblendhq.com\/wp-content\/uploads\/2022\/09\/logo-lucias-hairshop.png\",\"width\":396,\"height\":125,\"caption\":\"Lucia\u00b4s Hairshop\"},\"image\":{\"@id\":\"https:\/\/lhs.sandbox.techblendhq.com\/#\/schema\/logo\/image\/\"}}]}<\/script>\n<!-- \/ Yoast SEO plugin. -->","yoast_head_json":{"title":"LS Keratin Step 1 Hair Cuticle Opening Shampoo - Lucia's Hairshop","description":"LS Keratin Passo 1 Shampoo para abertura da cut\u00edcula do cabelo","robots":{"index":"index","follow":"follow","max-snippet":"max-snippet:-1","max-image-preview":"max-image-preview:large","max-video-preview":"max-video-preview:-1"},"canonical":"https:\/\/lhs.sandbox.techblendhq.com\/pt\/produto\/xampu-para-abrir-a-cuticula-do-cabelo\/","og_locale":"pt_BR","og_type":"article","og_title":"LS Keratin Step 1 Haarkutikula \u00d6ffnungsshampoo - Lucia\u00b4s Hairshop","og_description":"LS Keratin Step 1 Haarkutikula \u00d6ffnungsshampoo","og_url":"https:\/\/lhs.sandbox.techblendhq.com\/pt\/produto\/xampu-para-abrir-a-cuticula-do-cabelo\/","og_site_name":"Lucia\u00b4s Hairshop","article_modified_time":"2025-02-06T16:29:49+00:00","og_image":[{"width":1707,"height":2560,"url":"https:\/\/lhs.sandbox.techblendhq.com\/wp-content\/uploads\/2023\/12\/DSC_8632-scaled.jpg","type":"image\/jpeg"}],"twitter_card":"summary_large_image","twitter_misc":{"Est. tempo de leitura":"1 minuto"},"schema":{"@context":"https:\/\/schema.org","@graph":[{"@type":"WebPage","@id":"https:\/\/lhs.sandbox.techblendhq.com\/produkt\/ls-haarkutikula-oeffnungsshampoo\/","url":"https:\/\/lhs.sandbox.techblendhq.com\/produkt\/ls-haarkutikula-oeffnungsshampoo\/","name":"LS Keratin Step 1 Hair Cuticle Opening Shampoo - Lucia's Hairshop","isPartOf":{"@id":"https:\/\/lhs.sandbox.techblendhq.com\/#website"},"primaryImageOfPage":{"@id":"https:\/\/lhs.sandbox.techblendhq.com\/produkt\/ls-haarkutikula-oeffnungsshampoo\/#primaryimage"},"image":{"@id":"https:\/\/lhs.sandbox.techblendhq.com\/produkt\/ls-haarkutikula-oeffnungsshampoo\/#primaryimage"},"thumbnailUrl":"https:\/\/lhs.sandbox.techblendhq.com\/wp-content\/uploads\/2023\/12\/DSC_8632-scaled.jpg","datePublished":"2023-12-01T21:54:43+00:00","dateModified":"2025-02-06T16:29:49+00:00","description":"LS Keratin Passo 1 Shampoo para abertura da cut\u00edcula do cabelo","breadcrumb":{"@id":"https:\/\/lhs.sandbox.techblendhq.com\/produkt\/ls-haarkutikula-oeffnungsshampoo\/#breadcrumb"},"inLanguage":"pt-BR","potentialAction":[{"@type":"ReadAction","target":["https:\/\/lhs.sandbox.techblendhq.com\/produkt\/ls-haarkutikula-oeffnungsshampoo\/"]}]},{"@type":"ImageObject","inLanguage":"pt-BR","@id":"https:\/\/lhs.sandbox.techblendhq.com\/produkt\/ls-haarkutikula-oeffnungsshampoo\/#primaryimage","url":"https:\/\/lhs.sandbox.techblendhq.com\/wp-content\/uploads\/2023\/12\/DSC_8632-scaled.jpg","contentUrl":"https:\/\/lhs.sandbox.techblendhq.com\/wp-content\/uploads\/2023\/12\/DSC_8632-scaled.jpg","width":1707,"height":2560},{"@type":"BreadcrumbList","@id":"https:\/\/lhs.sandbox.techblendhq.com\/produkt\/ls-haarkutikula-oeffnungsshampoo\/#breadcrumb","itemListElement":[{"@type":"ListItem","position":1,"name":"Shop","item":"https:\/\/lhs.sandbox.techblendhq.com\/"},{"@type":"ListItem","position":2,"name":"Marken","item":"https:\/\/lhs.sandbox.techblendhq.com\/produkt-kategorie\/marke\/"},{"@type":"ListItem","position":3,"name":"LS Professional Keratin","item":"https:\/\/lhs.sandbox.techblendhq.com\/produkt-kategorie\/marke\/ls-professional\/"},{"@type":"ListItem","position":4,"name":"LS Keratin Step 1 Haarkutikula \u00d6ffnungsshampoo"}]},{"@type":"WebSite","@id":"https:\/\/lhs.sandbox.techblendhq.com\/#website","url":"https:\/\/lhs.sandbox.techblendhq.com\/","name":"cabeleireiro da L\u00facia","description":"produtos profissionais","publisher":{"@id":"https:\/\/lhs.sandbox.techblendhq.com\/#organization"},"potentialAction":[{"@type":"SearchAction","target":{"@type":"EntryPoint","urlTemplate":"https:\/\/lhs.sandbox.techblendhq.com\/?s={search_term_string}"},"query-input":{"@type":"PropertyValueSpecification","valueRequired":true,"valueName":"search_term_string"}}],"inLanguage":"pt-BR"},{"@type":"Organization","@id":"https:\/\/lhs.sandbox.techblendhq.com\/#organization","name":"cabeleireiro da L\u00facia","url":"https:\/\/lhs.sandbox.techblendhq.com\/","logo":{"@type":"ImageObject","inLanguage":"pt-BR","@id":"https:\/\/lhs.sandbox.techblendhq.com\/#\/schema\/logo\/image\/","url":"https:\/\/lhs.sandbox.techblendhq.com\/wp-content\/uploads\/2022\/09\/logo-lucias-hairshop.png","contentUrl":"https:\/\/lhs.sandbox.techblendhq.com\/wp-content\/uploads\/2022\/09\/logo-lucias-hairshop.png","width":396,"height":125,"caption":"Lucia\u00b4s Hairshop"},"image":{"@id":"https:\/\/lhs.sandbox.techblendhq.com\/#\/schema\/logo\/image\/"}}]}},"_links":{"self":[{"href":"https:\/\/lhs.sandbox.techblendhq.com\/pt\/wp-json\/wp\/v2\/product\/12198","targetHints":{"allow":["GET"]}}],"collection":[{"href":"https:\/\/lhs.sandbox.techblendhq.com\/pt\/wp-json\/wp\/v2\/product"}],"about":[{"href":"https:\/\/lhs.sandbox.techblendhq.com\/pt\/wp-json\/wp\/v2\/types\/product"}],"replies":[{"embeddable":true,"href":"https:\/\/lhs.sandbox.techblendhq.com\/pt\/wp-json\/wp\/v2\/comments?post=12198"}],"version-history":[{"count":3,"href":"https:\/\/lhs.sandbox.techblendhq.com\/pt\/wp-json\/wp\/v2\/product\/12198\/revisions"}],"predecessor-version":[{"id":12447,"href":"https:\/\/lhs.sandbox.techblendhq.com\/pt\/wp-json\/wp\/v2\/product\/12198\/revisions\/12447"}],"wp:featuredmedia":[{"embeddable":true,"href":"https:\/\/lhs.sandbox.techblendhq.com\/pt\/wp-json\/wp\/v2\/media\/12502"}],"wp:attachment":[{"href":"https:\/\/lhs.sandbox.techblendhq.com\/pt\/wp-json\/wp\/v2\/media?parent=12198"}],"wp:term":[{"taxonomy":"product_brand","embeddable":true,"href":"https:\/\/lhs.sandbox.techblendhq.com\/pt\/wp-json\/wp\/v2\/product_brand?post=12198"},{"taxonomy":"product_cat","embeddable":true,"href":"https:\/\/lhs.sandbox.techblendhq.com\/pt\/wp-json\/wp\/v2\/product_cat?post=12198"},{"taxonomy":"product_tag","embeddable":true,"href":"https:\/\/lhs.sandbox.techblendhq.com\/pt\/wp-json\/wp\/v2\/product_tag?post=12198"}],"curies":[{"name":"wp","href":"https:\/\/api.w.org\/{rel}","templated":true}]}}