{"id":12205,"date":"2023-12-01T23:02:47","date_gmt":"2023-12-01T22:02:47","guid":{"rendered":"http:\/\/wordpress.p631247.webspaceconfig.de\/?post_type=product&#038;p=12205"},"modified":"2025-02-06T17:31:07","modified_gmt":"2025-02-06T16:31:07","slug":"ls-trauben-cuticula-oeffnungsshampoo","status":"publish","type":"product","link":"https:\/\/lhs.sandbox.techblendhq.com\/pt\/produto\/xampu-abridor-de-cuticulas-ls-grape\/","title":{"rendered":"Shampoo LS Keratin Botox Deep Cleanse Etapa 1"},"content":{"rendered":"<p>O xampu de abertura de cut\u00edcula de uva, uma etapa preparat\u00f3ria para o processo de Botox capilar, limpa o cabelo.<br \/>\nO cabelo \u00e9 bem tratado e remove as impurezas. \u00c9 formulado com \u00f3leo de semente de uva, que protege o cabelo<br \/>\ne garante excelentes resultados. Valor de pH = 8,5<\/p>\n<p>APLICA\u00c7\u00c3O: Umede\u00e7a o cabelo com \u00e1gua morna. Aplique o xampu preparat\u00f3rio uniformemente nos cabelos.<br \/>\ne massageie bem para limp\u00e1-lo adequadamente. Deixe agir por 1 minuto e enx\u00e1gue bem.<br \/>\nEnx\u00e1gue. Repita o xampu uma segunda vez. O cabelo deve ser completamente limpo para obter os melhores resultados.<br \/>\npara obter o resultado desejado para o tratamento de alisamento. Deixe agir por 2 a 3 minutos. Enx\u00e1gue bem. A<br \/>\nSeque o cabelo com um secador de cabelo de at\u00e9 75%. Armazene o produto em um local fresco e seco.<br \/>\nArmazene em um local fresco. Em caso de contato com os olhos, enx\u00e1gue abundantemente com \u00e1gua. Para uso profissional. Armazenar<br \/>\nArmazene-o entre 20\u00b0C e 25\u00b0C. Manter fora do alcance de crian\u00e7as. Somente para uso externo<br \/>\nAplicativo.<\/p>\n<p>INGREDIENTES: Aqua (\u00e1gua), laureth sulfato de s\u00f3dio, lauroil sarcosinato de s\u00f3dio, laurilglucos\u00eddeos de s\u00f3dio<br \/>\nHidroxipropilsulfonato, Cocamida DEA, Cocamidopropil Beta\u00edna, Cocoamphoacetato de S\u00f3dio, Parfum<br \/>\n(Fragr\u00e2ncia), \u00f3leo de semente de Vitis Vinifera (uva), queratina hidrolisada, Polyquaternium -10, fenoxietanol, glicol<br \/>\nDistearato, Glicerina, Cloreto de Guar Hidroxipropiltrim\u00f4nio, PEG-150 Distearato, EDTA Diss\u00f3dico, Laureth-4,<br \/>\nLaurato de glicerila, hexil cinamal, butileno glicol, salicilato de benzila, citronelol, turmalina, ascorbil<br \/>\nPalmitato, Violeta \u00c1cida 43.<\/p>\n<p>&nbsp;<\/p>\n<p>&nbsp;<\/p>\n<p>&nbsp;<\/p>","protected":false},"excerpt":{"rendered":"<p>Das Trauben Cuticula-\u00d6ffnungsshampoo, ein vorbereitender Schritt f\u00fcr den Haar-Botox-Prozess, reinigt das Haar gr\u00fcndlich und entfernt Verunreinigungen. Es ist mit Traubenkern\u00f6l formuliert, das das Haar sch\u00fctzt und ausgezeichnete Ergebnisse gew\u00e4hrleistet. pH-Wert = 8,5 ANWENDUNG: Das Haar mit warmem Wasser befeuchten. Das vorbereitende Shampoo gleichm\u00e4\u00dfig im Haar verteilen und gr\u00fcndlich einmassieren, um es ordnungsgem\u00e4\u00df zu reinigen. 1 [&hellip;]<\/p>","protected":false},"featured_media":12497,"comment_status":"open","ping_status":"closed","template":"","meta":[],"product_brand":[],"product_cat":[910,935,785,641],"product_tag":[],"class_list":{"0":"post-12205","1":"product","2":"type-product","3":"status-publish","4":"has-post-thumbnail","6":"product_cat-keratin-behandlung-haarpflege","7":"product_cat-keratin-behandlung-hairshop-brasil","8":"product_cat-ls-professional","9":"product_cat-haarpflege","11":"first","12":"instock","13":"taxable","14":"shipping-taxable","15":"product-type-simple"},"yoast_head":"<!-- This site is optimized with the Yoast SEO plugin v26.8 - https:\/\/yoast.com\/product\/yoast-seo-wordpress\/ -->\n<title>LS Keratin Botox Deep Cleanse Shampoo Step 1 - Lucia\u00b4s Hairshop<\/title>\n<meta name=\"description\" content=\"LS Keratin Botox Deep Cleanse Shampoo Step 1\" \/>\n<meta name=\"robots\" content=\"index, follow, max-snippet:-1, max-image-preview:large, max-video-preview:-1\" \/>\n<link rel=\"canonical\" href=\"https:\/\/lhs.sandbox.techblendhq.com\/pt\/produto\/xampu-abridor-de-cuticulas-ls-grape\/\" \/>\n<meta property=\"og:locale\" content=\"pt_BR\" \/>\n<meta property=\"og:type\" content=\"article\" \/>\n<meta property=\"og:title\" content=\"LS Keratin Botox Deep Cleanse Shampoo Step 1 - Lucia\u00b4s Hairshop\" \/>\n<meta property=\"og:description\" content=\"LS Keratin Botox Deep Cleanse Shampoo Step 1\" \/>\n<meta property=\"og:url\" content=\"https:\/\/lhs.sandbox.techblendhq.com\/pt\/produto\/xampu-abridor-de-cuticulas-ls-grape\/\" \/>\n<meta property=\"og:site_name\" content=\"Lucia\u00b4s Hairshop\" \/>\n<meta property=\"article:modified_time\" content=\"2025-02-06T16:31:07+00:00\" \/>\n<meta property=\"og:image\" content=\"https:\/\/lhs.sandbox.techblendhq.com\/wp-content\/uploads\/2023\/12\/DSC_8658-scaled.jpg\" \/>\n\t<meta property=\"og:image:width\" content=\"1707\" \/>\n\t<meta property=\"og:image:height\" content=\"2560\" \/>\n\t<meta property=\"og:image:type\" content=\"image\/jpeg\" \/>\n<meta name=\"twitter:card\" content=\"summary_large_image\" \/>\n<meta name=\"twitter:label1\" content=\"Est. tempo de leitura\" \/>\n\t<meta name=\"twitter:data1\" content=\"1 minuto\" \/>\n<script type=\"application\/ld+json\" class=\"yoast-schema-graph\">{\"@context\":\"https:\/\/schema.org\",\"@graph\":[{\"@type\":\"WebPage\",\"@id\":\"https:\/\/lhs.sandbox.techblendhq.com\/produkt\/ls-trauben-cuticula-oeffnungsshampoo\/\",\"url\":\"https:\/\/lhs.sandbox.techblendhq.com\/produkt\/ls-trauben-cuticula-oeffnungsshampoo\/\",\"name\":\"LS Keratin Botox Deep Cleanse Shampoo Step 1 - Lucia\u00b4s Hairshop\",\"isPartOf\":{\"@id\":\"https:\/\/lhs.sandbox.techblendhq.com\/#website\"},\"primaryImageOfPage\":{\"@id\":\"https:\/\/lhs.sandbox.techblendhq.com\/produkt\/ls-trauben-cuticula-oeffnungsshampoo\/#primaryimage\"},\"image\":{\"@id\":\"https:\/\/lhs.sandbox.techblendhq.com\/produkt\/ls-trauben-cuticula-oeffnungsshampoo\/#primaryimage\"},\"thumbnailUrl\":\"https:\/\/lhs.sandbox.techblendhq.com\/wp-content\/uploads\/2023\/12\/DSC_8658-scaled.jpg\",\"datePublished\":\"2023-12-01T22:02:47+00:00\",\"dateModified\":\"2025-02-06T16:31:07+00:00\",\"description\":\"LS Keratin Botox Deep Cleanse Shampoo Step 1\",\"breadcrumb\":{\"@id\":\"https:\/\/lhs.sandbox.techblendhq.com\/produkt\/ls-trauben-cuticula-oeffnungsshampoo\/#breadcrumb\"},\"inLanguage\":\"pt-BR\",\"potentialAction\":[{\"@type\":\"ReadAction\",\"target\":[\"https:\/\/lhs.sandbox.techblendhq.com\/produkt\/ls-trauben-cuticula-oeffnungsshampoo\/\"]}]},{\"@type\":\"ImageObject\",\"inLanguage\":\"pt-BR\",\"@id\":\"https:\/\/lhs.sandbox.techblendhq.com\/produkt\/ls-trauben-cuticula-oeffnungsshampoo\/#primaryimage\",\"url\":\"https:\/\/lhs.sandbox.techblendhq.com\/wp-content\/uploads\/2023\/12\/DSC_8658-scaled.jpg\",\"contentUrl\":\"https:\/\/lhs.sandbox.techblendhq.com\/wp-content\/uploads\/2023\/12\/DSC_8658-scaled.jpg\",\"width\":1707,\"height\":2560},{\"@type\":\"BreadcrumbList\",\"@id\":\"https:\/\/lhs.sandbox.techblendhq.com\/produkt\/ls-trauben-cuticula-oeffnungsshampoo\/#breadcrumb\",\"itemListElement\":[{\"@type\":\"ListItem\",\"position\":1,\"name\":\"Shop\",\"item\":\"https:\/\/lhs.sandbox.techblendhq.com\/\"},{\"@type\":\"ListItem\",\"position\":2,\"name\":\"Marken\",\"item\":\"https:\/\/lhs.sandbox.techblendhq.com\/produkt-kategorie\/marke\/\"},{\"@type\":\"ListItem\",\"position\":3,\"name\":\"LS Professional Keratin\",\"item\":\"https:\/\/lhs.sandbox.techblendhq.com\/produkt-kategorie\/marke\/ls-professional\/\"},{\"@type\":\"ListItem\",\"position\":4,\"name\":\"LS Keratin Botox Deep Cleanse Shampoo Step 1\"}]},{\"@type\":\"WebSite\",\"@id\":\"https:\/\/lhs.sandbox.techblendhq.com\/#website\",\"url\":\"https:\/\/lhs.sandbox.techblendhq.com\/\",\"name\":\"Lucia\u00b4s Hairshop\",\"description\":\"professional products\",\"publisher\":{\"@id\":\"https:\/\/lhs.sandbox.techblendhq.com\/#organization\"},\"potentialAction\":[{\"@type\":\"SearchAction\",\"target\":{\"@type\":\"EntryPoint\",\"urlTemplate\":\"https:\/\/lhs.sandbox.techblendhq.com\/?s={search_term_string}\"},\"query-input\":{\"@type\":\"PropertyValueSpecification\",\"valueRequired\":true,\"valueName\":\"search_term_string\"}}],\"inLanguage\":\"pt-BR\"},{\"@type\":\"Organization\",\"@id\":\"https:\/\/lhs.sandbox.techblendhq.com\/#organization\",\"name\":\"Lucia\u00b4s Hairshop\",\"url\":\"https:\/\/lhs.sandbox.techblendhq.com\/\",\"logo\":{\"@type\":\"ImageObject\",\"inLanguage\":\"pt-BR\",\"@id\":\"https:\/\/lhs.sandbox.techblendhq.com\/#\/schema\/logo\/image\/\",\"url\":\"https:\/\/lhs.sandbox.techblendhq.com\/wp-content\/uploads\/2022\/09\/logo-lucias-hairshop.png\",\"contentUrl\":\"https:\/\/lhs.sandbox.techblendhq.com\/wp-content\/uploads\/2022\/09\/logo-lucias-hairshop.png\",\"width\":396,\"height\":125,\"caption\":\"Lucia\u00b4s Hairshop\"},\"image\":{\"@id\":\"https:\/\/lhs.sandbox.techblendhq.com\/#\/schema\/logo\/image\/\"}}]}<\/script>\n<!-- \/ Yoast SEO plugin. -->","yoast_head_json":{"title":"Shampoo LS Keratin Botox Deep Cleanse Etapa 1 - Lucia's Hairshop","description":"Shampoo LS Keratin Botox Deep Cleanse Etapa 1","robots":{"index":"index","follow":"follow","max-snippet":"max-snippet:-1","max-image-preview":"max-image-preview:large","max-video-preview":"max-video-preview:-1"},"canonical":"https:\/\/lhs.sandbox.techblendhq.com\/pt\/produto\/xampu-abridor-de-cuticulas-ls-grape\/","og_locale":"pt_BR","og_type":"article","og_title":"LS Keratin Botox Deep Cleanse Shampoo Step 1 - Lucia\u00b4s Hairshop","og_description":"LS Keratin Botox Deep Cleanse Shampoo Step 1","og_url":"https:\/\/lhs.sandbox.techblendhq.com\/pt\/produto\/xampu-abridor-de-cuticulas-ls-grape\/","og_site_name":"Lucia\u00b4s Hairshop","article_modified_time":"2025-02-06T16:31:07+00:00","og_image":[{"width":1707,"height":2560,"url":"https:\/\/lhs.sandbox.techblendhq.com\/wp-content\/uploads\/2023\/12\/DSC_8658-scaled.jpg","type":"image\/jpeg"}],"twitter_card":"summary_large_image","twitter_misc":{"Est. tempo de leitura":"1 minuto"},"schema":{"@context":"https:\/\/schema.org","@graph":[{"@type":"WebPage","@id":"https:\/\/lhs.sandbox.techblendhq.com\/produkt\/ls-trauben-cuticula-oeffnungsshampoo\/","url":"https:\/\/lhs.sandbox.techblendhq.com\/produkt\/ls-trauben-cuticula-oeffnungsshampoo\/","name":"Shampoo LS Keratin Botox Deep Cleanse Etapa 1 - Lucia's Hairshop","isPartOf":{"@id":"https:\/\/lhs.sandbox.techblendhq.com\/#website"},"primaryImageOfPage":{"@id":"https:\/\/lhs.sandbox.techblendhq.com\/produkt\/ls-trauben-cuticula-oeffnungsshampoo\/#primaryimage"},"image":{"@id":"https:\/\/lhs.sandbox.techblendhq.com\/produkt\/ls-trauben-cuticula-oeffnungsshampoo\/#primaryimage"},"thumbnailUrl":"https:\/\/lhs.sandbox.techblendhq.com\/wp-content\/uploads\/2023\/12\/DSC_8658-scaled.jpg","datePublished":"2023-12-01T22:02:47+00:00","dateModified":"2025-02-06T16:31:07+00:00","description":"Shampoo LS Keratin Botox Deep Cleanse Etapa 1","breadcrumb":{"@id":"https:\/\/lhs.sandbox.techblendhq.com\/produkt\/ls-trauben-cuticula-oeffnungsshampoo\/#breadcrumb"},"inLanguage":"pt-BR","potentialAction":[{"@type":"ReadAction","target":["https:\/\/lhs.sandbox.techblendhq.com\/produkt\/ls-trauben-cuticula-oeffnungsshampoo\/"]}]},{"@type":"ImageObject","inLanguage":"pt-BR","@id":"https:\/\/lhs.sandbox.techblendhq.com\/produkt\/ls-trauben-cuticula-oeffnungsshampoo\/#primaryimage","url":"https:\/\/lhs.sandbox.techblendhq.com\/wp-content\/uploads\/2023\/12\/DSC_8658-scaled.jpg","contentUrl":"https:\/\/lhs.sandbox.techblendhq.com\/wp-content\/uploads\/2023\/12\/DSC_8658-scaled.jpg","width":1707,"height":2560},{"@type":"BreadcrumbList","@id":"https:\/\/lhs.sandbox.techblendhq.com\/produkt\/ls-trauben-cuticula-oeffnungsshampoo\/#breadcrumb","itemListElement":[{"@type":"ListItem","position":1,"name":"Shop","item":"https:\/\/lhs.sandbox.techblendhq.com\/"},{"@type":"ListItem","position":2,"name":"Marken","item":"https:\/\/lhs.sandbox.techblendhq.com\/produkt-kategorie\/marke\/"},{"@type":"ListItem","position":3,"name":"LS Professional Keratin","item":"https:\/\/lhs.sandbox.techblendhq.com\/produkt-kategorie\/marke\/ls-professional\/"},{"@type":"ListItem","position":4,"name":"LS Keratin Botox Deep Cleanse Shampoo Step 1"}]},{"@type":"WebSite","@id":"https:\/\/lhs.sandbox.techblendhq.com\/#website","url":"https:\/\/lhs.sandbox.techblendhq.com\/","name":"cabeleireiro da L\u00facia","description":"produtos profissionais","publisher":{"@id":"https:\/\/lhs.sandbox.techblendhq.com\/#organization"},"potentialAction":[{"@type":"SearchAction","target":{"@type":"EntryPoint","urlTemplate":"https:\/\/lhs.sandbox.techblendhq.com\/?s={search_term_string}"},"query-input":{"@type":"PropertyValueSpecification","valueRequired":true,"valueName":"search_term_string"}}],"inLanguage":"pt-BR"},{"@type":"Organization","@id":"https:\/\/lhs.sandbox.techblendhq.com\/#organization","name":"cabeleireiro da L\u00facia","url":"https:\/\/lhs.sandbox.techblendhq.com\/","logo":{"@type":"ImageObject","inLanguage":"pt-BR","@id":"https:\/\/lhs.sandbox.techblendhq.com\/#\/schema\/logo\/image\/","url":"https:\/\/lhs.sandbox.techblendhq.com\/wp-content\/uploads\/2022\/09\/logo-lucias-hairshop.png","contentUrl":"https:\/\/lhs.sandbox.techblendhq.com\/wp-content\/uploads\/2022\/09\/logo-lucias-hairshop.png","width":396,"height":125,"caption":"Lucia\u00b4s Hairshop"},"image":{"@id":"https:\/\/lhs.sandbox.techblendhq.com\/#\/schema\/logo\/image\/"}}]}},"_links":{"self":[{"href":"https:\/\/lhs.sandbox.techblendhq.com\/pt\/wp-json\/wp\/v2\/product\/12205","targetHints":{"allow":["GET"]}}],"collection":[{"href":"https:\/\/lhs.sandbox.techblendhq.com\/pt\/wp-json\/wp\/v2\/product"}],"about":[{"href":"https:\/\/lhs.sandbox.techblendhq.com\/pt\/wp-json\/wp\/v2\/types\/product"}],"replies":[{"embeddable":true,"href":"https:\/\/lhs.sandbox.techblendhq.com\/pt\/wp-json\/wp\/v2\/comments?post=12205"}],"version-history":[{"count":6,"href":"https:\/\/lhs.sandbox.techblendhq.com\/pt\/wp-json\/wp\/v2\/product\/12205\/revisions"}],"predecessor-version":[{"id":12462,"href":"https:\/\/lhs.sandbox.techblendhq.com\/pt\/wp-json\/wp\/v2\/product\/12205\/revisions\/12462"}],"wp:featuredmedia":[{"embeddable":true,"href":"https:\/\/lhs.sandbox.techblendhq.com\/pt\/wp-json\/wp\/v2\/media\/12497"}],"wp:attachment":[{"href":"https:\/\/lhs.sandbox.techblendhq.com\/pt\/wp-json\/wp\/v2\/media?parent=12205"}],"wp:term":[{"taxonomy":"product_brand","embeddable":true,"href":"https:\/\/lhs.sandbox.techblendhq.com\/pt\/wp-json\/wp\/v2\/product_brand?post=12205"},{"taxonomy":"product_cat","embeddable":true,"href":"https:\/\/lhs.sandbox.techblendhq.com\/pt\/wp-json\/wp\/v2\/product_cat?post=12205"},{"taxonomy":"product_tag","embeddable":true,"href":"https:\/\/lhs.sandbox.techblendhq.com\/pt\/wp-json\/wp\/v2\/product_tag?post=12205"}],"curies":[{"name":"wp","href":"https:\/\/api.w.org\/{rel}","templated":true}]}}