{"id":12214,"date":"2023-12-01T23:11:15","date_gmt":"2023-12-01T22:11:15","guid":{"rendered":"http:\/\/wordpress.p631247.webspaceconfig.de\/?post_type=product&#038;p=12214"},"modified":"2025-02-06T17:30:42","modified_gmt":"2025-02-06T16:30:42","slug":"ls-botox-trauben-haarbotox","status":"publish","type":"product","link":"https:\/\/lhs.sandbox.techblendhq.com\/pt\/produto\/ls-botox-grape-hair-botox\/","title":{"rendered":"LS Keratin Botox Selant Etapa 2"},"content":{"rendered":"<p>O Botox Capilar Uva foi desenvolvido para selar os fios e deix\u00e1-los brilhantes e sedosos.<br \/>\ncomposi\u00e7\u00e3o. O \u00f3leo de semente de uva fortalece a estrutura do cabelo, reduz o frizz e o nutre intensamente, proporcionando brilho e luminosidade.<br \/>\nO cabelo \u00e9 naturalmente sedoso e tamb\u00e9m \u00e9 um ingrediente altamente hidratante que \u00e9 facilmente absorvido pelo cabelo.<br \/>\n\u00e9 absorvido. Valor de pH = 1,5 - 2,0<\/p>\n<p>APLICA\u00c7\u00c3O: Ap\u00f3s lavar os cabelos com um xampu que abra as cut\u00edculas, esfregue-o suavemente nos cabelos.<br \/>\nmassagem, aplique o produto em diferentes mechas e distribua-o uniformemente com a ajuda de um<br \/>\npentear. Deixe agir por 25 a 30 minutos. Enx\u00e1gue o cabelo para remover 70% a 80% do produto.<br \/>\npara remover. Massageie bem e esprema o excesso de \u00e1gua at\u00e9 as pontas. Continuar<br \/>\nContinue secando com o secador. Divida o cabelo novamente e alise-o em se\u00e7\u00f5es finas tr\u00eas vezes para obter o visual desejado.<br \/>\nra\u00edzes. Use uma temperatura de 180\u00b0C a 220\u00b0C. Termine o processo com<br \/>\npentear todo o cabelo. Armazene o produto em um local fresco e seco. Em caso de contato com os olhos<br \/>\nEnx\u00e1gue abundantemente com \u00e1gua. Somente para uso profissional. Armazenar entre 20\u00b0C e<br \/>\n25\u00b0C. Manter fora do alcance de crian\u00e7as. Somente para uso externo.<\/p>\n<p>INGREDIENTES: Aqua (\u00e1gua), \u00e1cido gliox\u00edlico, \u00e1lcool cetear\u00edlico, \u00f3leo de Cocos Nucifera, Behentrimonium<br \/>\nMetossulfato, estearato de glicerila, estearato de PEG-100, \u00f3leo de semente de Vitis Vinifera (uva), Butyrospermum Parkii<br \/>\nManteiga, Parfum (fragr\u00e2ncia), Xylitylglucoside, Amodimethicone, Phenoxyethanol, Anhydroxylitol, Panthenol,<br \/>\nMaltitol, PEG-90M, Xilitol, Poliquat\u00e9rnio-7, Hidroxidrocinamato de Pentaeritrila Tetra-di-t-butila,<br \/>\nEDTA diss\u00f3dico, Hexyl Cinnamal, Glyceryl Laurate, Tourmaline, Benzyl Salicylate, Amyl Cinnamal, Citronellol,<br \/>\nBenzoato de s\u00f3dio, etilhexilglicerina, queratina hidrolisada, extrato de Pelvetia Canaliculata, butileno glicol, \u00e1cido<br \/>\nVioleta 43.<\/p>\n<p>&nbsp;<\/p>","protected":false},"excerpt":{"rendered":"<p>Der Trauben-Haar-Botox wurde entwickelt, um die Str\u00e4hnen zu versiegeln und sie gl\u00e4nzend und seidig zu machen. Traubenkern\u00f6l st\u00e4rkt die Haarstruktur, reduziert Frizz und pflegt es intensiv, verleiht Glanz und nat\u00fcrlich seidiges Haar und ist zudem ein hochfeuchtigkeitsspendender Inhaltsstoff, der leicht vom Haar aufgenommen wird. pH-Wert = 1,5 &#8211; 2,0 ANWENDUNG: Nach dem Waschen der Haare [&hellip;]<\/p>","protected":false},"featured_media":12499,"comment_status":"open","ping_status":"closed","template":"","meta":[],"product_brand":[],"product_cat":[910,935,785,641],"product_tag":[],"class_list":{"0":"post-12214","1":"product","2":"type-product","3":"status-publish","4":"has-post-thumbnail","6":"product_cat-keratin-behandlung-haarpflege","7":"product_cat-keratin-behandlung-hairshop-brasil","8":"product_cat-ls-professional","9":"product_cat-haarpflege","11":"first","12":"instock","13":"taxable","14":"shipping-taxable","15":"product-type-simple"},"yoast_head":"<!-- This site is optimized with the Yoast SEO plugin v26.8 - https:\/\/yoast.com\/product\/yoast-seo-wordpress\/ -->\n<title>LS Keratin Botox Selant Step 2 - Lucia\u00b4s Hairshop<\/title>\n<meta name=\"description\" content=\"LS Keratin Botox Selant Step 2\" \/>\n<meta name=\"robots\" content=\"index, follow, max-snippet:-1, max-image-preview:large, max-video-preview:-1\" \/>\n<link rel=\"canonical\" href=\"https:\/\/lhs.sandbox.techblendhq.com\/pt\/produto\/ls-botox-grape-hair-botox\/\" \/>\n<meta property=\"og:locale\" content=\"pt_BR\" \/>\n<meta property=\"og:type\" content=\"article\" \/>\n<meta property=\"og:title\" content=\"LS Keratin Botox Selant Step 2 - Lucia\u00b4s Hairshop\" \/>\n<meta property=\"og:description\" content=\"LS Keratin Botox Selant Step 2\" \/>\n<meta property=\"og:url\" content=\"https:\/\/lhs.sandbox.techblendhq.com\/pt\/produto\/ls-botox-grape-hair-botox\/\" \/>\n<meta property=\"og:site_name\" content=\"Lucia\u00b4s Hairshop\" \/>\n<meta property=\"article:modified_time\" content=\"2025-02-06T16:30:42+00:00\" \/>\n<meta property=\"og:image\" content=\"https:\/\/lhs.sandbox.techblendhq.com\/wp-content\/uploads\/2023\/12\/DSC_8659-scaled.jpg\" \/>\n\t<meta property=\"og:image:width\" content=\"1707\" \/>\n\t<meta property=\"og:image:height\" content=\"2560\" \/>\n\t<meta property=\"og:image:type\" content=\"image\/jpeg\" \/>\n<meta name=\"twitter:card\" content=\"summary_large_image\" \/>\n<meta name=\"twitter:label1\" content=\"Est. tempo de leitura\" \/>\n\t<meta name=\"twitter:data1\" content=\"1 minuto\" \/>\n<script type=\"application\/ld+json\" class=\"yoast-schema-graph\">{\"@context\":\"https:\/\/schema.org\",\"@graph\":[{\"@type\":\"WebPage\",\"@id\":\"https:\/\/lhs.sandbox.techblendhq.com\/produkt\/ls-botox-trauben-haarbotox\/\",\"url\":\"https:\/\/lhs.sandbox.techblendhq.com\/produkt\/ls-botox-trauben-haarbotox\/\",\"name\":\"LS Keratin Botox Selant Step 2 - Lucia\u00b4s Hairshop\",\"isPartOf\":{\"@id\":\"https:\/\/lhs.sandbox.techblendhq.com\/#website\"},\"primaryImageOfPage\":{\"@id\":\"https:\/\/lhs.sandbox.techblendhq.com\/produkt\/ls-botox-trauben-haarbotox\/#primaryimage\"},\"image\":{\"@id\":\"https:\/\/lhs.sandbox.techblendhq.com\/produkt\/ls-botox-trauben-haarbotox\/#primaryimage\"},\"thumbnailUrl\":\"https:\/\/lhs.sandbox.techblendhq.com\/wp-content\/uploads\/2023\/12\/DSC_8659-scaled.jpg\",\"datePublished\":\"2023-12-01T22:11:15+00:00\",\"dateModified\":\"2025-02-06T16:30:42+00:00\",\"description\":\"LS Keratin Botox Selant Step 2\",\"breadcrumb\":{\"@id\":\"https:\/\/lhs.sandbox.techblendhq.com\/produkt\/ls-botox-trauben-haarbotox\/#breadcrumb\"},\"inLanguage\":\"pt-BR\",\"potentialAction\":[{\"@type\":\"ReadAction\",\"target\":[\"https:\/\/lhs.sandbox.techblendhq.com\/produkt\/ls-botox-trauben-haarbotox\/\"]}]},{\"@type\":\"ImageObject\",\"inLanguage\":\"pt-BR\",\"@id\":\"https:\/\/lhs.sandbox.techblendhq.com\/produkt\/ls-botox-trauben-haarbotox\/#primaryimage\",\"url\":\"https:\/\/lhs.sandbox.techblendhq.com\/wp-content\/uploads\/2023\/12\/DSC_8659-scaled.jpg\",\"contentUrl\":\"https:\/\/lhs.sandbox.techblendhq.com\/wp-content\/uploads\/2023\/12\/DSC_8659-scaled.jpg\",\"width\":1707,\"height\":2560},{\"@type\":\"BreadcrumbList\",\"@id\":\"https:\/\/lhs.sandbox.techblendhq.com\/produkt\/ls-botox-trauben-haarbotox\/#breadcrumb\",\"itemListElement\":[{\"@type\":\"ListItem\",\"position\":1,\"name\":\"Shop\",\"item\":\"https:\/\/lhs.sandbox.techblendhq.com\/\"},{\"@type\":\"ListItem\",\"position\":2,\"name\":\"Marken\",\"item\":\"https:\/\/lhs.sandbox.techblendhq.com\/produkt-kategorie\/marke\/\"},{\"@type\":\"ListItem\",\"position\":3,\"name\":\"LS Professional Keratin\",\"item\":\"https:\/\/lhs.sandbox.techblendhq.com\/produkt-kategorie\/marke\/ls-professional\/\"},{\"@type\":\"ListItem\",\"position\":4,\"name\":\"LS Keratin Botox Selant Step 2\"}]},{\"@type\":\"WebSite\",\"@id\":\"https:\/\/lhs.sandbox.techblendhq.com\/#website\",\"url\":\"https:\/\/lhs.sandbox.techblendhq.com\/\",\"name\":\"Lucia\u00b4s Hairshop\",\"description\":\"professional products\",\"publisher\":{\"@id\":\"https:\/\/lhs.sandbox.techblendhq.com\/#organization\"},\"potentialAction\":[{\"@type\":\"SearchAction\",\"target\":{\"@type\":\"EntryPoint\",\"urlTemplate\":\"https:\/\/lhs.sandbox.techblendhq.com\/?s={search_term_string}\"},\"query-input\":{\"@type\":\"PropertyValueSpecification\",\"valueRequired\":true,\"valueName\":\"search_term_string\"}}],\"inLanguage\":\"pt-BR\"},{\"@type\":\"Organization\",\"@id\":\"https:\/\/lhs.sandbox.techblendhq.com\/#organization\",\"name\":\"Lucia\u00b4s Hairshop\",\"url\":\"https:\/\/lhs.sandbox.techblendhq.com\/\",\"logo\":{\"@type\":\"ImageObject\",\"inLanguage\":\"pt-BR\",\"@id\":\"https:\/\/lhs.sandbox.techblendhq.com\/#\/schema\/logo\/image\/\",\"url\":\"https:\/\/lhs.sandbox.techblendhq.com\/wp-content\/uploads\/2022\/09\/logo-lucias-hairshop.png\",\"contentUrl\":\"https:\/\/lhs.sandbox.techblendhq.com\/wp-content\/uploads\/2022\/09\/logo-lucias-hairshop.png\",\"width\":396,\"height\":125,\"caption\":\"Lucia\u00b4s Hairshop\"},\"image\":{\"@id\":\"https:\/\/lhs.sandbox.techblendhq.com\/#\/schema\/logo\/image\/\"}}]}<\/script>\n<!-- \/ Yoast SEO plugin. -->","yoast_head_json":{"title":"LS Keratin Botox Selant Passo 2 - Lucia's Hairshop","description":"LS Keratin Botox Selant Etapa 2","robots":{"index":"index","follow":"follow","max-snippet":"max-snippet:-1","max-image-preview":"max-image-preview:large","max-video-preview":"max-video-preview:-1"},"canonical":"https:\/\/lhs.sandbox.techblendhq.com\/pt\/produto\/ls-botox-grape-hair-botox\/","og_locale":"pt_BR","og_type":"article","og_title":"LS Keratin Botox Selant Step 2 - Lucia\u00b4s Hairshop","og_description":"LS Keratin Botox Selant Step 2","og_url":"https:\/\/lhs.sandbox.techblendhq.com\/pt\/produto\/ls-botox-grape-hair-botox\/","og_site_name":"Lucia\u00b4s Hairshop","article_modified_time":"2025-02-06T16:30:42+00:00","og_image":[{"width":1707,"height":2560,"url":"https:\/\/lhs.sandbox.techblendhq.com\/wp-content\/uploads\/2023\/12\/DSC_8659-scaled.jpg","type":"image\/jpeg"}],"twitter_card":"summary_large_image","twitter_misc":{"Est. tempo de leitura":"1 minuto"},"schema":{"@context":"https:\/\/schema.org","@graph":[{"@type":"WebPage","@id":"https:\/\/lhs.sandbox.techblendhq.com\/produkt\/ls-botox-trauben-haarbotox\/","url":"https:\/\/lhs.sandbox.techblendhq.com\/produkt\/ls-botox-trauben-haarbotox\/","name":"LS Keratin Botox Selant Passo 2 - Lucia's Hairshop","isPartOf":{"@id":"https:\/\/lhs.sandbox.techblendhq.com\/#website"},"primaryImageOfPage":{"@id":"https:\/\/lhs.sandbox.techblendhq.com\/produkt\/ls-botox-trauben-haarbotox\/#primaryimage"},"image":{"@id":"https:\/\/lhs.sandbox.techblendhq.com\/produkt\/ls-botox-trauben-haarbotox\/#primaryimage"},"thumbnailUrl":"https:\/\/lhs.sandbox.techblendhq.com\/wp-content\/uploads\/2023\/12\/DSC_8659-scaled.jpg","datePublished":"2023-12-01T22:11:15+00:00","dateModified":"2025-02-06T16:30:42+00:00","description":"LS Keratin Botox Selant Etapa 2","breadcrumb":{"@id":"https:\/\/lhs.sandbox.techblendhq.com\/produkt\/ls-botox-trauben-haarbotox\/#breadcrumb"},"inLanguage":"pt-BR","potentialAction":[{"@type":"ReadAction","target":["https:\/\/lhs.sandbox.techblendhq.com\/produkt\/ls-botox-trauben-haarbotox\/"]}]},{"@type":"ImageObject","inLanguage":"pt-BR","@id":"https:\/\/lhs.sandbox.techblendhq.com\/produkt\/ls-botox-trauben-haarbotox\/#primaryimage","url":"https:\/\/lhs.sandbox.techblendhq.com\/wp-content\/uploads\/2023\/12\/DSC_8659-scaled.jpg","contentUrl":"https:\/\/lhs.sandbox.techblendhq.com\/wp-content\/uploads\/2023\/12\/DSC_8659-scaled.jpg","width":1707,"height":2560},{"@type":"BreadcrumbList","@id":"https:\/\/lhs.sandbox.techblendhq.com\/produkt\/ls-botox-trauben-haarbotox\/#breadcrumb","itemListElement":[{"@type":"ListItem","position":1,"name":"Shop","item":"https:\/\/lhs.sandbox.techblendhq.com\/"},{"@type":"ListItem","position":2,"name":"Marken","item":"https:\/\/lhs.sandbox.techblendhq.com\/produkt-kategorie\/marke\/"},{"@type":"ListItem","position":3,"name":"LS Professional Keratin","item":"https:\/\/lhs.sandbox.techblendhq.com\/produkt-kategorie\/marke\/ls-professional\/"},{"@type":"ListItem","position":4,"name":"LS Keratin Botox Selant Step 2"}]},{"@type":"WebSite","@id":"https:\/\/lhs.sandbox.techblendhq.com\/#website","url":"https:\/\/lhs.sandbox.techblendhq.com\/","name":"cabeleireiro da L\u00facia","description":"produtos profissionais","publisher":{"@id":"https:\/\/lhs.sandbox.techblendhq.com\/#organization"},"potentialAction":[{"@type":"SearchAction","target":{"@type":"EntryPoint","urlTemplate":"https:\/\/lhs.sandbox.techblendhq.com\/?s={search_term_string}"},"query-input":{"@type":"PropertyValueSpecification","valueRequired":true,"valueName":"search_term_string"}}],"inLanguage":"pt-BR"},{"@type":"Organization","@id":"https:\/\/lhs.sandbox.techblendhq.com\/#organization","name":"cabeleireiro da L\u00facia","url":"https:\/\/lhs.sandbox.techblendhq.com\/","logo":{"@type":"ImageObject","inLanguage":"pt-BR","@id":"https:\/\/lhs.sandbox.techblendhq.com\/#\/schema\/logo\/image\/","url":"https:\/\/lhs.sandbox.techblendhq.com\/wp-content\/uploads\/2022\/09\/logo-lucias-hairshop.png","contentUrl":"https:\/\/lhs.sandbox.techblendhq.com\/wp-content\/uploads\/2022\/09\/logo-lucias-hairshop.png","width":396,"height":125,"caption":"Lucia\u00b4s Hairshop"},"image":{"@id":"https:\/\/lhs.sandbox.techblendhq.com\/#\/schema\/logo\/image\/"}}]}},"_links":{"self":[{"href":"https:\/\/lhs.sandbox.techblendhq.com\/pt\/wp-json\/wp\/v2\/product\/12214","targetHints":{"allow":["GET"]}}],"collection":[{"href":"https:\/\/lhs.sandbox.techblendhq.com\/pt\/wp-json\/wp\/v2\/product"}],"about":[{"href":"https:\/\/lhs.sandbox.techblendhq.com\/pt\/wp-json\/wp\/v2\/types\/product"}],"replies":[{"embeddable":true,"href":"https:\/\/lhs.sandbox.techblendhq.com\/pt\/wp-json\/wp\/v2\/comments?post=12214"}],"version-history":[{"count":3,"href":"https:\/\/lhs.sandbox.techblendhq.com\/pt\/wp-json\/wp\/v2\/product\/12214\/revisions"}],"predecessor-version":[{"id":12461,"href":"https:\/\/lhs.sandbox.techblendhq.com\/pt\/wp-json\/wp\/v2\/product\/12214\/revisions\/12461"}],"wp:featuredmedia":[{"embeddable":true,"href":"https:\/\/lhs.sandbox.techblendhq.com\/pt\/wp-json\/wp\/v2\/media\/12499"}],"wp:attachment":[{"href":"https:\/\/lhs.sandbox.techblendhq.com\/pt\/wp-json\/wp\/v2\/media?parent=12214"}],"wp:term":[{"taxonomy":"product_brand","embeddable":true,"href":"https:\/\/lhs.sandbox.techblendhq.com\/pt\/wp-json\/wp\/v2\/product_brand?post=12214"},{"taxonomy":"product_cat","embeddable":true,"href":"https:\/\/lhs.sandbox.techblendhq.com\/pt\/wp-json\/wp\/v2\/product_cat?post=12214"},{"taxonomy":"product_tag","embeddable":true,"href":"https:\/\/lhs.sandbox.techblendhq.com\/pt\/wp-json\/wp\/v2\/product_tag?post=12214"}],"curies":[{"name":"wp","href":"https:\/\/api.w.org\/{rel}","templated":true}]}}