{"id":12220,"date":"2023-12-01T23:21:02","date_gmt":"2023-12-01T22:21:02","guid":{"rendered":"http:\/\/wordpress.p631247.webspaceconfig.de\/?post_type=product&#038;p=12220"},"modified":"2025-10-20T16:14:45","modified_gmt":"2025-10-20T14:14:45","slug":"ls-post-keratin-maske","status":"publish","type":"product","link":"https:\/\/lhs.sandbox.techblendhq.com\/pt\/produto\/mascara-de-queratina-ls-post\/","title":{"rendered":"M\u00e1scara p\u00f3s-queratina LS"},"content":{"rendered":"<div class=\"product\">\n<div class=\"formbody\">\n<div class=\"descriptionbox\">\n<div class=\"description\"><\/div>\n<\/div>\n<\/div>\n<\/div>\n<p>A M\u00e1scara Reconstrutora P\u00f3s-Queratina LS \u00e9 para cabelos quebradi\u00e7os, fr\u00e1geis e n\u00e3o resistentes<br \/>\nRecomendado. Formulado com \u00f3leo de macad\u00e2mia, ele tamb\u00e9m cont\u00e9m amino\u00e1cidos e queratina para ajudar o cabelo<br \/>\ne torn\u00e1-lo forte e resiliente.<\/p>\n<p>APLICA\u00c7\u00c3O: Aplique nos cabelos \u00famidos ap\u00f3s a lavagem e massageie suavemente. 10<br \/>\nDeixe agir por alguns minutos. Enx\u00e1gue bem. Seque e escove o cabelo. Fora do alcance<br \/>\nManter longe de crian\u00e7as e do calor excessivo. Somente para uso externo.<\/p>\n<p>INGREDIENTES: Aqua (\u00e1gua), \u00e1lcool cetear\u00edlico, cloreto de behentrim\u00f4nio, parafina l\u00edquida, glicerina,<br \/>\n\u00c1lcool isoprop\u00edlico, ciclopentasiloxano, dimeticonol, EDTA diss\u00f3dico, fenoxietanol, Cera Alba, glicina<br \/>\n\u00d3leo de soja, laurilato de glicerila, pantenol, \u00e1cido l\u00e1ctico, perfume, PCA de s\u00f3dio, lactato de s\u00f3dio, arginina, asp\u00e1rtico<br \/>\n\u00c1cido, PCA, Linalol, Glicina, Alanina, Serina, Valina, Prolina, Hexil Cinamal, Treonina, Isoleucina, Histidina,<br \/>\nFenilalanina, \u00f3leo de semente de Macad\u00e2mia Integrifolia, cumarina, pentaeritrila tetra-di-t-butila<br \/>\nHidroxihidrocinamato, queratina hidrolisada, turmalina.<\/p>\n<p>&nbsp;<\/p>\n<p>&nbsp;<\/p>","protected":false},"excerpt":{"rendered":"<p>Die Post-Keratin LS Rekonstruktionsmaske ist f\u00fcr spr\u00f6des, br\u00fcchiges und nicht elastisches Haar empfohlen. Formuliert mit Macadamia-\u00d6l enth\u00e4lt sie auch Aminos\u00e4uren und Keratin, um das Haar wiederherzustellen, stark und widerstandsf\u00e4hig zu machen. ANWENDUNG: Nach dem Waschen der Haare auf das nasse Haar auftragen und sanft einmassieren. 10 Minuten einwirken lassen. Gr\u00fcndlich aussp\u00fclen. Das Haar trocknen und [&hellip;]<\/p>","protected":false},"featured_media":12495,"comment_status":"open","ping_status":"closed","template":"","meta":[],"product_brand":[],"product_cat":[807,937,910,935,785,641,683],"product_tag":[],"class_list":{"0":"post-12220","1":"product","2":"type-product","3":"status-publish","4":"has-post-thumbnail","6":"product_cat-haarmaske-und-conditioner","7":"product_cat-haarmaske-und-conditioner-hairshop-brasil","8":"product_cat-keratin-behandlung-haarpflege","9":"product_cat-keratin-behandlung-hairshop-brasil","10":"product_cat-ls-professional","11":"product_cat-haarpflege","12":"product_cat-conditioner","14":"first","15":"outofstock","16":"taxable","17":"shipping-taxable","18":"purchasable","19":"product-type-simple"},"yoast_head":"<!-- This site is optimized with the Yoast SEO plugin v26.8 - https:\/\/yoast.com\/product\/yoast-seo-wordpress\/ -->\n<title>LS Post-Keratin Maske - Lucia\u00b4s Hairshop<\/title>\n<meta name=\"description\" content=\"LS Post-Keratin Maske\" \/>\n<meta name=\"robots\" content=\"index, follow, max-snippet:-1, max-image-preview:large, max-video-preview:-1\" \/>\n<link rel=\"canonical\" href=\"https:\/\/lhs.sandbox.techblendhq.com\/pt\/produto\/mascara-de-queratina-ls-post\/\" \/>\n<meta property=\"og:locale\" content=\"pt_BR\" \/>\n<meta property=\"og:type\" content=\"article\" \/>\n<meta property=\"og:title\" content=\"LS Post-Keratin Maske - Lucia\u00b4s Hairshop\" \/>\n<meta property=\"og:description\" content=\"LS Post-Keratin Maske\" \/>\n<meta property=\"og:url\" content=\"https:\/\/lhs.sandbox.techblendhq.com\/pt\/produto\/mascara-de-queratina-ls-post\/\" \/>\n<meta property=\"og:site_name\" content=\"Lucia\u00b4s Hairshop\" \/>\n<meta property=\"article:modified_time\" content=\"2025-10-20T14:14:45+00:00\" \/>\n<meta property=\"og:image\" content=\"https:\/\/lhs.sandbox.techblendhq.com\/wp-content\/uploads\/2023\/12\/DSC_8696-scaled.jpg\" \/>\n\t<meta property=\"og:image:width\" content=\"1707\" \/>\n\t<meta property=\"og:image:height\" content=\"2560\" \/>\n\t<meta property=\"og:image:type\" content=\"image\/jpeg\" \/>\n<meta name=\"twitter:card\" content=\"summary_large_image\" \/>\n<meta name=\"twitter:label1\" content=\"Est. tempo de leitura\" \/>\n\t<meta name=\"twitter:data1\" content=\"1 minuto\" \/>\n<script type=\"application\/ld+json\" class=\"yoast-schema-graph\">{\"@context\":\"https:\/\/schema.org\",\"@graph\":[{\"@type\":\"WebPage\",\"@id\":\"https:\/\/lhs.sandbox.techblendhq.com\/produkt\/ls-post-keratin-maske\/\",\"url\":\"https:\/\/lhs.sandbox.techblendhq.com\/produkt\/ls-post-keratin-maske\/\",\"name\":\"LS Post-Keratin Maske - Lucia\u00b4s Hairshop\",\"isPartOf\":{\"@id\":\"https:\/\/lhs.sandbox.techblendhq.com\/#website\"},\"primaryImageOfPage\":{\"@id\":\"https:\/\/lhs.sandbox.techblendhq.com\/produkt\/ls-post-keratin-maske\/#primaryimage\"},\"image\":{\"@id\":\"https:\/\/lhs.sandbox.techblendhq.com\/produkt\/ls-post-keratin-maske\/#primaryimage\"},\"thumbnailUrl\":\"https:\/\/lhs.sandbox.techblendhq.com\/wp-content\/uploads\/2023\/12\/DSC_8696-scaled.jpg\",\"datePublished\":\"2023-12-01T22:21:02+00:00\",\"dateModified\":\"2025-10-20T14:14:45+00:00\",\"description\":\"LS Post-Keratin Maske\",\"breadcrumb\":{\"@id\":\"https:\/\/lhs.sandbox.techblendhq.com\/produkt\/ls-post-keratin-maske\/#breadcrumb\"},\"inLanguage\":\"pt-BR\",\"potentialAction\":[{\"@type\":\"ReadAction\",\"target\":[\"https:\/\/lhs.sandbox.techblendhq.com\/produkt\/ls-post-keratin-maske\/\"]}]},{\"@type\":\"ImageObject\",\"inLanguage\":\"pt-BR\",\"@id\":\"https:\/\/lhs.sandbox.techblendhq.com\/produkt\/ls-post-keratin-maske\/#primaryimage\",\"url\":\"https:\/\/lhs.sandbox.techblendhq.com\/wp-content\/uploads\/2023\/12\/DSC_8696-scaled.jpg\",\"contentUrl\":\"https:\/\/lhs.sandbox.techblendhq.com\/wp-content\/uploads\/2023\/12\/DSC_8696-scaled.jpg\",\"width\":1707,\"height\":2560},{\"@type\":\"BreadcrumbList\",\"@id\":\"https:\/\/lhs.sandbox.techblendhq.com\/produkt\/ls-post-keratin-maske\/#breadcrumb\",\"itemListElement\":[{\"@type\":\"ListItem\",\"position\":1,\"name\":\"Shop\",\"item\":\"https:\/\/lhs.sandbox.techblendhq.com\/\"},{\"@type\":\"ListItem\",\"position\":2,\"name\":\"Marken\",\"item\":\"https:\/\/lhs.sandbox.techblendhq.com\/produkt-kategorie\/marke\/\"},{\"@type\":\"ListItem\",\"position\":3,\"name\":\"LS Professional Keratin\",\"item\":\"https:\/\/lhs.sandbox.techblendhq.com\/produkt-kategorie\/marke\/ls-professional\/\"},{\"@type\":\"ListItem\",\"position\":4,\"name\":\"LS Post-Keratin Maske\"}]},{\"@type\":\"WebSite\",\"@id\":\"https:\/\/lhs.sandbox.techblendhq.com\/#website\",\"url\":\"https:\/\/lhs.sandbox.techblendhq.com\/\",\"name\":\"Lucia\u00b4s Hairshop\",\"description\":\"professional products\",\"publisher\":{\"@id\":\"https:\/\/lhs.sandbox.techblendhq.com\/#organization\"},\"potentialAction\":[{\"@type\":\"SearchAction\",\"target\":{\"@type\":\"EntryPoint\",\"urlTemplate\":\"https:\/\/lhs.sandbox.techblendhq.com\/?s={search_term_string}\"},\"query-input\":{\"@type\":\"PropertyValueSpecification\",\"valueRequired\":true,\"valueName\":\"search_term_string\"}}],\"inLanguage\":\"pt-BR\"},{\"@type\":\"Organization\",\"@id\":\"https:\/\/lhs.sandbox.techblendhq.com\/#organization\",\"name\":\"Lucia\u00b4s Hairshop\",\"url\":\"https:\/\/lhs.sandbox.techblendhq.com\/\",\"logo\":{\"@type\":\"ImageObject\",\"inLanguage\":\"pt-BR\",\"@id\":\"https:\/\/lhs.sandbox.techblendhq.com\/#\/schema\/logo\/image\/\",\"url\":\"https:\/\/lhs.sandbox.techblendhq.com\/wp-content\/uploads\/2022\/09\/logo-lucias-hairshop.png\",\"contentUrl\":\"https:\/\/lhs.sandbox.techblendhq.com\/wp-content\/uploads\/2022\/09\/logo-lucias-hairshop.png\",\"width\":396,\"height\":125,\"caption\":\"Lucia\u00b4s Hairshop\"},\"image\":{\"@id\":\"https:\/\/lhs.sandbox.techblendhq.com\/#\/schema\/logo\/image\/\"}}]}<\/script>\n<!-- \/ Yoast SEO plugin. -->","yoast_head_json":{"title":"M\u00e1scara LS P\u00f3s-Queratina - Lucia's Hairshop","description":"M\u00e1scara p\u00f3s-queratina LS","robots":{"index":"index","follow":"follow","max-snippet":"max-snippet:-1","max-image-preview":"max-image-preview:large","max-video-preview":"max-video-preview:-1"},"canonical":"https:\/\/lhs.sandbox.techblendhq.com\/pt\/produto\/mascara-de-queratina-ls-post\/","og_locale":"pt_BR","og_type":"article","og_title":"LS Post-Keratin Maske - Lucia\u00b4s Hairshop","og_description":"LS Post-Keratin Maske","og_url":"https:\/\/lhs.sandbox.techblendhq.com\/pt\/produto\/mascara-de-queratina-ls-post\/","og_site_name":"Lucia\u00b4s Hairshop","article_modified_time":"2025-10-20T14:14:45+00:00","og_image":[{"width":1707,"height":2560,"url":"https:\/\/lhs.sandbox.techblendhq.com\/wp-content\/uploads\/2023\/12\/DSC_8696-scaled.jpg","type":"image\/jpeg"}],"twitter_card":"summary_large_image","twitter_misc":{"Est. tempo de leitura":"1 minuto"},"schema":{"@context":"https:\/\/schema.org","@graph":[{"@type":"WebPage","@id":"https:\/\/lhs.sandbox.techblendhq.com\/produkt\/ls-post-keratin-maske\/","url":"https:\/\/lhs.sandbox.techblendhq.com\/produkt\/ls-post-keratin-maske\/","name":"M\u00e1scara LS P\u00f3s-Queratina - Lucia's Hairshop","isPartOf":{"@id":"https:\/\/lhs.sandbox.techblendhq.com\/#website"},"primaryImageOfPage":{"@id":"https:\/\/lhs.sandbox.techblendhq.com\/produkt\/ls-post-keratin-maske\/#primaryimage"},"image":{"@id":"https:\/\/lhs.sandbox.techblendhq.com\/produkt\/ls-post-keratin-maske\/#primaryimage"},"thumbnailUrl":"https:\/\/lhs.sandbox.techblendhq.com\/wp-content\/uploads\/2023\/12\/DSC_8696-scaled.jpg","datePublished":"2023-12-01T22:21:02+00:00","dateModified":"2025-10-20T14:14:45+00:00","description":"M\u00e1scara p\u00f3s-queratina LS","breadcrumb":{"@id":"https:\/\/lhs.sandbox.techblendhq.com\/produkt\/ls-post-keratin-maske\/#breadcrumb"},"inLanguage":"pt-BR","potentialAction":[{"@type":"ReadAction","target":["https:\/\/lhs.sandbox.techblendhq.com\/produkt\/ls-post-keratin-maske\/"]}]},{"@type":"ImageObject","inLanguage":"pt-BR","@id":"https:\/\/lhs.sandbox.techblendhq.com\/produkt\/ls-post-keratin-maske\/#primaryimage","url":"https:\/\/lhs.sandbox.techblendhq.com\/wp-content\/uploads\/2023\/12\/DSC_8696-scaled.jpg","contentUrl":"https:\/\/lhs.sandbox.techblendhq.com\/wp-content\/uploads\/2023\/12\/DSC_8696-scaled.jpg","width":1707,"height":2560},{"@type":"BreadcrumbList","@id":"https:\/\/lhs.sandbox.techblendhq.com\/produkt\/ls-post-keratin-maske\/#breadcrumb","itemListElement":[{"@type":"ListItem","position":1,"name":"Shop","item":"https:\/\/lhs.sandbox.techblendhq.com\/"},{"@type":"ListItem","position":2,"name":"Marken","item":"https:\/\/lhs.sandbox.techblendhq.com\/produkt-kategorie\/marke\/"},{"@type":"ListItem","position":3,"name":"LS Professional Keratin","item":"https:\/\/lhs.sandbox.techblendhq.com\/produkt-kategorie\/marke\/ls-professional\/"},{"@type":"ListItem","position":4,"name":"LS Post-Keratin Maske"}]},{"@type":"WebSite","@id":"https:\/\/lhs.sandbox.techblendhq.com\/#website","url":"https:\/\/lhs.sandbox.techblendhq.com\/","name":"cabeleireiro da L\u00facia","description":"produtos profissionais","publisher":{"@id":"https:\/\/lhs.sandbox.techblendhq.com\/#organization"},"potentialAction":[{"@type":"SearchAction","target":{"@type":"EntryPoint","urlTemplate":"https:\/\/lhs.sandbox.techblendhq.com\/?s={search_term_string}"},"query-input":{"@type":"PropertyValueSpecification","valueRequired":true,"valueName":"search_term_string"}}],"inLanguage":"pt-BR"},{"@type":"Organization","@id":"https:\/\/lhs.sandbox.techblendhq.com\/#organization","name":"cabeleireiro da L\u00facia","url":"https:\/\/lhs.sandbox.techblendhq.com\/","logo":{"@type":"ImageObject","inLanguage":"pt-BR","@id":"https:\/\/lhs.sandbox.techblendhq.com\/#\/schema\/logo\/image\/","url":"https:\/\/lhs.sandbox.techblendhq.com\/wp-content\/uploads\/2022\/09\/logo-lucias-hairshop.png","contentUrl":"https:\/\/lhs.sandbox.techblendhq.com\/wp-content\/uploads\/2022\/09\/logo-lucias-hairshop.png","width":396,"height":125,"caption":"Lucia\u00b4s Hairshop"},"image":{"@id":"https:\/\/lhs.sandbox.techblendhq.com\/#\/schema\/logo\/image\/"}}]}},"_links":{"self":[{"href":"https:\/\/lhs.sandbox.techblendhq.com\/pt\/wp-json\/wp\/v2\/product\/12220","targetHints":{"allow":["GET"]}}],"collection":[{"href":"https:\/\/lhs.sandbox.techblendhq.com\/pt\/wp-json\/wp\/v2\/product"}],"about":[{"href":"https:\/\/lhs.sandbox.techblendhq.com\/pt\/wp-json\/wp\/v2\/types\/product"}],"replies":[{"embeddable":true,"href":"https:\/\/lhs.sandbox.techblendhq.com\/pt\/wp-json\/wp\/v2\/comments?post=12220"}],"version-history":[{"count":1,"href":"https:\/\/lhs.sandbox.techblendhq.com\/pt\/wp-json\/wp\/v2\/product\/12220\/revisions"}],"predecessor-version":[{"id":12222,"href":"https:\/\/lhs.sandbox.techblendhq.com\/pt\/wp-json\/wp\/v2\/product\/12220\/revisions\/12222"}],"wp:featuredmedia":[{"embeddable":true,"href":"https:\/\/lhs.sandbox.techblendhq.com\/pt\/wp-json\/wp\/v2\/media\/12495"}],"wp:attachment":[{"href":"https:\/\/lhs.sandbox.techblendhq.com\/pt\/wp-json\/wp\/v2\/media?parent=12220"}],"wp:term":[{"taxonomy":"product_brand","embeddable":true,"href":"https:\/\/lhs.sandbox.techblendhq.com\/pt\/wp-json\/wp\/v2\/product_brand?post=12220"},{"taxonomy":"product_cat","embeddable":true,"href":"https:\/\/lhs.sandbox.techblendhq.com\/pt\/wp-json\/wp\/v2\/product_cat?post=12220"},{"taxonomy":"product_tag","embeddable":true,"href":"https:\/\/lhs.sandbox.techblendhq.com\/pt\/wp-json\/wp\/v2\/product_tag?post=12220"}],"curies":[{"name":"wp","href":"https:\/\/api.w.org\/{rel}","templated":true}]}}