{"id":12227,"date":"2023-12-01T23:30:37","date_gmt":"2023-12-01T22:30:37","guid":{"rendered":"http:\/\/wordpress.p631247.webspaceconfig.de\/?post_type=product&#038;p=12227"},"modified":"2026-03-25T09:06:52","modified_gmt":"2026-03-25T08:06:52","slug":"ls-sos-maske","status":"publish","type":"product","link":"https:\/\/lhs.sandbox.techblendhq.com\/pt\/produto\/ls-sos-mask\/","title":{"rendered":"M\u00e1scara LS SOS"},"content":{"rendered":"<div class=\"product\">\n<div class=\"formbody\">\n<div class=\"descriptionbox\">\n<div class=\"description\">\n<p>A M\u00e1scara Reconstrutora SOS normaliza o valor do pH do cabelo enquanto o hidrata e protege.<br \/>\nfortalece. Ele penetra profundamente na fibra capilar, realinha-a e sela-a para reter a umidade em todo o cabelo.<br \/>\nRestaura o cabelo. Enriquecido com prote\u00ednas, \u00f3leo de argan, queratina, extrato de ch\u00e1 verde, prote\u00edna da seda e<br \/>\nAmino\u00e1cidos. Valor de pH = 2,5 - 3,5<\/p>\n<p>APLICA\u00c7\u00c3O: Aplique a m\u00e1scara SOS nos cabelos. Deixe-a agir por 10 minutos e enx\u00e1gue<br \/>\nEnx\u00e1gue-o. Seque e escove o cabelo. Primeiro m\u00eas: use uma vez por semana. Segundo m\u00eas:<br \/>\nduas vezes por m\u00eas. Terceiro m\u00eas: uma vez por m\u00eas. Armazene o produto em um local fresco e seco.<br \/>\nEm caso de contato com os olhos, enx\u00e1gue abundantemente com \u00e1gua. Somente para uso profissional. Armazene-o<br \/>\nentre 20\u00b0C e 25\u00b0C. Manter fora do alcance de crian\u00e7as. Somente para uso externo<br \/>\nAplicativo.<\/p>\n<p>INGREDIENTES: Aqua (\u00e1gua), \u00e1lcool cetear\u00edlico, cloreto de Behentrimonium, glicerina, parafina, gliceril<br \/>\nEstearato, Manteiga de Butyrospermum Parkii, Copernicia Cerifera Cera, Quaternium-70, Propileno Glicol, Parfum<br \/>\n(Fragr\u00e2ncia), estearato de PEG-100, fenoxietanol, distearato de PEG-8, PEG-90 M, distearato de glicol, glicol<br \/>\nMontanato, \u00e1cido c\u00edtrico, hidroxidrocinamato de pentaeritrila tetra-di-t-butila, prote\u00edna de arroz hidrolisada,<br \/>\nQueratina hidrolisada, Polyquaternium 10, \u00f3leo de semente de Argania Spinosa (Argan), \u00f3leo de semente de Macadamia Ternifolia,<br \/>\nResina de Shorea Robusta, Laureth-4, Extrato de Kappaphycus Alvarezii, Prote\u00edna de Soja Hidrolisada, Laurato de Glicerila,<br \/>\nSeda hidrolisada, extrato de Laminaria Saccharina, glicina, cloreto de s\u00f3dio,<\/p>\n<\/div>\n<\/div>\n<\/div>\n<\/div>\n<p>&nbsp;<\/p>","protected":false},"excerpt":{"rendered":"<p>Die SOS Rekonstruktionsmaske normalisiert den pH-Wert des Haares, w\u00e4hrend sie es hydratisiert und st\u00e4rkt. Sie dringt tief in die Haarfaser ein, richtet sie neu aus und versiegelt sie, um Feuchtigkeit im gesamten Haar wiederherzustellen. Angereichert mit Proteinen, Argan\u00f6l, Keratin, Gr\u00fcntee-Extrakt, Seidenprotein und Aminos\u00e4uren. pH-Wert = 2,5 &#8211; 3,5 ANWENDUNG: Tragen Sie die SOS-Maske auf das [&hellip;]<\/p>","protected":false},"featured_media":12331,"comment_status":"open","ping_status":"closed","template":"","meta":[],"product_brand":[],"product_cat":[807,937,785,641,683],"product_tag":[],"class_list":{"0":"post-12227","1":"product","2":"type-product","3":"status-publish","4":"has-post-thumbnail","6":"product_cat-haarmaske-und-conditioner","7":"product_cat-haarmaske-und-conditioner-hairshop-brasil","8":"product_cat-ls-professional","9":"product_cat-haarpflege","10":"product_cat-conditioner","12":"first","13":"instock","14":"taxable","15":"shipping-taxable","16":"purchasable","17":"product-type-simple"},"yoast_head":"<!-- This site is optimized with the Yoast SEO plugin v26.8 - https:\/\/yoast.com\/product\/yoast-seo-wordpress\/ -->\n<title>LS SOS Maske - Lucia\u00b4s Hairshop<\/title>\n<meta name=\"description\" content=\"LS SOS Maske\" \/>\n<meta name=\"robots\" content=\"index, follow, max-snippet:-1, max-image-preview:large, max-video-preview:-1\" \/>\n<link rel=\"canonical\" href=\"https:\/\/lhs.sandbox.techblendhq.com\/pt\/produto\/ls-sos-mask\/\" \/>\n<meta property=\"og:locale\" content=\"pt_BR\" \/>\n<meta property=\"og:type\" content=\"article\" \/>\n<meta property=\"og:title\" content=\"LS SOS Maske - Lucia\u00b4s Hairshop\" \/>\n<meta property=\"og:description\" content=\"LS SOS Maske\" \/>\n<meta property=\"og:url\" content=\"https:\/\/lhs.sandbox.techblendhq.com\/pt\/produto\/ls-sos-mask\/\" \/>\n<meta property=\"og:site_name\" content=\"Lucia\u00b4s Hairshop\" \/>\n<meta property=\"article:modified_time\" content=\"2026-03-25T08:06:52+00:00\" \/>\n<meta property=\"og:image\" content=\"https:\/\/lhs.sandbox.techblendhq.com\/wp-content\/uploads\/2023\/12\/MASCARA-SOS.png.webp\" \/>\n\t<meta property=\"og:image:width\" content=\"622\" \/>\n\t<meta property=\"og:image:height\" content=\"950\" \/>\n\t<meta property=\"og:image:type\" content=\"image\/webp\" \/>\n<meta name=\"twitter:card\" content=\"summary_large_image\" \/>\n<meta name=\"twitter:label1\" content=\"Est. tempo de leitura\" \/>\n\t<meta name=\"twitter:data1\" content=\"1 minuto\" \/>\n<script type=\"application\/ld+json\" class=\"yoast-schema-graph\">{\"@context\":\"https:\/\/schema.org\",\"@graph\":[{\"@type\":\"WebPage\",\"@id\":\"https:\/\/lhs.sandbox.techblendhq.com\/produkt\/ls-sos-maske\/\",\"url\":\"https:\/\/lhs.sandbox.techblendhq.com\/produkt\/ls-sos-maske\/\",\"name\":\"LS SOS Maske - Lucia\u00b4s Hairshop\",\"isPartOf\":{\"@id\":\"https:\/\/lhs.sandbox.techblendhq.com\/#website\"},\"primaryImageOfPage\":{\"@id\":\"https:\/\/lhs.sandbox.techblendhq.com\/produkt\/ls-sos-maske\/#primaryimage\"},\"image\":{\"@id\":\"https:\/\/lhs.sandbox.techblendhq.com\/produkt\/ls-sos-maske\/#primaryimage\"},\"thumbnailUrl\":\"https:\/\/lhs.sandbox.techblendhq.com\/wp-content\/uploads\/2023\/12\/MASCARA-SOS.png.webp\",\"datePublished\":\"2023-12-01T22:30:37+00:00\",\"dateModified\":\"2026-03-25T08:06:52+00:00\",\"description\":\"LS SOS Maske\",\"breadcrumb\":{\"@id\":\"https:\/\/lhs.sandbox.techblendhq.com\/produkt\/ls-sos-maske\/#breadcrumb\"},\"inLanguage\":\"pt-BR\",\"potentialAction\":[{\"@type\":\"ReadAction\",\"target\":[\"https:\/\/lhs.sandbox.techblendhq.com\/produkt\/ls-sos-maske\/\"]}]},{\"@type\":\"ImageObject\",\"inLanguage\":\"pt-BR\",\"@id\":\"https:\/\/lhs.sandbox.techblendhq.com\/produkt\/ls-sos-maske\/#primaryimage\",\"url\":\"https:\/\/lhs.sandbox.techblendhq.com\/wp-content\/uploads\/2023\/12\/MASCARA-SOS.png.webp\",\"contentUrl\":\"https:\/\/lhs.sandbox.techblendhq.com\/wp-content\/uploads\/2023\/12\/MASCARA-SOS.png.webp\",\"width\":622,\"height\":950},{\"@type\":\"BreadcrumbList\",\"@id\":\"https:\/\/lhs.sandbox.techblendhq.com\/produkt\/ls-sos-maske\/#breadcrumb\",\"itemListElement\":[{\"@type\":\"ListItem\",\"position\":1,\"name\":\"Shop\",\"item\":\"https:\/\/lhs.sandbox.techblendhq.com\/\"},{\"@type\":\"ListItem\",\"position\":2,\"name\":\"Marken\",\"item\":\"https:\/\/lhs.sandbox.techblendhq.com\/produkt-kategorie\/marke\/\"},{\"@type\":\"ListItem\",\"position\":3,\"name\":\"LS Professional Keratin\",\"item\":\"https:\/\/lhs.sandbox.techblendhq.com\/produkt-kategorie\/marke\/ls-professional\/\"},{\"@type\":\"ListItem\",\"position\":4,\"name\":\"LS SOS Maske\"}]},{\"@type\":\"WebSite\",\"@id\":\"https:\/\/lhs.sandbox.techblendhq.com\/#website\",\"url\":\"https:\/\/lhs.sandbox.techblendhq.com\/\",\"name\":\"Lucia\u00b4s Hairshop\",\"description\":\"professional products\",\"publisher\":{\"@id\":\"https:\/\/lhs.sandbox.techblendhq.com\/#organization\"},\"potentialAction\":[{\"@type\":\"SearchAction\",\"target\":{\"@type\":\"EntryPoint\",\"urlTemplate\":\"https:\/\/lhs.sandbox.techblendhq.com\/?s={search_term_string}\"},\"query-input\":{\"@type\":\"PropertyValueSpecification\",\"valueRequired\":true,\"valueName\":\"search_term_string\"}}],\"inLanguage\":\"pt-BR\"},{\"@type\":\"Organization\",\"@id\":\"https:\/\/lhs.sandbox.techblendhq.com\/#organization\",\"name\":\"Lucia\u00b4s Hairshop\",\"url\":\"https:\/\/lhs.sandbox.techblendhq.com\/\",\"logo\":{\"@type\":\"ImageObject\",\"inLanguage\":\"pt-BR\",\"@id\":\"https:\/\/lhs.sandbox.techblendhq.com\/#\/schema\/logo\/image\/\",\"url\":\"https:\/\/lhs.sandbox.techblendhq.com\/wp-content\/uploads\/2022\/09\/logo-lucias-hairshop.png\",\"contentUrl\":\"https:\/\/lhs.sandbox.techblendhq.com\/wp-content\/uploads\/2022\/09\/logo-lucias-hairshop.png\",\"width\":396,\"height\":125,\"caption\":\"Lucia\u00b4s Hairshop\"},\"image\":{\"@id\":\"https:\/\/lhs.sandbox.techblendhq.com\/#\/schema\/logo\/image\/\"}}]}<\/script>\n<!-- \/ Yoast SEO plugin. -->","yoast_head_json":{"title":"M\u00e1scara LS SOS - Lucia's Hairshop","description":"M\u00e1scara LS SOS","robots":{"index":"index","follow":"follow","max-snippet":"max-snippet:-1","max-image-preview":"max-image-preview:large","max-video-preview":"max-video-preview:-1"},"canonical":"https:\/\/lhs.sandbox.techblendhq.com\/pt\/produto\/ls-sos-mask\/","og_locale":"pt_BR","og_type":"article","og_title":"LS SOS Maske - Lucia\u00b4s Hairshop","og_description":"LS SOS Maske","og_url":"https:\/\/lhs.sandbox.techblendhq.com\/pt\/produto\/ls-sos-mask\/","og_site_name":"Lucia\u00b4s Hairshop","article_modified_time":"2026-03-25T08:06:52+00:00","og_image":[{"width":622,"height":950,"url":"https:\/\/lhs.sandbox.techblendhq.com\/wp-content\/uploads\/2023\/12\/MASCARA-SOS.png.webp","type":"image\/webp"}],"twitter_card":"summary_large_image","twitter_misc":{"Est. tempo de leitura":"1 minuto"},"schema":{"@context":"https:\/\/schema.org","@graph":[{"@type":"WebPage","@id":"https:\/\/lhs.sandbox.techblendhq.com\/produkt\/ls-sos-maske\/","url":"https:\/\/lhs.sandbox.techblendhq.com\/produkt\/ls-sos-maske\/","name":"M\u00e1scara LS SOS - Lucia's Hairshop","isPartOf":{"@id":"https:\/\/lhs.sandbox.techblendhq.com\/#website"},"primaryImageOfPage":{"@id":"https:\/\/lhs.sandbox.techblendhq.com\/produkt\/ls-sos-maske\/#primaryimage"},"image":{"@id":"https:\/\/lhs.sandbox.techblendhq.com\/produkt\/ls-sos-maske\/#primaryimage"},"thumbnailUrl":"https:\/\/lhs.sandbox.techblendhq.com\/wp-content\/uploads\/2023\/12\/MASCARA-SOS.png.webp","datePublished":"2023-12-01T22:30:37+00:00","dateModified":"2026-03-25T08:06:52+00:00","description":"M\u00e1scara LS SOS","breadcrumb":{"@id":"https:\/\/lhs.sandbox.techblendhq.com\/produkt\/ls-sos-maske\/#breadcrumb"},"inLanguage":"pt-BR","potentialAction":[{"@type":"ReadAction","target":["https:\/\/lhs.sandbox.techblendhq.com\/produkt\/ls-sos-maske\/"]}]},{"@type":"ImageObject","inLanguage":"pt-BR","@id":"https:\/\/lhs.sandbox.techblendhq.com\/produkt\/ls-sos-maske\/#primaryimage","url":"https:\/\/lhs.sandbox.techblendhq.com\/wp-content\/uploads\/2023\/12\/MASCARA-SOS.png.webp","contentUrl":"https:\/\/lhs.sandbox.techblendhq.com\/wp-content\/uploads\/2023\/12\/MASCARA-SOS.png.webp","width":622,"height":950},{"@type":"BreadcrumbList","@id":"https:\/\/lhs.sandbox.techblendhq.com\/produkt\/ls-sos-maske\/#breadcrumb","itemListElement":[{"@type":"ListItem","position":1,"name":"Shop","item":"https:\/\/lhs.sandbox.techblendhq.com\/"},{"@type":"ListItem","position":2,"name":"Marken","item":"https:\/\/lhs.sandbox.techblendhq.com\/produkt-kategorie\/marke\/"},{"@type":"ListItem","position":3,"name":"LS Professional Keratin","item":"https:\/\/lhs.sandbox.techblendhq.com\/produkt-kategorie\/marke\/ls-professional\/"},{"@type":"ListItem","position":4,"name":"LS SOS Maske"}]},{"@type":"WebSite","@id":"https:\/\/lhs.sandbox.techblendhq.com\/#website","url":"https:\/\/lhs.sandbox.techblendhq.com\/","name":"cabeleireiro da L\u00facia","description":"produtos profissionais","publisher":{"@id":"https:\/\/lhs.sandbox.techblendhq.com\/#organization"},"potentialAction":[{"@type":"SearchAction","target":{"@type":"EntryPoint","urlTemplate":"https:\/\/lhs.sandbox.techblendhq.com\/?s={search_term_string}"},"query-input":{"@type":"PropertyValueSpecification","valueRequired":true,"valueName":"search_term_string"}}],"inLanguage":"pt-BR"},{"@type":"Organization","@id":"https:\/\/lhs.sandbox.techblendhq.com\/#organization","name":"cabeleireiro da L\u00facia","url":"https:\/\/lhs.sandbox.techblendhq.com\/","logo":{"@type":"ImageObject","inLanguage":"pt-BR","@id":"https:\/\/lhs.sandbox.techblendhq.com\/#\/schema\/logo\/image\/","url":"https:\/\/lhs.sandbox.techblendhq.com\/wp-content\/uploads\/2022\/09\/logo-lucias-hairshop.png","contentUrl":"https:\/\/lhs.sandbox.techblendhq.com\/wp-content\/uploads\/2022\/09\/logo-lucias-hairshop.png","width":396,"height":125,"caption":"Lucia\u00b4s Hairshop"},"image":{"@id":"https:\/\/lhs.sandbox.techblendhq.com\/#\/schema\/logo\/image\/"}}]}},"_links":{"self":[{"href":"https:\/\/lhs.sandbox.techblendhq.com\/pt\/wp-json\/wp\/v2\/product\/12227","targetHints":{"allow":["GET"]}}],"collection":[{"href":"https:\/\/lhs.sandbox.techblendhq.com\/pt\/wp-json\/wp\/v2\/product"}],"about":[{"href":"https:\/\/lhs.sandbox.techblendhq.com\/pt\/wp-json\/wp\/v2\/types\/product"}],"replies":[{"embeddable":true,"href":"https:\/\/lhs.sandbox.techblendhq.com\/pt\/wp-json\/wp\/v2\/comments?post=12227"}],"version-history":[{"count":1,"href":"https:\/\/lhs.sandbox.techblendhq.com\/pt\/wp-json\/wp\/v2\/product\/12227\/revisions"}],"predecessor-version":[{"id":12229,"href":"https:\/\/lhs.sandbox.techblendhq.com\/pt\/wp-json\/wp\/v2\/product\/12227\/revisions\/12229"}],"wp:featuredmedia":[{"embeddable":true,"href":"https:\/\/lhs.sandbox.techblendhq.com\/pt\/wp-json\/wp\/v2\/media\/12331"}],"wp:attachment":[{"href":"https:\/\/lhs.sandbox.techblendhq.com\/pt\/wp-json\/wp\/v2\/media?parent=12227"}],"wp:term":[{"taxonomy":"product_brand","embeddable":true,"href":"https:\/\/lhs.sandbox.techblendhq.com\/pt\/wp-json\/wp\/v2\/product_brand?post=12227"},{"taxonomy":"product_cat","embeddable":true,"href":"https:\/\/lhs.sandbox.techblendhq.com\/pt\/wp-json\/wp\/v2\/product_cat?post=12227"},{"taxonomy":"product_tag","embeddable":true,"href":"https:\/\/lhs.sandbox.techblendhq.com\/pt\/wp-json\/wp\/v2\/product_tag?post=12227"}],"curies":[{"name":"wp","href":"https:\/\/api.w.org\/{rel}","templated":true}]}}